{"id":31,"date":"2020-01-24T12:29:55","date_gmt":"2020-01-24T11:29:55","guid":{"rendered":"https:\/\/finansomania.edu.pl\/I-edycja\/?page_id=31"},"modified":"2021-12-31T19:42:17","modified_gmt":"2021-12-31T18:42:17","slug":"harmonogram","status":"publish","type":"page","link":"https:\/\/finansomania.edu.pl\/I-edycja\/harmonogram\/","title":{"rendered":"Harmonogram"},"content":{"rendered":"\t\t<div data-elementor-type=\"wp-page\" data-elementor-id=\"31\" class=\"elementor elementor-31\" data-elementor-settings=\"[]\">\n\t\t\t\t\t\t<div class=\"elementor-inner\">\n\t\t\t\t\t\t\t<div class=\"elementor-section-wrap\">\n\t\t\t\t\t\t\t<section class=\"elementor-section elementor-top-section elementor-element elementor-element-1c788a6 elementor-section-boxed elementor-section-height-default elementor-section-height-default\" data-id=\"1c788a6\" data-element_type=\"section\">\n\t\t\t\t\t\t<div class=\"elementor-container elementor-column-gap-default\">\n\t\t\t\t\t\t\t<div class=\"elementor-row\">\n\t\t\t\t\t<div class=\"elementor-column elementor-col-100 elementor-top-column elementor-element elementor-element-3a15d20\" data-id=\"3a15d20\" data-element_type=\"column\">\n\t\t\t<div class=\"elementor-column-wrap elementor-element-populated\">\n\t\t\t\t\t\t\t<div class=\"elementor-widget-wrap\">\n\t\t\t\t\t\t<div class=\"elementor-element elementor-element-2c90401 elementor-widget elementor-widget-heading\" data-id=\"2c90401\" data-element_type=\"widget\" data-widget_type=\"heading.default\">\n\t\t\t\t<div class=\"elementor-widget-container\">\n\t\t\t<h2 class=\"elementor-heading-title elementor-size-default\">Harmonogram<\/h2>\t\t<\/div>\n\t\t\t\t<\/div>\n\t\t\t\t\t\t<\/div>\n\t\t\t\t\t<\/div>\n\t\t<\/div>\n\t\t\t\t\t\t\t\t<\/div>\n\t\t\t\t\t<\/div>\n\t\t<\/section>\n\t\t\t\t<section class=\"elementor-section elementor-top-section elementor-element elementor-element-7df00cd elementor-section-boxed elementor-section-height-default elementor-section-height-default\" data-id=\"7df00cd\" data-element_type=\"section\">\n\t\t\t\t\t\t<div class=\"elementor-container elementor-column-gap-default\">\n\t\t\t\t\t\t\t<div class=\"elementor-row\">\n\t\t\t\t\t<div class=\"elementor-column elementor-col-100 elementor-top-column elementor-element elementor-element-46b7a02\" data-id=\"46b7a02\" data-element_type=\"column\">\n\t\t\t<div class=\"elementor-column-wrap elementor-element-populated\">\n\t\t\t\t\t\t\t<div class=\"elementor-widget-wrap\">\n\t\t\t\t\t\t<div class=\"elementor-element elementor-element-183c064 elementor-widget elementor-widget-text-editor\" data-id=\"183c064\" data-element_type=\"widget\" data-widget_type=\"text-editor.default\">\n\t\t\t\t<div class=\"elementor-widget-container\">\n\t\t\t\t\t\t\t\t<div class=\"elementor-text-editor elementor-clearfix\">\n\t\t\t\t<table width=\"100%\">\n<tbody>\n<tr>\n<td>\n<div align=\"center\"><b>Etap<\/b><\/div>\n<div align=\"center\"><b>&nbsp;<\/b><\/div>\n<\/td>\n<td valign=\"top\">\n<div align=\"center\"><b>Termin<\/b><\/div>\n<\/td>\n<\/tr>\n<tr>\n<td valign=\"top\">\n<div align=\"center\">Przyjmowanie zg\u0142osze\u0144<\/div>\n<div align=\"center\">&nbsp;<\/div>\n<\/td>\n<td valign=\"top\">\n<div align=\"center\">01.10.2021 do 31.10.2021<\/div>\n<\/td>\n<\/tr>\n<tr>\n<td valign=\"top\">\n<div align=\"center\">I etap (szkolny)<\/div>\n<div align=\"center\">&nbsp;<\/div>\n<\/td>\n<td valign=\"top\">\n<div align=\"center\">10.12.2021 (od 9:00 do 15:00)<\/div>\n<\/td>\n<\/tr>\n<tr>\n<td valign=\"top\">\n<div align=\"center\">Og\u0142oszenie wynik\u00f3w I etapu<\/div>\n<div align=\"center\">&nbsp;<\/div>\n<\/td>\n<td valign=\"top\">\n<div align=\"center\">do 31.12.2021 roku<\/div>\n<\/td>\n<\/tr>\n<tr>\n<td valign=\"top\">\n<div align=\"center\">II etap (okr\u0119gowy)<\/div>\n<div align=\"center\">&nbsp;<\/div>\n<\/td>\n<td valign=\"top\">\n<div align=\"center\">14.01.2022 (od godz. 9:00)<\/div>\n<\/td>\n<\/tr>\n<tr>\n<td valign=\"top\">\n<div align=\"center\">Og\u0142oszenie wynik\u00f3w II etapu<\/div>\n<div align=\"center\">&nbsp;<\/div>\n<\/td>\n<td valign=\"top\">\n<div align=\"center\">do 15.02.2022<\/div>\n<\/td>\n<\/tr>\n<tr>\n<td valign=\"top\">\n<div align=\"center\">III etap (centralny)*<\/div>\n<div align=\"center\">&nbsp;<\/div>\n<\/td>\n<td valign=\"top\">\n<div align=\"center\">08.04.2022<\/div>\n<\/td>\n<\/tr>\n<tr>\n<td valign=\"top\">\n<div align=\"center\">Og\u0142oszenie wynik\u00f3w III etapu<\/div>\n<div align=\"center\">&nbsp;<\/div>\n<\/td>\n<td valign=\"top\">\n<div align=\"center\">08.04.2022<\/div>\n<\/td>\n<\/tr>\n<tr>\n<td valign=\"top\">\n<div align=\"center\">Gala Fina\u0142owa<\/div>\n<div align=\"center\">&nbsp;<\/div>\n<\/td>\n<td valign=\"top\">\n<div align=\"center\">08.04.2022<\/div>\n<\/td>\n<\/tr>\n<\/tbody>\n<\/table>\t\t\t\t\t<\/div>\n\t\t\t\t\t\t<\/div>\n\t\t\t\t<\/div>\n\t\t\t\t<div class=\"elementor-element elementor-element-51f0e84 elementor-widget elementor-widget-text-editor\" data-id=\"51f0e84\" data-element_type=\"widget\" data-widget_type=\"text-editor.default\">\n\t\t\t\t<div class=\"elementor-widget-container\">\n\t\t\t\t\t\t\t\t<div class=\"elementor-text-editor elementor-clearfix\">\n\t\t\t\t<span style=\"font-size: 12px;\">*etap centralny: odbywa si\u0119 w siedzibie Organizatora, tj. w Uniwersytecie Ekonomicznym w Poznaniu.<\/span>\t\t\t\t\t<\/div>\n\t\t\t\t\t\t<\/div>\n\t\t\t\t<\/div>\n\t\t\t\t\t\t<\/div>\n\t\t\t\t\t<\/div>\n\t\t<\/div>\n\t\t\t\t\t\t\t\t<\/div>\n\t\t\t\t\t<\/div>\n\t\t<\/section>\n\t\t\t\t\t\t<\/div>\n\t\t\t\t\t\t<\/div>\n\t\t\t\t\t<\/div>\n\t\t","protected":false},"excerpt":{"rendered":"<p>Harmonogram Etap &nbsp; Termin Przyjmowanie zg\u0142osze\u0144 &nbsp; 01.10.2021 do 31.10.2021 I etap (szkolny) &nbsp; 10.12.2021 (od 9:00 do 15:00) Og\u0142oszenie wynik\u00f3w I etapu &nbsp; do 31.12.2021 roku II etap (okr\u0119gowy) &nbsp; 14.01.2022 (od godz. 9:00) Og\u0142oszenie wynik\u00f3w II etapu &nbsp; do 15.02.2022 III etap (centralny)* &nbsp; 08.04.2022 Og\u0142oszenie wynik\u00f3w III etapu &nbsp; 08.04.2022 Gala Fina\u0142owa &#8230; <a title=\"Harmonogram\" class=\"read-more\" href=\"https:\/\/finansomania.edu.pl\/I-edycja\/harmonogram\/\">Czytaj dalej <span class=\"screen-reader-text\">Harmonogram<\/span><\/a><\/p>\n","protected":false},"author":1,"featured_media":0,"parent":0,"menu_order":0,"comment_status":"closed","ping_status":"closed","template":"","meta":[],"_links":{"self":[{"href":"https:\/\/finansomania.edu.pl\/I-edycja\/wp-json\/wp\/v2\/pages\/31"}],"collection":[{"href":"https:\/\/finansomania.edu.pl\/I-edycja\/wp-json\/wp\/v2\/pages"}],"about":[{"href":"https:\/\/finansomania.edu.pl\/I-edycja\/wp-json\/wp\/v2\/types\/page"}],"author":[{"embeddable":true,"href":"https:\/\/finansomania.edu.pl\/I-edycja\/wp-json\/wp\/v2\/users\/1"}],"replies":[{"embeddable":true,"href":"https:\/\/finansomania.edu.pl\/I-edycja\/wp-json\/wp\/v2\/comments?post=31"}],"version-history":[{"count":10,"href":"https:\/\/finansomania.edu.pl\/I-edycja\/wp-json\/wp\/v2\/pages\/31\/revisions"}],"predecessor-version":[{"id":809,"href":"https:\/\/finansomania.edu.pl\/I-edycja\/wp-json\/wp\/v2\/pages\/31\/revisions\/809"}],"wp:attachment":[{"href":"https:\/\/finansomania.edu.pl\/I-edycja\/wp-json\/wp\/v2\/media?parent=31"}],"curies":[{"name":"wp","href":"https:\/\/api.w.org\/{rel}","templated":true}]}}