{"id":387,"date":"2021-05-06T21:13:58","date_gmt":"2021-05-06T19:13:58","guid":{"rendered":"https:\/\/finansomania.edu.pl\/I-edycja\/?page_id=387"},"modified":"2021-12-31T16:33:21","modified_gmt":"2021-12-31T15:33:21","slug":"prezydium","status":"publish","type":"page","link":"https:\/\/finansomania.edu.pl\/I-edycja\/prezydium\/","title":{"rendered":"Prezydium"},"content":{"rendered":"\t\t<div data-elementor-type=\"wp-page\" data-elementor-id=\"387\" class=\"elementor elementor-387\" data-elementor-settings=\"[]\">\n\t\t\t\t\t\t<div class=\"elementor-inner\">\n\t\t\t\t\t\t\t<div class=\"elementor-section-wrap\">\n\t\t\t\t\t\t\t<section class=\"elementor-section elementor-top-section elementor-element elementor-element-66f3319 elementor-section-boxed elementor-section-height-default elementor-section-height-default\" data-id=\"66f3319\" data-element_type=\"section\">\n\t\t\t\t\t\t<div class=\"elementor-container elementor-column-gap-default\">\n\t\t\t\t\t\t\t<div class=\"elementor-row\">\n\t\t\t\t\t<div class=\"elementor-column elementor-col-100 elementor-top-column elementor-element elementor-element-877adde\" data-id=\"877adde\" data-element_type=\"column\">\n\t\t\t<div class=\"elementor-column-wrap elementor-element-populated\">\n\t\t\t\t\t\t\t<div class=\"elementor-widget-wrap\">\n\t\t\t\t\t\t<div class=\"elementor-element elementor-element-e9a9001 elementor-widget elementor-widget-heading\" data-id=\"e9a9001\" data-element_type=\"widget\" data-widget_type=\"heading.default\">\n\t\t\t\t<div class=\"elementor-widget-container\">\n\t\t\t<h2 class=\"elementor-heading-title elementor-size-default\">Prezydium<\/h2>\t\t<\/div>\n\t\t\t\t<\/div>\n\t\t\t\t<div class=\"elementor-element elementor-element-e9bda10 elementor-widget elementor-widget-text-editor\" data-id=\"e9bda10\" data-element_type=\"widget\" data-widget_type=\"text-editor.default\">\n\t\t\t\t<div class=\"elementor-widget-container\">\n\t\t\t\t\t\t\t\t<div class=\"elementor-text-editor elementor-clearfix\">\n\t\t\t\t<ul><li><p>Dr hab. Kamilla Marchewka-Bartowiak, prof. UEP \u2013 Dyrektor Instytutu Finans\u00f3w, Przewodnicz\u0105ca Komitetu G\u0142\u00f3wnego &#8211; Uniwersytet Ekonomiczny w Poznaniu<\/p><\/li><li><p><span style=\"color: var( --e-global-color-text ); font-family: var( --e-global-typography-text-font-family ), Sans-serif; font-weight: var( --e-global-typography-text-font-weight );\">Dr Anna Warchlewska &#8211; Uniwersytet Ekonomiczny w Poznaniu<\/span><\/p><\/li><li><p><span style=\"color: var( --e-global-color-text ); font-family: var( --e-global-typography-text-font-family ), Sans-serif; font-weight: var( --e-global-typography-text-font-weight );\">Dr hab. Marta Kluzek, prof. UEP &#8211; Uniwersytet Ekonomiczny w Poznaniu<\/span><\/p><\/li><li><p>Dr hab. Krzysztof Waliszewski, prof. UEP &#8211; Uniwersytet Ekonomiczny w Poznaniu<\/p><\/li><\/ul>\t\t\t\t\t<\/div>\n\t\t\t\t\t\t<\/div>\n\t\t\t\t<\/div>\n\t\t\t\t\t\t<\/div>\n\t\t\t\t\t<\/div>\n\t\t<\/div>\n\t\t\t\t\t\t\t\t<\/div>\n\t\t\t\t\t<\/div>\n\t\t<\/section>\n\t\t\t\t\t\t<\/div>\n\t\t\t\t\t\t<\/div>\n\t\t\t\t\t<\/div>\n\t\t","protected":false},"excerpt":{"rendered":"<p>Prezydium Dr hab. Kamilla Marchewka-Bartowiak, prof. UEP \u2013 Dyrektor Instytutu Finans\u00f3w, Przewodnicz\u0105ca Komitetu G\u0142\u00f3wnego &#8211; Uniwersytet Ekonomiczny w Poznaniu Dr Anna Warchlewska &#8211; Uniwersytet Ekonomiczny w Poznaniu Dr hab. Marta Kluzek, prof. UEP &#8211; Uniwersytet Ekonomiczny w Poznaniu Dr hab. Krzysztof Waliszewski, prof. UEP &#8211; Uniwersytet Ekonomiczny w Poznaniu<\/p>\n","protected":false},"author":1,"featured_media":0,"parent":0,"menu_order":0,"comment_status":"closed","ping_status":"closed","template":"","meta":[],"_links":{"self":[{"href":"https:\/\/finansomania.edu.pl\/I-edycja\/wp-json\/wp\/v2\/pages\/387"}],"collection":[{"href":"https:\/\/finansomania.edu.pl\/I-edycja\/wp-json\/wp\/v2\/pages"}],"about":[{"href":"https:\/\/finansomania.edu.pl\/I-edycja\/wp-json\/wp\/v2\/types\/page"}],"author":[{"embeddable":true,"href":"https:\/\/finansomania.edu.pl\/I-edycja\/wp-json\/wp\/v2\/users\/1"}],"replies":[{"embeddable":true,"href":"https:\/\/finansomania.edu.pl\/I-edycja\/wp-json\/wp\/v2\/comments?post=387"}],"version-history":[{"count":22,"href":"https:\/\/finansomania.edu.pl\/I-edycja\/wp-json\/wp\/v2\/pages\/387\/revisions"}],"predecessor-version":[{"id":795,"href":"https:\/\/finansomania.edu.pl\/I-edycja\/wp-json\/wp\/v2\/pages\/387\/revisions\/795"}],"wp:attachment":[{"href":"https:\/\/finansomania.edu.pl\/I-edycja\/wp-json\/wp\/v2\/media?parent=387"}],"curies":[{"name":"wp","href":"https:\/\/api.w.org\/{rel}","templated":true}]}}