{"id":390,"date":"2021-05-06T21:15:48","date_gmt":"2021-05-06T19:15:48","guid":{"rendered":"https:\/\/finansomania.edu.pl\/I-edycja\/?page_id=390"},"modified":"2021-06-14T10:57:45","modified_gmt":"2021-06-14T08:57:45","slug":"reprezentanci-uczelni-wyzszych","status":"publish","type":"page","link":"https:\/\/finansomania.edu.pl\/I-edycja\/reprezentanci-uczelni-wyzszych\/","title":{"rendered":"Reprezentanci uczelni wy\u017cszych"},"content":{"rendered":"\t\t<div data-elementor-type=\"wp-page\" data-elementor-id=\"390\" class=\"elementor elementor-390\" data-elementor-settings=\"[]\">\n\t\t\t\t\t\t<div class=\"elementor-inner\">\n\t\t\t\t\t\t\t<div class=\"elementor-section-wrap\">\n\t\t\t\t\t\t\t<section class=\"elementor-section elementor-top-section elementor-element elementor-element-66f3319 elementor-section-boxed elementor-section-height-default elementor-section-height-default\" data-id=\"66f3319\" data-element_type=\"section\">\n\t\t\t\t\t\t<div class=\"elementor-container elementor-column-gap-default\">\n\t\t\t\t\t\t\t<div class=\"elementor-row\">\n\t\t\t\t\t<div class=\"elementor-column elementor-col-100 elementor-top-column elementor-element elementor-element-877adde\" data-id=\"877adde\" data-element_type=\"column\">\n\t\t\t<div class=\"elementor-column-wrap elementor-element-populated\">\n\t\t\t\t\t\t\t<div class=\"elementor-widget-wrap\">\n\t\t\t\t\t\t<div class=\"elementor-element elementor-element-e9a9001 elementor-widget elementor-widget-heading\" data-id=\"e9a9001\" data-element_type=\"widget\" data-widget_type=\"heading.default\">\n\t\t\t\t<div class=\"elementor-widget-container\">\n\t\t\t<h2 class=\"elementor-heading-title elementor-size-default\">Reprezentanci uczelni wy\u017cszych<\/h2>\t\t<\/div>\n\t\t\t\t<\/div>\n\t\t\t\t<div class=\"elementor-element elementor-element-e9bda10 elementor-widget elementor-widget-text-editor\" data-id=\"e9bda10\" data-element_type=\"widget\" data-widget_type=\"text-editor.default\">\n\t\t\t\t<div class=\"elementor-widget-container\">\n\t\t\t\t\t\t\t\t<div class=\"elementor-text-editor elementor-clearfix\">\n\t\t\t\t<ul><li><p>Prof. dr hab. Krzysztof Jajuga \u2013 Uniwersytet Ekonomiczny we Wroc\u0142awiu<\/p><\/li><li><p>Prof. dr hab. Marzanna Poniatowicz \u2013 Uniwersytet w Bia\u0142ymstoku<\/p><\/li><li><p>Dr hab. Agnieszka Ali\u0144ska, prof. SGH \u2013 Szko\u0142a G\u0142\u00f3wna Handlowa<\/p><\/li><li><p>Dr hab. Marta Maciejasz, prof. UO \u2013 Uniwersytet Opolski<\/p><\/li><li><p>Dr hab. Ma\u0142gorzata Tarczy\u0144ska-\u0141uniewska, prof. US \u2013 Uniwersytet Szczeci\u0144ski<\/p><\/li><li><p>Dr hab. Marcin Wi\u015bniewski \u2013 Uniwersytet Ekonomiczny w Poznaniu<\/p><\/li><li><p>Dr Dorota Wi\u015bniewska \u2013 Uniwersytet Ekonomiczny w Poznaniu<\/p><\/li><li><p>Dr Mateusz Folwarski \u2013 Uniwersytet Ekonomiczny w Krakowie<\/p><\/li><li><p>Dr Kamila Bielawska \u2013 Uniwersytet Gda\u0144ski<\/p><\/li><li><p>Dr Monika Andrzejczak \u2013 Uniwersytet Ekonomiczny w Poznaniu<\/p><\/li><li><p>Dr Marcin Spycha\u0142a \u2013 Uniwersytet Ekonomiczny w Poznaniu<\/p><\/li><li><p>Dr Maciej Szczepkowski \u2013 Uniwersytet Ekonomiczny w Poznaniu<\/p><\/li><li><p>Dr Witold Grado\u0144 \u2013 Uniwersytet Ekonomiczny w Katowicach<\/p><\/li><li><p>Dr Ewelina Rabiej \u2013 Uniwersytet Rzeszowski<\/p><\/li><li><p>Dr Ma\u0142gorzata Kamieniecka, prof. UMCS, Uniwersytet Marii Curie-Sk\u0142odowskiej w Lublinie<\/p><\/li><\/ul>\t\t\t\t\t<\/div>\n\t\t\t\t\t\t<\/div>\n\t\t\t\t<\/div>\n\t\t\t\t\t\t<\/div>\n\t\t\t\t\t<\/div>\n\t\t<\/div>\n\t\t\t\t\t\t\t\t<\/div>\n\t\t\t\t\t<\/div>\n\t\t<\/section>\n\t\t\t\t\t\t<\/div>\n\t\t\t\t\t\t<\/div>\n\t\t\t\t\t<\/div>\n\t\t","protected":false},"excerpt":{"rendered":"<p>Reprezentanci uczelni wy\u017cszych Prof. dr hab. Krzysztof Jajuga \u2013 Uniwersytet Ekonomiczny we Wroc\u0142awiu Prof. dr hab. Marzanna Poniatowicz \u2013 Uniwersytet w Bia\u0142ymstoku Dr hab. Agnieszka Ali\u0144ska, prof. SGH \u2013 Szko\u0142a G\u0142\u00f3wna Handlowa Dr hab. Marta Maciejasz, prof. UO \u2013 Uniwersytet Opolski Dr hab. Ma\u0142gorzata Tarczy\u0144ska-\u0141uniewska, prof. US \u2013 Uniwersytet Szczeci\u0144ski Dr hab. Marcin Wi\u015bniewski \u2013 &#8230; <a title=\"Reprezentanci uczelni wy\u017cszych\" class=\"read-more\" href=\"https:\/\/finansomania.edu.pl\/I-edycja\/reprezentanci-uczelni-wyzszych\/\">Czytaj dalej <span class=\"screen-reader-text\">Reprezentanci uczelni wy\u017cszych<\/span><\/a><\/p>\n","protected":false},"author":1,"featured_media":0,"parent":0,"menu_order":0,"comment_status":"closed","ping_status":"closed","template":"","meta":[],"_links":{"self":[{"href":"https:\/\/finansomania.edu.pl\/I-edycja\/wp-json\/wp\/v2\/pages\/390"}],"collection":[{"href":"https:\/\/finansomania.edu.pl\/I-edycja\/wp-json\/wp\/v2\/pages"}],"about":[{"href":"https:\/\/finansomania.edu.pl\/I-edycja\/wp-json\/wp\/v2\/types\/page"}],"author":[{"embeddable":true,"href":"https:\/\/finansomania.edu.pl\/I-edycja\/wp-json\/wp\/v2\/users\/1"}],"replies":[{"embeddable":true,"href":"https:\/\/finansomania.edu.pl\/I-edycja\/wp-json\/wp\/v2\/comments?post=390"}],"version-history":[{"count":11,"href":"https:\/\/finansomania.edu.pl\/I-edycja\/wp-json\/wp\/v2\/pages\/390\/revisions"}],"predecessor-version":[{"id":528,"href":"https:\/\/finansomania.edu.pl\/I-edycja\/wp-json\/wp\/v2\/pages\/390\/revisions\/528"}],"wp:attachment":[{"href":"https:\/\/finansomania.edu.pl\/I-edycja\/wp-json\/wp\/v2\/media?parent=390"}],"curies":[{"name":"wp","href":"https:\/\/api.w.org\/{rel}","templated":true}]}}