{"id":411,"date":"2021-05-07T14:58:29","date_gmt":"2021-05-07T12:58:29","guid":{"rendered":"https:\/\/finansomania.edu.pl\/I-edycja\/?page_id=411"},"modified":"2021-08-30T13:31:07","modified_gmt":"2021-08-30T11:31:07","slug":"reprezentanci-szkol-ponadpodstawowych","status":"publish","type":"page","link":"https:\/\/finansomania.edu.pl\/I-edycja\/reprezentanci-szkol-ponadpodstawowych\/","title":{"rendered":"Reprezentanci szk\u00f3\u0142 ponadpodstawowych"},"content":{"rendered":"\t\t<div data-elementor-type=\"wp-page\" data-elementor-id=\"411\" class=\"elementor elementor-411\" data-elementor-settings=\"[]\">\n\t\t\t\t\t\t<div class=\"elementor-inner\">\n\t\t\t\t\t\t\t<div class=\"elementor-section-wrap\">\n\t\t\t\t\t\t\t<section class=\"elementor-section elementor-top-section elementor-element elementor-element-66f3319 elementor-section-boxed elementor-section-height-default elementor-section-height-default\" data-id=\"66f3319\" data-element_type=\"section\">\n\t\t\t\t\t\t<div class=\"elementor-container elementor-column-gap-default\">\n\t\t\t\t\t\t\t<div class=\"elementor-row\">\n\t\t\t\t\t<div class=\"elementor-column elementor-col-100 elementor-top-column elementor-element elementor-element-877adde\" data-id=\"877adde\" data-element_type=\"column\">\n\t\t\t<div class=\"elementor-column-wrap elementor-element-populated\">\n\t\t\t\t\t\t\t<div class=\"elementor-widget-wrap\">\n\t\t\t\t\t\t<div class=\"elementor-element elementor-element-e9a9001 elementor-widget elementor-widget-heading\" data-id=\"e9a9001\" data-element_type=\"widget\" data-widget_type=\"heading.default\">\n\t\t\t\t<div class=\"elementor-widget-container\">\n\t\t\t<h2 class=\"elementor-heading-title elementor-size-default\">Reprezentanci szk\u00f3\u0142 ponadpodstawowych<\/h2>\t\t<\/div>\n\t\t\t\t<\/div>\n\t\t\t\t<div class=\"elementor-element elementor-element-9b81417 elementor-widget elementor-widget-text-editor\" data-id=\"9b81417\" data-element_type=\"widget\" data-widget_type=\"text-editor.default\">\n\t\t\t\t<div class=\"elementor-widget-container\">\n\t\t\t\t\t\t\t\t<div class=\"elementor-text-editor elementor-clearfix\">\n\t\t\t\t<ul><li>Katarzyna Bednarek, XIV LO z Oddzia\u0142ami Dwuj\u0119zycznymi w Szczecinie<\/li><li>Anna Brzyska, XXIV LO im. Stefana Banacha w Gda\u0144sku<\/li><li>Marek Grefling,<i><\/i>\u00a0Dyrektor VIII LO im. Adama Mickiewicza w Poznaniu<\/li><li>Renata Grzegorczyk, II Liceum Og\u00f3lnokszta\u0142c\u0105cego im. Rotmistrza\u00a0Witolda Pileckiego w Miko\u0142owie<\/li><li>Wojciech Janowicz, Dyrektor Zespo\u0142u Szk\u00f3\u0142 Handlowo-Ekonomicznych im. Miko\u0142aja Kopernika w Bia\u0142ymstoku<\/li><li>Anna Kowalska, Wicedyrektor Technikum Ekonomicznego Centrum\u00a0Kszta\u0142cenia Zawodowego i Ustawicznego w Sosnowcu<\/li><li>dr Aneta Mika, Wicedyrektor XIV LO z Oddzia\u0142ami Dwuj\u0119zycznymi w Szczecinie<\/li><li>dr Wioletta Nogaj \u2013 Wicedyrektor II LO im. Kr\u00f3la Jana III Sobieskiego w Krakowie<\/li><li>Jakub P\u0142owens, 38. Dwuj\u0119zyczne\u00a0LO w Poznaniu im. Jana Nowaka-Jeziora\u0144skiego<\/li><li>Jacek Pufal \u2013\u00a0VII LO im. D\u0105br\u00f3wki w Poznaniu<\/li><li>Joanna Ra\u017aniewska \u2013 Dyrektor\u00a0Publicznego\u00a0Liceum Og\u00f3lnokszta\u0142c\u0105cego nr III\u00a0z Oddzia\u0142ami Dwuj\u0119zycznymi im. Marii Sk\u0142odowskiej-Curie w Opolu<\/li><li>Agnieszka Urba\u0144ska-Motyka \u2013 Wicedyrektor VII LO im. D\u0105br\u00f3wki w Poznaniu<\/li><li>Arkadiusz Wickiewicz \u2013\u00a0Publiczne\u00a0Liceum Og\u00f3lnokszta\u0142c\u0105ce nr III\u00a0z Oddzia\u0142ami Dwuj\u0119zycznymi im. Marii Sk\u0142odowskiej-Curie w Opolu<\/li><li>Agata Wieczorek, IX LO w Poznaniu\u00a0im. Karola Libelta<\/li><\/ul>\t\t\t\t\t<\/div>\n\t\t\t\t\t\t<\/div>\n\t\t\t\t<\/div>\n\t\t\t\t<div class=\"elementor-element elementor-element-e9bda10 elementor-widget elementor-widget-text-editor\" data-id=\"e9bda10\" data-element_type=\"widget\" data-widget_type=\"text-editor.default\">\n\t\t\t\t<div class=\"elementor-widget-container\">\n\t\t\t\t\t\t\t\t<div class=\"elementor-text-editor elementor-clearfix\">\n\t\t\t\t\t\t\t\t\t<\/div>\n\t\t\t\t\t\t<\/div>\n\t\t\t\t<\/div>\n\t\t\t\t\t\t<\/div>\n\t\t\t\t\t<\/div>\n\t\t<\/div>\n\t\t\t\t\t\t\t\t<\/div>\n\t\t\t\t\t<\/div>\n\t\t<\/section>\n\t\t\t\t\t\t<\/div>\n\t\t\t\t\t\t<\/div>\n\t\t\t\t\t<\/div>\n\t\t","protected":false},"excerpt":{"rendered":"<p>Reprezentanci szk\u00f3\u0142 ponadpodstawowych Katarzyna Bednarek, XIV LO z Oddzia\u0142ami Dwuj\u0119zycznymi w Szczecinie Anna Brzyska, XXIV LO im. Stefana Banacha w Gda\u0144sku Marek Grefling,\u00a0Dyrektor VIII LO im. Adama Mickiewicza w Poznaniu Renata Grzegorczyk, II Liceum Og\u00f3lnokszta\u0142c\u0105cego im. Rotmistrza\u00a0Witolda Pileckiego w Miko\u0142owie Wojciech Janowicz, Dyrektor Zespo\u0142u Szk\u00f3\u0142 Handlowo-Ekonomicznych im. Miko\u0142aja Kopernika w Bia\u0142ymstoku Anna Kowalska, Wicedyrektor Technikum &#8230; <a title=\"Reprezentanci szk\u00f3\u0142 ponadpodstawowych\" class=\"read-more\" href=\"https:\/\/finansomania.edu.pl\/I-edycja\/reprezentanci-szkol-ponadpodstawowych\/\">Czytaj dalej <span class=\"screen-reader-text\">Reprezentanci szk\u00f3\u0142 ponadpodstawowych<\/span><\/a><\/p>\n","protected":false},"author":1,"featured_media":0,"parent":0,"menu_order":0,"comment_status":"closed","ping_status":"closed","template":"","meta":[],"_links":{"self":[{"href":"https:\/\/finansomania.edu.pl\/I-edycja\/wp-json\/wp\/v2\/pages\/411"}],"collection":[{"href":"https:\/\/finansomania.edu.pl\/I-edycja\/wp-json\/wp\/v2\/pages"}],"about":[{"href":"https:\/\/finansomania.edu.pl\/I-edycja\/wp-json\/wp\/v2\/types\/page"}],"author":[{"embeddable":true,"href":"https:\/\/finansomania.edu.pl\/I-edycja\/wp-json\/wp\/v2\/users\/1"}],"replies":[{"embeddable":true,"href":"https:\/\/finansomania.edu.pl\/I-edycja\/wp-json\/wp\/v2\/comments?post=411"}],"version-history":[{"count":34,"href":"https:\/\/finansomania.edu.pl\/I-edycja\/wp-json\/wp\/v2\/pages\/411\/revisions"}],"predecessor-version":[{"id":604,"href":"https:\/\/finansomania.edu.pl\/I-edycja\/wp-json\/wp\/v2\/pages\/411\/revisions\/604"}],"wp:attachment":[{"href":"https:\/\/finansomania.edu.pl\/I-edycja\/wp-json\/wp\/v2\/media?parent=411"}],"curies":[{"name":"wp","href":"https:\/\/api.w.org\/{rel}","templated":true}]}}