{"id":62,"date":"2020-01-24T12:44:38","date_gmt":"2020-01-24T11:44:38","guid":{"rendered":"https:\/\/finansomania.edu.pl\/I-edycja\/?page_id=62"},"modified":"2021-11-06T21:33:57","modified_gmt":"2021-11-06T20:33:57","slug":"materialy-do-nauki","status":"publish","type":"page","link":"https:\/\/finansomania.edu.pl\/I-edycja\/materialy-do-nauki\/","title":{"rendered":"Materia\u0142y do nauki"},"content":{"rendered":"\t\t<div data-elementor-type=\"wp-page\" data-elementor-id=\"62\" class=\"elementor elementor-62\" data-elementor-settings=\"[]\">\n\t\t\t\t\t\t<div class=\"elementor-inner\">\n\t\t\t\t\t\t\t<div class=\"elementor-section-wrap\">\n\t\t\t\t\t\t\t<section class=\"elementor-section elementor-top-section elementor-element elementor-element-a454645 elementor-section-boxed elementor-section-height-default elementor-section-height-default\" data-id=\"a454645\" data-element_type=\"section\">\n\t\t\t\t\t\t<div class=\"elementor-container elementor-column-gap-default\">\n\t\t\t\t\t\t\t<div class=\"elementor-row\">\n\t\t\t\t\t<div class=\"elementor-column elementor-col-100 elementor-top-column elementor-element elementor-element-93004cd\" data-id=\"93004cd\" data-element_type=\"column\">\n\t\t\t<div class=\"elementor-column-wrap elementor-element-populated\">\n\t\t\t\t\t\t\t<div class=\"elementor-widget-wrap\">\n\t\t\t\t\t\t<div class=\"elementor-element elementor-element-cbafa9f elementor-widget elementor-widget-heading\" data-id=\"cbafa9f\" data-element_type=\"widget\" data-widget_type=\"heading.default\">\n\t\t\t\t<div class=\"elementor-widget-container\">\n\t\t\t<h2 class=\"elementor-heading-title elementor-size-default\">Materia\u0142y do nauki<\/h2>\t\t<\/div>\n\t\t\t\t<\/div>\n\t\t\t\t<div class=\"elementor-element elementor-element-b783b5c elementor-align-center elementor-widget elementor-widget-button\" data-id=\"b783b5c\" data-element_type=\"widget\" data-widget_type=\"button.default\">\n\t\t\t\t<div class=\"elementor-widget-container\">\n\t\t\t\t\t<div class=\"elementor-button-wrapper\">\n\t\t\t<a href=\"https:\/\/finansomania.edu.pl\/I-edycja\/wp-content\/uploads\/2020\/08\/Literatura-Finansomania.docx\" class=\"elementor-button-link elementor-button elementor-size-md\" role=\"button\">\n\t\t\t\t\t\t<span class=\"elementor-button-content-wrapper\">\n\t\t\t\t\t\t<span class=\"elementor-button-text\">Pobierz literatur\u0119<\/span>\n\t\t<\/span>\n\t\t\t\t\t<\/a>\n\t\t<\/div>\n\t\t\t\t<\/div>\n\t\t\t\t<\/div>\n\t\t\t\t<div class=\"elementor-element elementor-element-9575c49 elementor-widget-divider--view-line elementor-widget elementor-widget-divider\" data-id=\"9575c49\" data-element_type=\"widget\" data-widget_type=\"divider.default\">\n\t\t\t\t<div class=\"elementor-widget-container\">\n\t\t\t\t\t<div class=\"elementor-divider\">\n\t\t\t<span class=\"elementor-divider-separator\">\n\t\t\t\t\t\t<\/span>\n\t\t<\/div>\n\t\t\t\t<\/div>\n\t\t\t\t<\/div>\n\t\t\t\t<div class=\"elementor-element elementor-element-e3a5050 elementor-widget elementor-widget-heading\" data-id=\"e3a5050\" data-element_type=\"widget\" data-widget_type=\"heading.default\">\n\t\t\t\t<div class=\"elementor-widget-container\">\n\t\t\t<h3 class=\"elementor-heading-title elementor-size-default\">Podr\u0119cznik Finansomania. Podstawy wiedzy o finansach<\/h3>\t\t<\/div>\n\t\t\t\t<\/div>\n\t\t\t\t<div class=\"elementor-element elementor-element-4b17544 elementor-widget elementor-widget-image\" data-id=\"4b17544\" data-element_type=\"widget\" data-widget_type=\"image.default\">\n\t\t\t\t<div class=\"elementor-widget-container\">\n\t\t\t\t\t\t\t\t<div class=\"elementor-image\">\n\t\t\t\t\t\t\t\t\t\t\t\t\t<a href=\"https:\/\/wydawnictwo.ue.poznan.pl\/book.html?isbn=978-83-8211-064-7\" target=\"_blank\">\n\t\t\t\t\t\t\t<img width=\"213\" height=\"300\" src=\"https:\/\/finansomania.edu.pl\/I-edycja\/wp-content\/uploads\/2021\/06\/978-83-8211-064-7-213x300.jpg\" class=\"attachment-medium size-medium\" alt=\"\" loading=\"lazy\" srcset=\"https:\/\/finansomania.edu.pl\/I-edycja\/wp-content\/uploads\/2021\/06\/978-83-8211-064-7-213x300.jpg 213w, https:\/\/finansomania.edu.pl\/I-edycja\/wp-content\/uploads\/2021\/06\/978-83-8211-064-7-726x1024.jpg 726w, https:\/\/finansomania.edu.pl\/I-edycja\/wp-content\/uploads\/2021\/06\/978-83-8211-064-7-768x1084.jpg 768w, https:\/\/finansomania.edu.pl\/I-edycja\/wp-content\/uploads\/2021\/06\/978-83-8211-064-7.jpg 900w\" sizes=\"(max-width: 213px) 100vw, 213px\" \/>\t\t\t\t\t\t\t\t<\/a>\n\t\t\t\t\t\t\t\t\t\t\t\t\t\t<\/div>\n\t\t\t\t\t\t<\/div>\n\t\t\t\t<\/div>\n\t\t\t\t<div class=\"elementor-element elementor-element-cc13d7e elementor-widget elementor-widget-text-editor\" data-id=\"cc13d7e\" data-element_type=\"widget\" data-widget_type=\"text-editor.default\">\n\t\t\t\t<div class=\"elementor-widget-container\">\n\t\t\t\t\t\t\t\t<div class=\"elementor-text-editor elementor-clearfix\">\n\t\t\t\t<p>Polecamy ksi\u0105\u017ck\u0119, kt\u00f3ra jest jak bardzo dobra multiwitamina. Dostarcza kompleksowego wsparcia osobom, kt\u00f3re chc\u0105 pozna\u0107 \u015bwiat finans\u00f3w i funkcjonowa\u0107 w tym \u015bwiecie, a zatem jest wsparciem dla szerokiego grona czytelnik\u00f3w. Kompleksowo\u015b\u0107 wi\u0105\u017ce si\u0119 z szerokim spektrum poruszanych zagadnie\u0144: od finans\u00f3w osobistych po finanse mi\u0119dzynarodowe, od finans\u00f3w publicznych po finanse przedsi\u0119biorstw, od prostych instrument\u00f3w finansowych, jak czek, po te notowane na gie\u0142dach papier\u00f3w warto\u015bciowych. Co wa\u017cne, zagadnienia te przedstawiono w \u015bwietnie przyswajalnej pigu\u0142ce. Przyswajalno\u015b\u0107 tej pigu\u0142ki wynika z formy i j\u0119zyka przekazu. Czytelnik znajdzie tu przejrzyste definicje i liczne przyk\u0142ady oraz ilustracje. Znajdzie te\u017c zadania, kt\u00f3re umo\u017cliwi\u0105 mu weryfikacj\u0119 zdobytej wiedzy.<\/p><p>Cho\u0107 podr\u0119cznik by\u0142 tworzony z my\u015bl\u0105 o m\u0142odzie\u017cy przygotowuj\u0105cej si\u0119 do Og\u00f3lnopolskiej Olimpiady Wiedzy o Finansach \u201eFinansomania\u201d, z pewno\u015bci\u0105 b\u0119dzie te\u017c wsparciem dla wielu innych czytelnik\u00f3w i poszerzy grono finansomaniak\u00f3w.<\/p>\t\t\t\t\t<\/div>\n\t\t\t\t\t\t<\/div>\n\t\t\t\t<\/div>\n\t\t\t\t<div class=\"elementor-element elementor-element-bc4d2e6 elementor-align-center elementor-widget elementor-widget-button\" data-id=\"bc4d2e6\" data-element_type=\"widget\" data-widget_type=\"button.default\">\n\t\t\t\t<div class=\"elementor-widget-container\">\n\t\t\t\t\t<div class=\"elementor-button-wrapper\">\n\t\t\t<a href=\"https:\/\/wydawnictwo.ue.poznan.pl\/book.html?isbn=978-83-8211-064-7\" target=\"_blank\" class=\"elementor-button-link elementor-button elementor-size-md\" role=\"button\">\n\t\t\t\t\t\t<span class=\"elementor-button-content-wrapper\">\n\t\t\t\t\t\t<span class=\"elementor-button-text\">Strona wydawnictwa<\/span>\n\t\t<\/span>\n\t\t\t\t\t<\/a>\n\t\t<\/div>\n\t\t\t\t<\/div>\n\t\t\t\t<\/div>\n\t\t\t\t<div class=\"elementor-element elementor-element-6ed2810 elementor-widget-divider--view-line elementor-widget elementor-widget-divider\" data-id=\"6ed2810\" data-element_type=\"widget\" data-widget_type=\"divider.default\">\n\t\t\t\t<div class=\"elementor-widget-container\">\n\t\t\t\t\t<div class=\"elementor-divider\">\n\t\t\t<span class=\"elementor-divider-separator\">\n\t\t\t\t\t\t<\/span>\n\t\t<\/div>\n\t\t\t\t<\/div>\n\t\t\t\t<\/div>\n\t\t\t\t<div class=\"elementor-element elementor-element-77f9578 elementor-align-center elementor-widget elementor-widget-button\" data-id=\"77f9578\" data-element_type=\"widget\" data-widget_type=\"button.default\">\n\t\t\t\t<div class=\"elementor-widget-container\">\n\t\t\t\t\t<div class=\"elementor-button-wrapper\">\n\t\t\t<a href=\"https:\/\/finansomania.edu.pl\/I-edycja\/wp-content\/uploads\/2021\/05\/ulotkabfg2019.pdf\" target=\"_blank\" class=\"elementor-button-link elementor-button elementor-size-md\" role=\"button\">\n\t\t\t\t\t\t<span class=\"elementor-button-content-wrapper\">\n\t\t\t\t\t\t<span class=\"elementor-button-text\">Ulotka informacyjna BFG<\/span>\n\t\t<\/span>\n\t\t\t\t\t<\/a>\n\t\t<\/div>\n\t\t\t\t<\/div>\n\t\t\t\t<\/div>\n\t\t\t\t<div class=\"elementor-element elementor-element-5e746eb elementor-widget-divider--view-line elementor-widget elementor-widget-divider\" data-id=\"5e746eb\" data-element_type=\"widget\" data-widget_type=\"divider.default\">\n\t\t\t\t<div class=\"elementor-widget-container\">\n\t\t\t\t\t<div class=\"elementor-divider\">\n\t\t\t<span class=\"elementor-divider-separator\">\n\t\t\t\t\t\t<\/span>\n\t\t<\/div>\n\t\t\t\t<\/div>\n\t\t\t\t<\/div>\n\t\t\t\t<div class=\"elementor-element elementor-element-1a77fa1 elementor-widget elementor-widget-heading\" data-id=\"1a77fa1\" data-element_type=\"widget\" data-widget_type=\"heading.default\">\n\t\t\t\t<div class=\"elementor-widget-container\">\n\t\t\t<h3 class=\"elementor-heading-title elementor-size-default\">Raport ZBP<\/h3>\t\t<\/div>\n\t\t\t\t<\/div>\n\t\t\t\t<section class=\"elementor-section elementor-inner-section elementor-element elementor-element-f1b88db elementor-section-boxed elementor-section-height-default elementor-section-height-default\" data-id=\"f1b88db\" data-element_type=\"section\">\n\t\t\t\t\t\t<div class=\"elementor-container elementor-column-gap-default\">\n\t\t\t\t\t\t\t<div class=\"elementor-row\">\n\t\t\t\t\t<div class=\"elementor-column elementor-col-50 elementor-inner-column elementor-element elementor-element-8a4bfc0\" data-id=\"8a4bfc0\" data-element_type=\"column\">\n\t\t\t<div class=\"elementor-column-wrap elementor-element-populated\">\n\t\t\t\t\t\t\t<div class=\"elementor-widget-wrap\">\n\t\t\t\t\t\t<div class=\"elementor-element elementor-element-9a14ff6 elementor-align-center elementor-widget elementor-widget-button\" data-id=\"9a14ff6\" data-element_type=\"widget\" data-widget_type=\"button.default\">\n\t\t\t\t<div class=\"elementor-widget-container\">\n\t\t\t\t\t<div class=\"elementor-button-wrapper\">\n\t\t\t<a href=\"https:\/\/finansomania.edu.pl\/I-edycja\/wp-content\/uploads\/2021\/05\/ZBP_CyberbezpiecznyPortfel2020.pdf\" target=\"_blank\" class=\"elementor-button-link elementor-button elementor-size-md\" role=\"button\">\n\t\t\t\t\t\t<span class=\"elementor-button-content-wrapper\">\n\t\t\t\t\t\t<span class=\"elementor-button-text\">Cyberbezpieczny portfel<\/span>\n\t\t<\/span>\n\t\t\t\t\t<\/a>\n\t\t<\/div>\n\t\t\t\t<\/div>\n\t\t\t\t<\/div>\n\t\t\t\t\t\t<\/div>\n\t\t\t\t\t<\/div>\n\t\t<\/div>\n\t\t\t\t<div class=\"elementor-column elementor-col-50 elementor-inner-column elementor-element elementor-element-a14d8db\" data-id=\"a14d8db\" data-element_type=\"column\">\n\t\t\t<div class=\"elementor-column-wrap elementor-element-populated\">\n\t\t\t\t\t\t\t<div class=\"elementor-widget-wrap\">\n\t\t\t\t\t\t<div class=\"elementor-element elementor-element-e0ebdad elementor-align-center elementor-widget elementor-widget-button\" data-id=\"e0ebdad\" data-element_type=\"widget\" data-widget_type=\"button.default\">\n\t\t\t\t<div class=\"elementor-widget-container\">\n\t\t\t\t\t<div class=\"elementor-button-wrapper\">\n\t\t\t<a href=\"https:\/\/finansomania.edu.pl\/I-edycja\/wp-content\/uploads\/2021\/05\/Raport-ZBP-WIB_Portfel-Studenta-2020.pdf\" target=\"_blank\" class=\"elementor-button-link elementor-button elementor-size-md\" role=\"button\">\n\t\t\t\t\t\t<span class=\"elementor-button-content-wrapper\">\n\t\t\t\t\t\t<span class=\"elementor-button-text\">Portfel Studenta<\/span>\n\t\t<\/span>\n\t\t\t\t\t<\/a>\n\t\t<\/div>\n\t\t\t\t<\/div>\n\t\t\t\t<\/div>\n\t\t\t\t\t\t<\/div>\n\t\t\t\t\t<\/div>\n\t\t<\/div>\n\t\t\t\t\t\t\t\t<\/div>\n\t\t\t\t\t<\/div>\n\t\t<\/section>\n\t\t\t\t<div class=\"elementor-element elementor-element-5035494 elementor-widget-divider--view-line elementor-widget elementor-widget-divider\" data-id=\"5035494\" data-element_type=\"widget\" data-widget_type=\"divider.default\">\n\t\t\t\t<div class=\"elementor-widget-container\">\n\t\t\t\t\t<div class=\"elementor-divider\">\n\t\t\t<span class=\"elementor-divider-separator\">\n\t\t\t\t\t\t<\/span>\n\t\t<\/div>\n\t\t\t\t<\/div>\n\t\t\t\t<\/div>\n\t\t\t\t<div class=\"elementor-element elementor-element-86b7125 elementor-widget elementor-widget-heading\" data-id=\"86b7125\" data-element_type=\"widget\" data-widget_type=\"heading.default\">\n\t\t\t\t<div class=\"elementor-widget-container\">\n\t\t\t<h3 class=\"elementor-heading-title elementor-size-default\">Kurs e-learningowy pt. \"Fundusze inwestycyjne - wiedza dla ka\u017cdego\"<\/h3>\t\t<\/div>\n\t\t\t\t<\/div>\n\t\t\t\t<div class=\"elementor-element elementor-element-c5c8813 elementor-widget elementor-widget-image\" data-id=\"c5c8813\" data-element_type=\"widget\" data-widget_type=\"image.default\">\n\t\t\t\t<div class=\"elementor-widget-container\">\n\t\t\t\t\t\t\t\t<div class=\"elementor-image\">\n\t\t\t\t\t\t\t\t\t\t\t\t<img src=\"https:\/\/finansomania.edu.pl\/I-edycja\/wp-content\/uploads\/elementor\/thumbs\/izfa_logo_rgb-scaled-ptfvmp58j8xh85dhfm164ipbh4lr4ax9ogbz6nbtr6.jpg\" title=\"\" alt=\"\" \/>\t\t\t\t\t\t\t\t\t\t\t\t\t\t<\/div>\n\t\t\t\t\t\t<\/div>\n\t\t\t\t<\/div>\n\t\t\t\t<div class=\"elementor-element elementor-element-d562435 elementor-widget elementor-widget-text-editor\" data-id=\"d562435\" data-element_type=\"widget\" data-widget_type=\"text-editor.default\">\n\t\t\t\t<div class=\"elementor-widget-container\">\n\t\t\t\t\t\t\t\t<div class=\"elementor-text-editor elementor-clearfix\">\n\t\t\t\t<p>Obszerny kurs przygotowany przez IZFIA mo\u017ce s\u0142u\u017cy\u0107 do podnoszenia swoich kompetencji zar\u00f3wno olimpijczykom i studentom, jak i wszystkim zainteresowanym tematyk\u0105. Systematyzuje on zasadnicz\u0105 wiedz\u0119 i poj\u0119cia zwi\u0105zane z funduszami i inwestowaniem. Po jego uko\u0144czeniu mo\u017cna pobra\u0107 odpowiedni certyfikat.<\/p>\t\t\t\t\t<\/div>\n\t\t\t\t\t\t<\/div>\n\t\t\t\t<\/div>\n\t\t\t\t<div class=\"elementor-element elementor-element-4b49e49 elementor-widget elementor-widget-wp-widget-custom_html\" data-id=\"4b49e49\" data-element_type=\"widget\" data-widget_type=\"wp-widget-custom_html.default\">\n\t\t\t\t<div class=\"elementor-widget-container\">\n\t\t\t<div class=\"textwidget custom-html-widget\"><\/div>\t\t<\/div>\n\t\t\t\t<\/div>\n\t\t\t\t<div class=\"elementor-element elementor-element-c96bd6a elementor-widget elementor-widget-text-editor\" data-id=\"c96bd6a\" data-element_type=\"widget\" data-widget_type=\"text-editor.default\">\n\t\t\t\t<div class=\"elementor-widget-container\">\n\t\t\t\t\t\t\t\t<div class=\"elementor-text-editor elementor-clearfix\">\n\t\t\t\t<p>Bezp\u0142atny kurs mo\u017cna odwiedzi\u0107 loguj\u0105c si\u0119 na platformie e-learningowej Izby:\u00a0<a id=\"LPlnk872061\" href=\"https:\/\/e-learning.izfa.pl\/\" target=\"_blank\" rel=\"noopener noreferrer\"><span id=\"LPlnk872061\">https:\/\/e-learning.izfa.pl\/<\/span><\/a><\/p>\t\t\t\t\t<\/div>\n\t\t\t\t\t\t<\/div>\n\t\t\t\t<\/div>\n\t\t\t\t<div class=\"elementor-element elementor-element-c56f050 elementor-widget-divider--view-line elementor-widget elementor-widget-divider\" data-id=\"c56f050\" data-element_type=\"widget\" data-widget_type=\"divider.default\">\n\t\t\t\t<div class=\"elementor-widget-container\">\n\t\t\t\t\t<div class=\"elementor-divider\">\n\t\t\t<span class=\"elementor-divider-separator\">\n\t\t\t\t\t\t<\/span>\n\t\t<\/div>\n\t\t\t\t<\/div>\n\t\t\t\t<\/div>\n\t\t\t\t<div class=\"elementor-element elementor-element-df67847 elementor-align-center elementor-widget elementor-widget-button\" data-id=\"df67847\" data-element_type=\"widget\" data-widget_type=\"button.default\">\n\t\t\t\t<div class=\"elementor-widget-container\">\n\t\t\t\t\t<div class=\"elementor-button-wrapper\">\n\t\t\t<a href=\"https:\/\/finansomania.edu.pl\/I-edycja\/wp-content\/uploads\/2021\/03\/Fakty-i-mity-o-RRSO_poradnik-FRRF.pdf\" target=\"_blank\" class=\"elementor-button-link elementor-button elementor-size-md\" role=\"button\">\n\t\t\t\t\t\t<span class=\"elementor-button-content-wrapper\">\n\t\t\t\t\t\t<span class=\"elementor-button-text\">Fakty i mity o RRSO<\/span>\n\t\t<\/span>\n\t\t\t\t\t<\/a>\n\t\t<\/div>\n\t\t\t\t<\/div>\n\t\t\t\t<\/div>\n\t\t\t\t<div class=\"elementor-element elementor-element-ffee87a elementor-widget-divider--view-line elementor-widget elementor-widget-divider\" data-id=\"ffee87a\" data-element_type=\"widget\" data-widget_type=\"divider.default\">\n\t\t\t\t<div class=\"elementor-widget-container\">\n\t\t\t\t\t<div class=\"elementor-divider\">\n\t\t\t<span class=\"elementor-divider-separator\">\n\t\t\t\t\t\t<\/span>\n\t\t<\/div>\n\t\t\t\t<\/div>\n\t\t\t\t<\/div>\n\t\t\t\t<div class=\"elementor-element elementor-element-7fdc59c elementor-align-center elementor-widget elementor-widget-button\" data-id=\"7fdc59c\" data-element_type=\"widget\" data-widget_type=\"button.default\">\n\t\t\t\t<div class=\"elementor-widget-container\">\n\t\t\t\t\t<div class=\"elementor-button-wrapper\">\n\t\t\t<a href=\"https:\/\/poznan.tvp.pl\/45558355\/100lecie-zlotego\" target=\"_blank\" class=\"elementor-button-link elementor-button elementor-size-md\" role=\"button\">\n\t\t\t\t\t\t<span class=\"elementor-button-content-wrapper\">\n\t\t\t\t\t\t<span class=\"elementor-button-text\">Wywiady pracownik\u00f3w UEP na 100-LECIE Z\u0141OTEGO<\/span>\n\t\t<\/span>\n\t\t\t\t\t<\/a>\n\t\t<\/div>\n\t\t\t\t<\/div>\n\t\t\t\t<\/div>\n\t\t\t\t\t\t<\/div>\n\t\t\t\t\t<\/div>\n\t\t<\/div>\n\t\t\t\t\t\t\t\t<\/div>\n\t\t\t\t\t<\/div>\n\t\t<\/section>\n\t\t\t\t\t\t<\/div>\n\t\t\t\t\t\t<\/div>\n\t\t\t\t\t<\/div>\n\t\t","protected":false},"excerpt":{"rendered":"<p>Materia\u0142y do nauki Pobierz literatur\u0119 Podr\u0119cznik Finansomania. Podstawy wiedzy o finansach Polecamy ksi\u0105\u017ck\u0119, kt\u00f3ra jest jak bardzo dobra multiwitamina. Dostarcza kompleksowego wsparcia osobom, kt\u00f3re chc\u0105 pozna\u0107 \u015bwiat finans\u00f3w i funkcjonowa\u0107 w tym \u015bwiecie, a zatem jest wsparciem dla szerokiego grona czytelnik\u00f3w. Kompleksowo\u015b\u0107 wi\u0105\u017ce si\u0119 z szerokim spektrum poruszanych zagadnie\u0144: od finans\u00f3w osobistych po finanse mi\u0119dzynarodowe, &#8230; <a title=\"Materia\u0142y do nauki\" class=\"read-more\" href=\"https:\/\/finansomania.edu.pl\/I-edycja\/materialy-do-nauki\/\">Czytaj dalej <span class=\"screen-reader-text\">Materia\u0142y do nauki<\/span><\/a><\/p>\n","protected":false},"author":1,"featured_media":0,"parent":0,"menu_order":0,"comment_status":"closed","ping_status":"closed","template":"","meta":[],"_links":{"self":[{"href":"https:\/\/finansomania.edu.pl\/I-edycja\/wp-json\/wp\/v2\/pages\/62"}],"collection":[{"href":"https:\/\/finansomania.edu.pl\/I-edycja\/wp-json\/wp\/v2\/pages"}],"about":[{"href":"https:\/\/finansomania.edu.pl\/I-edycja\/wp-json\/wp\/v2\/types\/page"}],"author":[{"embeddable":true,"href":"https:\/\/finansomania.edu.pl\/I-edycja\/wp-json\/wp\/v2\/users\/1"}],"replies":[{"embeddable":true,"href":"https:\/\/finansomania.edu.pl\/I-edycja\/wp-json\/wp\/v2\/comments?post=62"}],"version-history":[{"count":31,"href":"https:\/\/finansomania.edu.pl\/I-edycja\/wp-json\/wp\/v2\/pages\/62\/revisions"}],"predecessor-version":[{"id":706,"href":"https:\/\/finansomania.edu.pl\/I-edycja\/wp-json\/wp\/v2\/pages\/62\/revisions\/706"}],"wp:attachment":[{"href":"https:\/\/finansomania.edu.pl\/I-edycja\/wp-json\/wp\/v2\/media?parent=62"}],"curies":[{"name":"wp","href":"https:\/\/api.w.org\/{rel}","templated":true}]}}