{"id":65,"date":"2020-01-24T12:45:13","date_gmt":"2020-01-24T11:45:13","guid":{"rendered":"https:\/\/finansomania.edu.pl\/I-edycja\/?page_id=65"},"modified":"2022-04-09T12:38:51","modified_gmt":"2022-04-09T10:38:51","slug":"wyniki","status":"publish","type":"page","link":"https:\/\/finansomania.edu.pl\/I-edycja\/wyniki\/","title":{"rendered":"Wyniki"},"content":{"rendered":"\t\t<div data-elementor-type=\"wp-page\" data-elementor-id=\"65\" class=\"elementor elementor-65\" data-elementor-settings=\"[]\">\n\t\t\t\t\t\t<div class=\"elementor-inner\">\n\t\t\t\t\t\t\t<div class=\"elementor-section-wrap\">\n\t\t\t\t\t\t\t<section class=\"elementor-section elementor-top-section elementor-element elementor-element-e75e47b elementor-section-boxed elementor-section-height-default elementor-section-height-default\" data-id=\"e75e47b\" data-element_type=\"section\">\n\t\t\t\t\t\t<div class=\"elementor-container elementor-column-gap-default\">\n\t\t\t\t\t\t\t<div class=\"elementor-row\">\n\t\t\t\t\t<div class=\"elementor-column elementor-col-100 elementor-top-column elementor-element elementor-element-134bab7\" data-id=\"134bab7\" data-element_type=\"column\">\n\t\t\t<div class=\"elementor-column-wrap elementor-element-populated\">\n\t\t\t\t\t\t\t<div class=\"elementor-widget-wrap\">\n\t\t\t\t\t\t<div class=\"elementor-element elementor-element-0456bbe elementor-widget elementor-widget-heading\" data-id=\"0456bbe\" data-element_type=\"widget\" data-widget_type=\"heading.default\">\n\t\t\t\t<div class=\"elementor-widget-container\">\n\t\t\t<h2 class=\"elementor-heading-title elementor-size-default\">Wyniki<\/h2>\t\t<\/div>\n\t\t\t\t<\/div>\n\t\t\t\t\t\t<\/div>\n\t\t\t\t\t<\/div>\n\t\t<\/div>\n\t\t\t\t\t\t\t\t<\/div>\n\t\t\t\t\t<\/div>\n\t\t<\/section>\n\t\t\t\t<section class=\"elementor-section elementor-top-section elementor-element elementor-element-b22fbb8 elementor-section-boxed elementor-section-height-default elementor-section-height-default\" data-id=\"b22fbb8\" data-element_type=\"section\">\n\t\t\t\t\t\t<div class=\"elementor-container elementor-column-gap-default\">\n\t\t\t\t\t\t\t<div class=\"elementor-row\">\n\t\t\t\t\t<div class=\"elementor-column elementor-col-100 elementor-top-column elementor-element elementor-element-e9472b3\" data-id=\"e9472b3\" data-element_type=\"column\">\n\t\t\t<div class=\"elementor-column-wrap elementor-element-populated\">\n\t\t\t\t\t\t\t<div class=\"elementor-widget-wrap\">\n\t\t\t\t\t\t<div class=\"elementor-element elementor-element-d2669ca elementor-widget elementor-widget-heading\" data-id=\"d2669ca\" data-element_type=\"widget\" data-widget_type=\"heading.default\">\n\t\t\t\t<div class=\"elementor-widget-container\">\n\t\t\t<h3 class=\"elementor-heading-title elementor-size-default\">LAUREACI<\/h3>\t\t<\/div>\n\t\t\t\t<\/div>\n\t\t\t\t<div class=\"elementor-element elementor-element-592c940 elementor-widget elementor-widget-html\" data-id=\"592c940\" data-element_type=\"widget\" data-widget_type=\"html.default\">\n\t\t\t\t<div class=\"elementor-widget-container\">\n\t\t\t<table>\r\n    <tr>\r\n        <td>Miejsce<\/td>\r\n        <td>Nazwisko<\/td>\r\n        <td>Imi\u0119<\/td>\r\n        <td>Nazwa szko\u0142y <\/td>\r\n    <\/tr>\r\n    <tr>\r\n        <td>1<\/td>\r\n        <td>Kossakowski<\/td>\r\n        <td>Mariusz<\/td>\r\n        <td>II Liceum Og\u00f3lnokszta\u0142c\u0105ce im. Ksi\u0119\u017cnej Anny z Sapieh\u00f3w Jab\u0142onowskiej w Bia\u0142ymstoku <\/td>\r\n    <\/tr>\r\n    <tr>\r\n        <td>2<\/td>\r\n        <td>Karwik<\/td>\r\n        <td>Maciej<\/td>\r\n        <td>V Liceum Og\u00f3lnokszta\u0142c\u0105ce im. Stefana \u017beromskiego w Gda\u0144sku <\/td>\r\n    <\/tr>\r\n    <tr>\r\n        <td>3<\/td>\r\n        <td>Izdebski<\/td>\r\n        <td>Jakub<\/td>\r\n        <td>I Liceum Og\u00f3lnokszta\u0142c\u0105ce im. Adama Mickiewicza w Olsztynie <\/td>\r\n    <\/tr>\r\n    <tr>\r\n        <td>4<\/td>\r\n        <td>Wiechnik<\/td>\r\n        <td>Olaf<\/td>\r\n        <td>III Liceum Og\u00f3lnokszta\u0142c\u0105ce im. A. Mickiewicza w Katowicach <\/td>\r\n    <\/tr>\r\n    <tr>\r\n        <td>5<\/td>\r\n        <td>Niezgoda<\/td>\r\n        <td>Anna<\/td>\r\n        <td>Liceum Og\u00f3lnokszta\u0142c\u0105ce im. Jana III Sobieskiego w Lublinie <\/td>\r\n    <\/tr>\r\n    <tr>\r\n        <td>6<\/td>\r\n        <td>Niemira<\/td>\r\n        <td>Mateusz<\/td>\r\n        <td>VIII Liceum Og\u00f3lnokszta\u0142c\u0105ce imienia Adama Mickiewicza w Poznaniu <\/td>\r\n    <\/tr>\r\n    <tr>\r\n        <td>7<\/td>\r\n        <td>B\u0142aszczak<\/td>\r\n        <td>Tomasz<\/td>\r\n        <td>Wojskowe Og\u00f3lnokszta\u0142c\u0105ce Liceum Informatyczne w Warszawie <\/td>\r\n    <\/tr>\r\n    <tr>\r\n        <td>8<\/td>\r\n        <td>Pasula<\/td>\r\n        <td>Piotr<\/td>\r\n        <td>III Liceum Og\u00f3lnokszta\u0142c\u0105ce im. Adama Mickiewicza w Tarnowie <\/td>\r\n    <\/tr>\r\n    <tr>\r\n        <td>9<\/td>\r\n        <td>Bartczak<\/td>\r\n        <td>Marcel<\/td>\r\n        <td>II Liceum Og\u00f3lnokszta\u0142c\u0105ce im. Mieszka I w Szczecinie <\/td>\r\n    <\/tr>\r\n    <tr>\r\n        <td>10<\/td>\r\n        <td>Sk\u00f3rczy\u0144ski<\/td>\r\n        <td>Kacper<\/td>\r\n        <td>Zesp\u00f3\u0142 Szk\u00f3\u0142 nr 1  im. Powsta\u0144c\u00f3w Wielkopolskich w Swarz\u0119dzu <\/td>\r\n    <\/tr>\r\n<\/table>\t\t<\/div>\n\t\t\t\t<\/div>\n\t\t\t\t<div class=\"elementor-element elementor-element-504ee43 elementor-widget elementor-widget-heading\" data-id=\"504ee43\" data-element_type=\"widget\" data-widget_type=\"heading.default\">\n\t\t\t\t<div class=\"elementor-widget-container\">\n\t\t\t<h3 class=\"elementor-heading-title elementor-size-default\">FINALI\u015aCI<\/h3>\t\t<\/div>\n\t\t\t\t<\/div>\n\t\t\t\t<div class=\"elementor-element elementor-element-b549e94 elementor-widget elementor-widget-html\" data-id=\"b549e94\" data-element_type=\"widget\" data-widget_type=\"html.default\">\n\t\t\t\t<div class=\"elementor-widget-container\">\n\t\t\t<table>\r\n    <tr>\r\n        <td>Miejsce<\/td>\r\n        <td>Nazwisko<\/td>\r\n        <td>Imi\u0119<\/td>\r\n        <td>Nazwa szko\u0142y <\/td>\r\n    <\/tr>\r\n    <tr>\r\n        <td>11<\/td>\r\n        <td>Lenart<\/td>\r\n        <td>\u0141ukasz Stanis\u0142aw<\/td>\r\n        <td>Liceum Og\u00f3lnokszta\u0142c\u0105ce nr XIV im. Polonii Belgijskiej we Wroc\u0142awiu <\/td>\r\n    <\/tr>\r\n    <tr>\r\n        <td>12<\/td>\r\n        <td>Poluk<\/td>\r\n        <td>Mateusz<\/td>\r\n        <td>Powiatowe Centrum Kszta\u0142cenia Zawodowego i Ustawicznego w Wieliczce <\/td>\r\n    <\/tr>\r\n    <tr>\r\n        <td>13<\/td>\r\n        <td>Piko\u0144<\/td>\r\n        <td>Agata<\/td>\r\n        <td>III Liceum Og\u00f3lnokszta\u0142c\u0105ce im. A. Mickiewicza w Katowicach <\/td>\r\n    <\/tr>\r\n    <tr>\r\n        <td>14<\/td>\r\n        <td>Tuchowska<\/td>\r\n        <td>Wiktoria<\/td>\r\n        <td>III Liceum Og\u00f3lnokszta\u0142c\u0105ce im. Adama Mickiewicza w Tarnowie <\/td>\r\n    <\/tr>\r\n    <tr>\r\n        <td>15<\/td>\r\n        <td>Gozdek<\/td>\r\n        <td>Stanis\u0142aw Andrzej<\/td>\r\n        <td>VI Liceum Og\u00f3lnokszta\u0142c\u0105ce im. Jana i J\u0119drzeja \u015aniadeckich w Bydgoszczy <\/td>\r\n    <\/tr>\r\n    <tr>\r\n        <td>16<\/td>\r\n        <td>Patacz<\/td>\r\n        <td>Magdalena Aleksandra<\/td>\r\n        <td>Zesp\u00f3\u0142 Szk\u00f3\u0142 nr 1 w Wieluniu <\/td>\r\n    <\/tr>\r\n    <tr>\r\n        <td>17<\/td>\r\n        <td>Kwapi\u0144ski<\/td>\r\n        <td>Maciej Hubert<\/td>\r\n        <td>Zesp\u00f3\u0142 Szk\u00f3\u0142 Ponadpodstawowych numer 5 w Piotrkowie Trybunalskim <\/td>\r\n    <\/tr>\r\n    <tr>\r\n        <td>18<\/td>\r\n        <td>Falc<\/td>\r\n        <td>Pawe\u0142<\/td>\r\n        <td>V Liceum Og\u00f3lnokszta\u0142c\u0105ce im. Stefana \u017beromskiego w Gda\u0144sku<\/td>\r\n    <\/tr>\r\n<\/table>\t\t<\/div>\n\t\t\t\t<\/div>\n\t\t\t\t<div class=\"elementor-element elementor-element-98c9385 elementor-widget elementor-widget-heading\" data-id=\"98c9385\" data-element_type=\"widget\" data-widget_type=\"heading.default\">\n\t\t\t\t<div class=\"elementor-widget-container\">\n\t\t\t<h3 class=\"elementor-heading-title elementor-size-default\">II etap<\/h3>\t\t<\/div>\n\t\t\t\t<\/div>\n\t\t\t\t<div class=\"elementor-element elementor-element-1c09bdb elementor-align-center elementor-widget elementor-widget-button\" data-id=\"1c09bdb\" data-element_type=\"widget\" data-widget_type=\"button.default\">\n\t\t\t\t<div class=\"elementor-widget-container\">\n\t\t\t\t\t<div class=\"elementor-button-wrapper\">\n\t\t\t<a href=\"https:\/\/finansomania.edu.pl\/I-edycja\/wp-content\/uploads\/2022\/02\/WYNIKI-do-publikacji.pdf\" target=\"_blank\" class=\"elementor-button-link elementor-button elementor-size-md\" role=\"button\">\n\t\t\t\t\t\t<span class=\"elementor-button-content-wrapper\">\n\t\t\t\t\t\t<span class=\"elementor-button-text\">Wyniki<\/span>\n\t\t<\/span>\n\t\t\t\t\t<\/a>\n\t\t<\/div>\n\t\t\t\t<\/div>\n\t\t\t\t<\/div>\n\t\t\t\t<div class=\"elementor-element elementor-element-1978fd3 elementor-widget elementor-widget-heading\" data-id=\"1978fd3\" data-element_type=\"widget\" data-widget_type=\"heading.default\">\n\t\t\t\t<div class=\"elementor-widget-container\">\n\t\t\t<h3 class=\"elementor-heading-title elementor-size-default\">I etap<\/h3>\t\t<\/div>\n\t\t\t\t<\/div>\n\t\t\t\t<div class=\"elementor-element elementor-element-c53d998 elementor-align-center elementor-widget elementor-widget-button\" data-id=\"c53d998\" data-element_type=\"widget\" data-widget_type=\"button.default\">\n\t\t\t\t<div class=\"elementor-widget-container\">\n\t\t\t\t\t<div class=\"elementor-button-wrapper\">\n\t\t\t<a href=\"https:\/\/finansomania.edu.pl\/I-edycja\/wp-content\/uploads\/2022\/01\/Decyzja-Komitetu-Glownego-I-etap_22.12.2021.pdf\" target=\"_blank\" class=\"elementor-button-link elementor-button elementor-size-md\" role=\"button\">\n\t\t\t\t\t\t<span class=\"elementor-button-content-wrapper\">\n\t\t\t\t\t\t<span class=\"elementor-button-text\">Decyzja Komitetu G\u0142\u00f3wnego<\/span>\n\t\t<\/span>\n\t\t\t\t\t<\/a>\n\t\t<\/div>\n\t\t\t\t<\/div>\n\t\t\t\t<\/div>\n\t\t\t\t<div class=\"elementor-element elementor-element-9002329 elementor-align-center elementor-widget elementor-widget-button\" data-id=\"9002329\" data-element_type=\"widget\" data-widget_type=\"button.default\">\n\t\t\t\t<div class=\"elementor-widget-container\">\n\t\t\t\t\t<div class=\"elementor-button-wrapper\">\n\t\t\t<a href=\"https:\/\/finansomania.edu.pl\/I-edycja\/wp-content\/uploads\/2021\/12\/WYNIKI.pdf\" target=\"_blank\" class=\"elementor-button-link elementor-button elementor-size-md\" role=\"button\">\n\t\t\t\t\t\t<span class=\"elementor-button-content-wrapper\">\n\t\t\t\t\t\t<span class=\"elementor-button-text\">Wyniki<\/span>\n\t\t<\/span>\n\t\t\t\t\t<\/a>\n\t\t<\/div>\n\t\t\t\t<\/div>\n\t\t\t\t<\/div>\n\t\t\t\t\t\t<\/div>\n\t\t\t\t\t<\/div>\n\t\t<\/div>\n\t\t\t\t\t\t\t\t<\/div>\n\t\t\t\t\t<\/div>\n\t\t<\/section>\n\t\t\t\t<section class=\"elementor-section elementor-top-section elementor-element elementor-element-11190da elementor-section-boxed elementor-section-height-default elementor-section-height-default\" data-id=\"11190da\" data-element_type=\"section\">\n\t\t\t\t\t\t<div class=\"elementor-container elementor-column-gap-default\">\n\t\t\t\t\t\t\t<div class=\"elementor-row\">\n\t\t\t\t\t<div class=\"elementor-column elementor-col-100 elementor-top-column elementor-element elementor-element-297af6c\" data-id=\"297af6c\" data-element_type=\"column\">\n\t\t\t<div class=\"elementor-column-wrap elementor-element-populated\">\n\t\t\t\t\t\t\t<div class=\"elementor-widget-wrap\">\n\t\t\t\t\t\t<div class=\"elementor-element elementor-element-12a9fb2 elementor-widget elementor-widget-heading\" data-id=\"12a9fb2\" data-element_type=\"widget\" data-widget_type=\"heading.default\">\n\t\t\t\t<div class=\"elementor-widget-container\">\n\t\t\t<h3 class=\"elementor-heading-title elementor-size-default\">II etap<\/h3>\t\t<\/div>\n\t\t\t\t<\/div>\n\t\t\t\t<div class=\"elementor-element elementor-element-de3c6b1 elementor-align-center elementor-widget elementor-widget-button\" data-id=\"de3c6b1\" data-element_type=\"widget\" data-widget_type=\"button.default\">\n\t\t\t\t<div class=\"elementor-widget-container\">\n\t\t\t\t\t<div class=\"elementor-button-wrapper\">\n\t\t\t<a href=\"https:\/\/finansomania.edu.pl\/I-edycja\/wp-content\/uploads\/2022\/02\/WYNIKI-do-publikacji.pdf\" target=\"_blank\" class=\"elementor-button-link elementor-button elementor-size-md\" role=\"button\">\n\t\t\t\t\t\t<span class=\"elementor-button-content-wrapper\">\n\t\t\t\t\t\t<span class=\"elementor-button-text\">Wyniki<\/span>\n\t\t<\/span>\n\t\t\t\t\t<\/a>\n\t\t<\/div>\n\t\t\t\t<\/div>\n\t\t\t\t<\/div>\n\t\t\t\t<div class=\"elementor-element elementor-element-32971e6 elementor-widget elementor-widget-heading\" data-id=\"32971e6\" data-element_type=\"widget\" data-widget_type=\"heading.default\">\n\t\t\t\t<div class=\"elementor-widget-container\">\n\t\t\t<h3 class=\"elementor-heading-title elementor-size-default\">I etap<\/h3>\t\t<\/div>\n\t\t\t\t<\/div>\n\t\t\t\t<div class=\"elementor-element elementor-element-ad0aa12 elementor-align-center elementor-widget elementor-widget-button\" data-id=\"ad0aa12\" data-element_type=\"widget\" data-widget_type=\"button.default\">\n\t\t\t\t<div class=\"elementor-widget-container\">\n\t\t\t\t\t<div class=\"elementor-button-wrapper\">\n\t\t\t<a href=\"https:\/\/finansomania.edu.pl\/I-edycja\/wp-content\/uploads\/2022\/01\/Decyzja-Komitetu-Glownego-I-etap_22.12.2021.pdf\" target=\"_blank\" class=\"elementor-button-link elementor-button elementor-size-md\" role=\"button\">\n\t\t\t\t\t\t<span class=\"elementor-button-content-wrapper\">\n\t\t\t\t\t\t<span class=\"elementor-button-text\">Decyzja Komitetu G\u0142\u00f3wnego<\/span>\n\t\t<\/span>\n\t\t\t\t\t<\/a>\n\t\t<\/div>\n\t\t\t\t<\/div>\n\t\t\t\t<\/div>\n\t\t\t\t<div class=\"elementor-element elementor-element-7bffe64 elementor-align-center elementor-widget elementor-widget-button\" data-id=\"7bffe64\" data-element_type=\"widget\" data-widget_type=\"button.default\">\n\t\t\t\t<div class=\"elementor-widget-container\">\n\t\t\t\t\t<div class=\"elementor-button-wrapper\">\n\t\t\t<a href=\"https:\/\/finansomania.edu.pl\/I-edycja\/wp-content\/uploads\/2021\/12\/WYNIKI.pdf\" target=\"_blank\" class=\"elementor-button-link elementor-button elementor-size-md\" role=\"button\">\n\t\t\t\t\t\t<span class=\"elementor-button-content-wrapper\">\n\t\t\t\t\t\t<span class=\"elementor-button-text\">Wyniki<\/span>\n\t\t<\/span>\n\t\t\t\t\t<\/a>\n\t\t<\/div>\n\t\t\t\t<\/div>\n\t\t\t\t<\/div>\n\t\t\t\t\t\t<\/div>\n\t\t\t\t\t<\/div>\n\t\t<\/div>\n\t\t\t\t\t\t\t\t<\/div>\n\t\t\t\t\t<\/div>\n\t\t<\/section>\n\t\t\t\t\t\t<\/div>\n\t\t\t\t\t\t<\/div>\n\t\t\t\t\t<\/div>\n\t\t","protected":false},"excerpt":{"rendered":"<p>Wyniki LAUREACI Miejsce Nazwisko Imi\u0119 Nazwa szko\u0142y 1 Kossakowski Mariusz II Liceum Og\u00f3lnokszta\u0142c\u0105ce im. Ksi\u0119\u017cnej Anny z Sapieh\u00f3w Jab\u0142onowskiej w Bia\u0142ymstoku 2 Karwik Maciej V Liceum Og\u00f3lnokszta\u0142c\u0105ce im. Stefana \u017beromskiego w Gda\u0144sku 3 Izdebski Jakub I Liceum Og\u00f3lnokszta\u0142c\u0105ce im. Adama Mickiewicza w Olsztynie 4 Wiechnik Olaf III Liceum Og\u00f3lnokszta\u0142c\u0105ce im. A. Mickiewicza w Katowicach 5 &#8230; <a title=\"Wyniki\" class=\"read-more\" href=\"https:\/\/finansomania.edu.pl\/I-edycja\/wyniki\/\">Czytaj dalej <span class=\"screen-reader-text\">Wyniki<\/span><\/a><\/p>\n","protected":false},"author":1,"featured_media":0,"parent":0,"menu_order":0,"comment_status":"closed","ping_status":"closed","template":"","meta":[],"_links":{"self":[{"href":"https:\/\/finansomania.edu.pl\/I-edycja\/wp-json\/wp\/v2\/pages\/65"}],"collection":[{"href":"https:\/\/finansomania.edu.pl\/I-edycja\/wp-json\/wp\/v2\/pages"}],"about":[{"href":"https:\/\/finansomania.edu.pl\/I-edycja\/wp-json\/wp\/v2\/types\/page"}],"author":[{"embeddable":true,"href":"https:\/\/finansomania.edu.pl\/I-edycja\/wp-json\/wp\/v2\/users\/1"}],"replies":[{"embeddable":true,"href":"https:\/\/finansomania.edu.pl\/I-edycja\/wp-json\/wp\/v2\/comments?post=65"}],"version-history":[{"count":20,"href":"https:\/\/finansomania.edu.pl\/I-edycja\/wp-json\/wp\/v2\/pages\/65\/revisions"}],"predecessor-version":[{"id":904,"href":"https:\/\/finansomania.edu.pl\/I-edycja\/wp-json\/wp\/v2\/pages\/65\/revisions\/904"}],"wp:attachment":[{"href":"https:\/\/finansomania.edu.pl\/I-edycja\/wp-json\/wp\/v2\/media?parent=65"}],"curies":[{"name":"wp","href":"https:\/\/api.w.org\/{rel}","templated":true}]}}