{"id":651,"date":"2021-09-30T15:00:37","date_gmt":"2021-09-30T13:00:37","guid":{"rendered":"https:\/\/finansomania.edu.pl\/I-edycja\/?page_id=651"},"modified":"2022-04-22T17:56:51","modified_gmt":"2022-04-22T15:56:51","slug":"korzysci-rekrutacyjne","status":"publish","type":"page","link":"https:\/\/finansomania.edu.pl\/I-edycja\/korzysci-rekrutacyjne\/","title":{"rendered":"Korzy\u015bci rekrutacyjne"},"content":{"rendered":"\t\t<div data-elementor-type=\"wp-page\" data-elementor-id=\"651\" class=\"elementor elementor-651\" data-elementor-settings=\"[]\">\n\t\t\t\t\t\t<div class=\"elementor-inner\">\n\t\t\t\t\t\t\t<div class=\"elementor-section-wrap\">\n\t\t\t\t\t\t\t<section class=\"elementor-section elementor-top-section elementor-element elementor-element-b78aa35 elementor-section-boxed elementor-section-height-default elementor-section-height-default\" data-id=\"b78aa35\" data-element_type=\"section\">\n\t\t\t\t\t\t<div class=\"elementor-container elementor-column-gap-default\">\n\t\t\t\t\t\t\t<div class=\"elementor-row\">\n\t\t\t\t\t<div class=\"elementor-column elementor-col-100 elementor-top-column elementor-element elementor-element-e69a061\" data-id=\"e69a061\" data-element_type=\"column\">\n\t\t\t<div class=\"elementor-column-wrap elementor-element-populated\">\n\t\t\t\t\t\t\t<div class=\"elementor-widget-wrap\">\n\t\t\t\t\t\t<div class=\"elementor-element elementor-element-2e47c6f elementor-widget elementor-widget-heading\" data-id=\"2e47c6f\" data-element_type=\"widget\" data-widget_type=\"heading.default\">\n\t\t\t\t<div class=\"elementor-widget-container\">\n\t\t\t<h2 class=\"elementor-heading-title elementor-size-default\">Korzy\u015bci rekrutacyjne w procedurach poszczeg\u00f3lnych uczelni <\/h2>\t\t<\/div>\n\t\t\t\t<\/div>\n\t\t\t\t\t\t<\/div>\n\t\t\t\t\t<\/div>\n\t\t<\/div>\n\t\t\t\t\t\t\t\t<\/div>\n\t\t\t\t\t<\/div>\n\t\t<\/section>\n\t\t\t\t<section class=\"elementor-section elementor-top-section elementor-element elementor-element-5c32132 elementor-section-boxed elementor-section-height-default elementor-section-height-default\" data-id=\"5c32132\" data-element_type=\"section\">\n\t\t\t\t\t\t<div class=\"elementor-container elementor-column-gap-default\">\n\t\t\t\t\t\t\t<div class=\"elementor-row\">\n\t\t\t\t\t<div class=\"elementor-column elementor-col-100 elementor-top-column elementor-element elementor-element-399a2c9\" data-id=\"399a2c9\" data-element_type=\"column\">\n\t\t\t<div class=\"elementor-column-wrap elementor-element-populated\">\n\t\t\t\t\t\t\t<div class=\"elementor-widget-wrap\">\n\t\t\t\t\t\t<div class=\"elementor-element elementor-element-7654a62 elementor-widget elementor-widget-text-editor\" data-id=\"7654a62\" data-element_type=\"widget\" data-widget_type=\"text-editor.default\">\n\t\t\t\t<div class=\"elementor-widget-container\">\n\t\t\t\t\t\t\t\t<div class=\"elementor-text-editor elementor-clearfix\">\n\t\t\t\t<p>Uchwa\u0142y rekrutacyjne poszczeg\u00f3lnych uczelni zamieszczane s\u0105 na bie\u017c\u0105co do wiadomo\u015bci uczestnik\u00f3w zgodnie z ich indywidualnymi procedurami i terminami:<\/p><p>Uniwersytet\u00a0<a target=\"_blank\" rel=\"noopener noreferrer\" name=\"x_page2\"><\/a>Ekonomiczny we Wroc\u0142awiu <a href=\"https:\/\/finansomania.edu.pl\/I-edycja\/wp-content\/uploads\/2021\/09\/uchwala-Wroclaw.pdf\" target=\"_blank\" rel=\"noopener\">LINK<\/a><\/p><p>Uniwersytet Marii Curie-Sk\u0142odowskiej w Lublinie <a href=\"https:\/\/finansomania.edu.pl\/I-edycja\/wp-content\/uploads\/2021\/09\/uchwala-Lublin.pdf\" target=\"_blank\" rel=\"noopener\">LINK<\/a><\/p><p>Uniwersytet w Bia\u0142ymstoku <a href=\"https:\/\/finansomania.edu.pl\/I-edycja\/wp-content\/uploads\/2021\/09\/Uchwala-Bialystok.pdf\" target=\"_blank\" rel=\"noopener\">LINK<\/a>\u00a0 \u00a0<a href=\"https:\/\/finansomania.edu.pl\/I-edycja\/wp-content\/uploads\/2021\/10\/Nr_2940_-_olimpiady_zmiana_do_2022-2023_wrzesien_2021-1.pdf\" target=\"_blank\" rel=\"noopener\">LINK<\/a>\u00a0 \u00a0<a href=\"https:\/\/finansomania.edu.pl\/I-edycja\/wp-content\/uploads\/2021\/10\/Nr_2941-_zmian_uchwaly_nr_2480_olimpiady_2023-2024.pdf\" target=\"_blank\" rel=\"noopener\">LINK<\/a><\/p><p>Uniwersytet Ekonomiczny w Poznaniu <a href=\"https:\/\/finansomania.edu.pl\/I-edycja\/wp-content\/uploads\/2021\/09\/Uchwala-Poznan.pdf\" target=\"_blank\" rel=\"noopener\">LINK<\/a><\/p><p>Uniwersytet Ekonomiczny w Krakowie <a href=\"https:\/\/finansomania.edu.pl\/I-edycja\/wp-content\/uploads\/2021\/12\/T.0022.83.2021.pdf\" target=\"_blank\" rel=\"noopener\">LINK<\/a><\/p><p>Uniwersytet Opolski <a href=\"https:\/\/finansomania.edu.pl\/I-edycja\/wp-content\/uploads\/2022\/02\/zal_1_US_UO-157-2020-2024.pdf\" target=\"_blank\" rel=\"noopener\">LINK<\/a>\u00a0 \u00a0 <a href=\"https:\/\/finansomania.edu.pl\/I-edycja\/wp-content\/uploads\/2022\/02\/t.j.-US-UO-133-2016-2020.pdf\" target=\"_blank\" rel=\"noopener\">LINK<\/a><\/p><p>Uniwersytet Szczeci\u0144ski <a href=\"https:\/\/finansomania.edu.pl\/I-edycja\/wp-content\/uploads\/2022\/04\/uchwala-nr-64.2021-w-sprawie-zmiany-uchwaly-w-sprawie-olimpiad-1.pdf\" target=\"_blank\" rel=\"noopener\">LINK<\/a>\u00a0 \u00a0<a href=\"https:\/\/finansomania.edu.pl\/I-edycja\/wp-content\/uploads\/2022\/04\/SEN_zal._-do_-uchwaly_-nr_-64-2021_-zmieniajacej_-w_-sprawie_-olimpiad_-20-05-2021.pdf\" target=\"_blank\" rel=\"noopener\">ZA\u0141\u0104CZNIK (str. 25)<\/a><\/p><p>Uniwersytet Gda\u0144ski <a href=\"https:\/\/finansomania.edu.pl\/I-edycja\/wp-content\/uploads\/2022\/04\/olimiady_zal_2.pdf\" target=\"_blank\" rel=\"noopener\">LINK<\/a><\/p>\t\t\t\t\t<\/div>\n\t\t\t\t\t\t<\/div>\n\t\t\t\t<\/div>\n\t\t\t\t\t\t<\/div>\n\t\t\t\t\t<\/div>\n\t\t<\/div>\n\t\t\t\t\t\t\t\t<\/div>\n\t\t\t\t\t<\/div>\n\t\t<\/section>\n\t\t\t\t\t\t<\/div>\n\t\t\t\t\t\t<\/div>\n\t\t\t\t\t<\/div>\n\t\t","protected":false},"excerpt":{"rendered":"<p>Korzy\u015bci rekrutacyjne w procedurach poszczeg\u00f3lnych uczelni Uchwa\u0142y rekrutacyjne poszczeg\u00f3lnych uczelni zamieszczane s\u0105 na bie\u017c\u0105co do wiadomo\u015bci uczestnik\u00f3w zgodnie z ich indywidualnymi procedurami i terminami: Uniwersytet\u00a0Ekonomiczny we Wroc\u0142awiu LINK Uniwersytet Marii Curie-Sk\u0142odowskiej w Lublinie LINK Uniwersytet w Bia\u0142ymstoku LINK\u00a0 \u00a0LINK\u00a0 \u00a0LINK Uniwersytet Ekonomiczny w Poznaniu LINK Uniwersytet Ekonomiczny w Krakowie LINK Uniwersytet Opolski LINK\u00a0 \u00a0 LINK &#8230; <a title=\"Korzy\u015bci rekrutacyjne\" class=\"read-more\" href=\"https:\/\/finansomania.edu.pl\/I-edycja\/korzysci-rekrutacyjne\/\">Czytaj dalej <span class=\"screen-reader-text\">Korzy\u015bci rekrutacyjne<\/span><\/a><\/p>\n","protected":false},"author":1,"featured_media":0,"parent":0,"menu_order":0,"comment_status":"closed","ping_status":"closed","template":"","meta":[],"_links":{"self":[{"href":"https:\/\/finansomania.edu.pl\/I-edycja\/wp-json\/wp\/v2\/pages\/651"}],"collection":[{"href":"https:\/\/finansomania.edu.pl\/I-edycja\/wp-json\/wp\/v2\/pages"}],"about":[{"href":"https:\/\/finansomania.edu.pl\/I-edycja\/wp-json\/wp\/v2\/types\/page"}],"author":[{"embeddable":true,"href":"https:\/\/finansomania.edu.pl\/I-edycja\/wp-json\/wp\/v2\/users\/1"}],"replies":[{"embeddable":true,"href":"https:\/\/finansomania.edu.pl\/I-edycja\/wp-json\/wp\/v2\/comments?post=651"}],"version-history":[{"count":37,"href":"https:\/\/finansomania.edu.pl\/I-edycja\/wp-json\/wp\/v2\/pages\/651\/revisions"}],"predecessor-version":[{"id":919,"href":"https:\/\/finansomania.edu.pl\/I-edycja\/wp-json\/wp\/v2\/pages\/651\/revisions\/919"}],"wp:attachment":[{"href":"https:\/\/finansomania.edu.pl\/I-edycja\/wp-json\/wp\/v2\/media?parent=651"}],"curies":[{"name":"wp","href":"https:\/\/api.w.org\/{rel}","templated":true}]}}