{"id":7,"date":"2020-01-20T10:34:06","date_gmt":"2020-01-20T09:34:06","guid":{"rendered":"https:\/\/finansomania.edu.pl\/I-edycja\/?page_id=7"},"modified":"2022-07-12T10:04:48","modified_gmt":"2022-07-12T08:04:48","slug":"strona-glowna","status":"publish","type":"page","link":"https:\/\/finansomania.edu.pl\/I-edycja\/","title":{"rendered":"Strona g\u0142\u00f3wna"},"content":{"rendered":"\t\t<div data-elementor-type=\"wp-page\" data-elementor-id=\"7\" class=\"elementor elementor-7\" data-elementor-settings=\"[]\">\n\t\t\t\t\t\t<div class=\"elementor-inner\">\n\t\t\t\t\t\t\t<div class=\"elementor-section-wrap\">\n\t\t\t\t\t\t\t<section class=\"elementor-section elementor-top-section elementor-element elementor-element-3b644f5 elementor-section-stretched elementor-section-boxed elementor-section-height-default elementor-section-height-default\" data-id=\"3b644f5\" data-element_type=\"section\" data-settings=\"{&quot;stretch_section&quot;:&quot;section-stretched&quot;,&quot;background_background&quot;:&quot;classic&quot;}\">\n\t\t\t\t\t\t\t<div class=\"elementor-background-overlay\"><\/div>\n\t\t\t\t\t\t\t<div class=\"elementor-container elementor-column-gap-default\">\n\t\t\t\t\t\t\t<div class=\"elementor-row\">\n\t\t\t\t\t<div class=\"elementor-column elementor-col-50 elementor-top-column elementor-element elementor-element-e1dc6c7\" data-id=\"e1dc6c7\" data-element_type=\"column\">\n\t\t\t<div class=\"elementor-column-wrap elementor-element-populated\">\n\t\t\t\t\t\t\t<div class=\"elementor-widget-wrap\">\n\t\t\t\t\t\t<div class=\"elementor-element elementor-element-01f81d4 elementor-widget elementor-widget-heading\" data-id=\"01f81d4\" data-element_type=\"widget\" data-widget_type=\"heading.default\">\n\t\t\t\t<div class=\"elementor-widget-container\">\n\t\t\t<h3 class=\"elementor-heading-title elementor-size-default\">Fina\u0142 Olimpiady ju\u017c 8 kwietnia!<\/h3>\t\t<\/div>\n\t\t\t\t<\/div>\n\t\t\t\t<div class=\"elementor-element elementor-element-57d6d38 elementor-widget elementor-widget-image\" data-id=\"57d6d38\" data-element_type=\"widget\" data-widget_type=\"image.default\">\n\t\t\t\t<div class=\"elementor-widget-container\">\n\t\t\t\t\t\t\t\t<div class=\"elementor-image\">\n\t\t\t\t\t\t\t\t\t\t\t\t<img width=\"576\" height=\"536\" src=\"https:\/\/finansomania.edu.pl\/I-edycja\/wp-content\/uploads\/2021\/11\/ulotka_20211105.png\" class=\"attachment-large size-large\" alt=\"\" loading=\"lazy\" srcset=\"https:\/\/finansomania.edu.pl\/I-edycja\/wp-content\/uploads\/2021\/11\/ulotka_20211105.png 576w, https:\/\/finansomania.edu.pl\/I-edycja\/wp-content\/uploads\/2021\/11\/ulotka_20211105-300x279.png 300w\" sizes=\"(max-width: 576px) 100vw, 576px\" \/>\t\t\t\t\t\t\t\t\t\t\t\t\t\t<\/div>\n\t\t\t\t\t\t<\/div>\n\t\t\t\t<\/div>\n\t\t\t\t<div class=\"elementor-element elementor-element-5f200c2 elementor-widget elementor-widget-text-editor\" data-id=\"5f200c2\" data-element_type=\"widget\" data-widget_type=\"text-editor.default\">\n\t\t\t\t<div class=\"elementor-widget-container\">\n\t\t\t\t\t\t\t\t<div class=\"elementor-text-editor elementor-clearfix\">\n\t\t\t\t<h2 style=\"font-weight: bold; font-size: 26px;\">Tematem przewodnim I edycji jest Bankowo\u015b\u0107<\/h2><p style=\"text-align: justify;\">Laureaci i finali\u015bci Olimpiady mog\u0105 uzyska\u0107 specjalne uprawnienia w post\u0119powaniach kwalifikacyjnych na uczelnie wsp\u00f3\u0142organizuj\u0105ce Olimpiad\u0119 oraz liczne nagrody rzeczowe. Szko\u0142y (nauczycieli-opiekun\u00f3w finalist\u00f3w) nagradzamy pakietami publikacji oraz upominkami rzeczowymi.<\/p>\t\t\t\t\t<\/div>\n\t\t\t\t\t\t<\/div>\n\t\t\t\t<\/div>\n\t\t\t\t<div class=\"elementor-element elementor-element-e8fd05b elementor-aspect-ratio-43 elementor-widget elementor-widget-video\" data-id=\"e8fd05b\" data-element_type=\"widget\" data-settings=\"{&quot;video_type&quot;:&quot;hosted&quot;,&quot;autoplay&quot;:&quot;yes&quot;,&quot;play_on_mobile&quot;:&quot;yes&quot;,&quot;aspect_ratio&quot;:&quot;43&quot;,&quot;controls&quot;:&quot;yes&quot;}\" data-widget_type=\"video.default\">\n\t\t\t\t<div class=\"elementor-widget-container\">\n\t\t\t\t\t<div class=\"e-hosted-video elementor-wrapper elementor-fit-aspect-ratio elementor-open-inline\">\n\t\t\t\t\t<video class=\"elementor-video\" src=\"https:\/\/finansomania.edu.pl\/I-edycja\/wp-content\/uploads\/2022\/07\/Finansomania-2022-1.mp4\" autoplay=\"\" controls=\"\" playsinline=\"\" controlsList=\"nodownload\"><\/video>\n\t\t\t\t<\/div>\n\t\t\t\t<\/div>\n\t\t\t\t<\/div>\n\t\t\t\t<div class=\"elementor-element elementor-element-fee4d2c elementor-widget elementor-widget-text-editor\" data-id=\"fee4d2c\" data-element_type=\"widget\" data-widget_type=\"text-editor.default\">\n\t\t\t\t<div class=\"elementor-widget-container\">\n\t\t\t\t\t\t\t\t<div class=\"elementor-text-editor elementor-clearfix\">\n\t\t\t\t<p style=\"text-align: right; margin: 0; font-size: 12px;display:none;\"><em>autorka: Maria Bartkowiak, LO VI w Poznaniu<\/em><\/p>\t\t\t\t\t<\/div>\n\t\t\t\t\t\t<\/div>\n\t\t\t\t<\/div>\n\t\t\t\t\t\t<\/div>\n\t\t\t\t\t<\/div>\n\t\t<\/div>\n\t\t\t\t<div class=\"elementor-column elementor-col-50 elementor-top-column elementor-element elementor-element-62106c7\" data-id=\"62106c7\" data-element_type=\"column\">\n\t\t\t<div class=\"elementor-column-wrap elementor-element-populated\">\n\t\t\t\t\t\t\t<div class=\"elementor-widget-wrap\">\n\t\t\t\t\t\t<div class=\"elementor-element elementor-element-3dd26fd elementor-widget elementor-widget-heading\" data-id=\"3dd26fd\" data-element_type=\"widget\" data-widget_type=\"heading.default\">\n\t\t\t\t<div class=\"elementor-widget-container\">\n\t\t\t<h2 class=\"elementor-heading-title elementor-size-default\">Co to jest Finansomania?<\/h2>\t\t<\/div>\n\t\t\t\t<\/div>\n\t\t\t\t<div class=\"elementor-element elementor-element-2e5fe2c elementor-widget elementor-widget-text-editor\" data-id=\"2e5fe2c\" data-element_type=\"widget\" data-widget_type=\"text-editor.default\">\n\t\t\t\t<div class=\"elementor-widget-container\">\n\t\t\t\t\t\t\t\t<div class=\"elementor-text-editor elementor-clearfix\">\n\t\t\t\t<span style=\"color: #fff; font-family: 'Open Sans', Arial, sans-serif; font-size: 14px; text-align: justify;\">Organizacja pierwszej edycji Og\u00f3lnopolskiej Olimpiady Wiedzy o Finansach \u201eFinansomania&#8221; oparta zosta\u0142a na dotychczasowych zmaganiach m\u0142odzie\u017cy i student\u00f3w w Konkursach Wiedzy o Finansach \u201eFinansomania\u201d oraz \u201eFinansomania Junior\u201d, kt\u00f3re charakteryzowa\u0142y si\u0119 du\u017c\u0105 popularno\u015bci\u0105 w\u015br\u00f3d m\u0142odego pokolenia w woj. wielkopolskim i wojew\u00f3dztwach o\u015bciennych. Wychodz\u0105c naprzeciw oczekiwaniom nauczycieli i m\u0142odzie\u017cy, Uniwersytet Ekonomiczny d\u0105\u017cy do zorganizowania og\u00f3lnopolskiego wydarzenia o stricte tematyce finansowej. Olimpiada uzupe\u0142nia krajow\u0105 ofert\u0119 olimpiad i konkurs\u00f3w skierowanych do uczni\u00f3w szk\u00f3\u0142 ponadpodstawowych. <\/span>\t\t\t\t\t<\/div>\n\t\t\t\t\t\t<\/div>\n\t\t\t\t<\/div>\n\t\t\t\t<section class=\"elementor-section elementor-inner-section elementor-element elementor-element-af36cfd elementor-section-boxed elementor-section-height-default elementor-section-height-default\" data-id=\"af36cfd\" data-element_type=\"section\">\n\t\t\t\t\t\t<div class=\"elementor-container elementor-column-gap-default\">\n\t\t\t\t\t\t\t<div class=\"elementor-row\">\n\t\t\t\t\t<div class=\"elementor-column elementor-col-33 elementor-inner-column elementor-element elementor-element-8c824d6\" data-id=\"8c824d6\" data-element_type=\"column\">\n\t\t\t<div class=\"elementor-column-wrap elementor-element-populated\">\n\t\t\t\t\t\t\t<div class=\"elementor-widget-wrap\">\n\t\t\t\t\t\t<div class=\"elementor-element elementor-element-f7061c7 elementor-align-center bttn elementor-widget__width-initial elementor-widget elementor-widget-button\" data-id=\"f7061c7\" data-element_type=\"widget\" data-widget_type=\"button.default\">\n\t\t\t\t<div class=\"elementor-widget-container\">\n\t\t\t\t\t<div class=\"elementor-button-wrapper\">\n\t\t\t<a href=\"https:\/\/finansomania.edu.pl\/I-edycja\/podstawowe-informacje\/\" class=\"elementor-button-link elementor-button elementor-size-sm elementor-animation-grow\" role=\"button\">\n\t\t\t\t\t\t<span class=\"elementor-button-content-wrapper\">\n\t\t\t\t\t\t<span class=\"elementor-button-text\">O Olimpiadzie<\/span>\n\t\t<\/span>\n\t\t\t\t\t<\/a>\n\t\t<\/div>\n\t\t\t\t<\/div>\n\t\t\t\t<\/div>\n\t\t\t\t\t\t<\/div>\n\t\t\t\t\t<\/div>\n\t\t<\/div>\n\t\t\t\t<div class=\"elementor-column elementor-col-33 elementor-inner-column elementor-element elementor-element-d37c0a8\" data-id=\"d37c0a8\" data-element_type=\"column\">\n\t\t\t<div class=\"elementor-column-wrap elementor-element-populated\">\n\t\t\t\t\t\t\t<div class=\"elementor-widget-wrap\">\n\t\t\t\t\t\t<div class=\"elementor-element elementor-element-c035c2f elementor-align-center bttn elementor-widget__width-initial elementor-widget elementor-widget-button\" data-id=\"c035c2f\" data-element_type=\"widget\" data-widget_type=\"button.default\">\n\t\t\t\t<div class=\"elementor-widget-container\">\n\t\t\t\t\t<div class=\"elementor-button-wrapper\">\n\t\t\t<a href=\"https:\/\/finansomania.edu.pl\/I-edycja\/quizy\/\" class=\"elementor-button-link elementor-button elementor-size-sm elementor-animation-grow\" role=\"button\">\n\t\t\t\t\t\t<span class=\"elementor-button-content-wrapper\">\n\t\t\t\t\t\t<span class=\"elementor-button-text\">Quizy<\/span>\n\t\t<\/span>\n\t\t\t\t\t<\/a>\n\t\t<\/div>\n\t\t\t\t<\/div>\n\t\t\t\t<\/div>\n\t\t\t\t\t\t<\/div>\n\t\t\t\t\t<\/div>\n\t\t<\/div>\n\t\t\t\t<div class=\"elementor-column elementor-col-33 elementor-inner-column elementor-element elementor-element-18b68e7\" data-id=\"18b68e7\" data-element_type=\"column\">\n\t\t\t<div class=\"elementor-column-wrap elementor-element-populated\">\n\t\t\t\t\t\t\t<div class=\"elementor-widget-wrap\">\n\t\t\t\t\t\t<div class=\"elementor-element elementor-element-a1eef4e elementor-align-center bttn elementor-widget__width-initial elementor-widget elementor-widget-button\" data-id=\"a1eef4e\" data-element_type=\"widget\" data-widget_type=\"button.default\">\n\t\t\t\t<div class=\"elementor-widget-container\">\n\t\t\t\t\t<div class=\"elementor-button-wrapper\">\n\t\t\t<a href=\"https:\/\/finansomania.edu.pl\/I-edycja\/wp-content\/uploads\/2021\/11\/FINANSOMANIA_ulotka-10.11.pdf\" target=\"_blank\" class=\"elementor-button-link elementor-button elementor-size-sm elementor-animation-grow\" role=\"button\">\n\t\t\t\t\t\t<span class=\"elementor-button-content-wrapper\">\n\t\t\t\t\t\t<span class=\"elementor-button-text\">Pobierz ulotk\u0119<\/span>\n\t\t<\/span>\n\t\t\t\t\t<\/a>\n\t\t<\/div>\n\t\t\t\t<\/div>\n\t\t\t\t<\/div>\n\t\t\t\t\t\t<\/div>\n\t\t\t\t\t<\/div>\n\t\t<\/div>\n\t\t\t\t\t\t\t\t<\/div>\n\t\t\t\t\t<\/div>\n\t\t<\/section>\n\t\t\t\t<div class=\"elementor-element elementor-element-c127487 elementor-widget elementor-widget-heading\" data-id=\"c127487\" data-element_type=\"widget\" data-widget_type=\"heading.default\">\n\t\t\t\t<div class=\"elementor-widget-container\">\n\t\t\t<h3 class=\"elementor-heading-title elementor-size-default\">Podr\u0119cznik Finansomania. Podstawy wiedzy o finansach<\/h3>\t\t<\/div>\n\t\t\t\t<\/div>\n\t\t\t\t<div class=\"elementor-element elementor-element-7238324 elementor-widget elementor-widget-image\" data-id=\"7238324\" data-element_type=\"widget\" data-widget_type=\"image.default\">\n\t\t\t\t<div class=\"elementor-widget-container\">\n\t\t\t\t\t\t\t\t<div class=\"elementor-image\">\n\t\t\t\t\t\t\t\t\t\t\t\t<img width=\"213\" height=\"300\" src=\"https:\/\/finansomania.edu.pl\/I-edycja\/wp-content\/uploads\/2021\/06\/978-83-8211-064-7-213x300.jpg\" class=\"attachment-medium size-medium\" alt=\"\" loading=\"lazy\" srcset=\"https:\/\/finansomania.edu.pl\/I-edycja\/wp-content\/uploads\/2021\/06\/978-83-8211-064-7-213x300.jpg 213w, https:\/\/finansomania.edu.pl\/I-edycja\/wp-content\/uploads\/2021\/06\/978-83-8211-064-7-726x1024.jpg 726w, https:\/\/finansomania.edu.pl\/I-edycja\/wp-content\/uploads\/2021\/06\/978-83-8211-064-7-768x1084.jpg 768w, https:\/\/finansomania.edu.pl\/I-edycja\/wp-content\/uploads\/2021\/06\/978-83-8211-064-7.jpg 900w\" sizes=\"(max-width: 213px) 100vw, 213px\" \/>\t\t\t\t\t\t\t\t\t\t\t\t\t\t<\/div>\n\t\t\t\t\t\t<\/div>\n\t\t\t\t<\/div>\n\t\t\t\t<div class=\"elementor-element elementor-element-41ccfd8 elementor-widget elementor-widget-text-editor\" data-id=\"41ccfd8\" data-element_type=\"widget\" data-widget_type=\"text-editor.default\">\n\t\t\t\t<div class=\"elementor-widget-container\">\n\t\t\t\t\t\t\t\t<div class=\"elementor-text-editor elementor-clearfix\">\n\t\t\t\t<p style=\"color: #fff; font-family: 'Open Sans', Arial, sans-serif; font-size: 14px; text-align: justify;\">Polecamy ksi\u0105\u017ck\u0119, kt\u00f3ra jest jak bardzo dobra multiwitamina. Dostarcza kompleksowego wsparcia osobom, kt\u00f3re chc\u0105 pozna\u0107 \u015bwiat finans\u00f3w i funkcjonowa\u0107 w tym \u015bwiecie, a zatem jest wsparciem dla szerokiego grona czytelnik\u00f3w. Kompleksowo\u015b\u0107 wi\u0105\u017ce si\u0119 z szerokim spektrum poruszanych zagadnie\u0144: od finans\u00f3w osobistych po finanse mi\u0119dzynarodowe, od finans\u00f3w publicznych po finanse przedsi\u0119biorstw, od prostych instrument\u00f3w finansowych, jak czek, po te notowane na gie\u0142dach papier\u00f3w warto\u015bciowych. Co wa\u017cne, zagadnienia te przedstawiono w \u015bwietnie przyswajalnej pigu\u0142ce. Przyswajalno\u015b\u0107 tej pigu\u0142ki wynika z formy i j\u0119zyka przekazu. Czytelnik znajdzie tu przejrzyste definicje i liczne przyk\u0142ady oraz ilustracje. Znajdzie te\u017c zadania, kt\u00f3re umo\u017cliwi\u0105 mu weryfikacj\u0119 zdobytej wiedzy.<\/p><p style=\"color: #fff; font-family: 'Open Sans', Arial, sans-serif; font-size: 14px; text-align: justify;\">Cho\u0107 podr\u0119cznik by\u0142 tworzony z my\u015bl\u0105 o m\u0142odzie\u017cy przygotowuj\u0105cej si\u0119 do Og\u00f3lnopolskiej Olimpiady Wiedzy o Finansach \u201eFinansomania\u201d, z pewno\u015bci\u0105 b\u0119dzie te\u017c wsparciem dla wielu innych czytelnik\u00f3w i poszerzy grono finansomaniak\u00f3w.<\/p>\t\t\t\t\t<\/div>\n\t\t\t\t\t\t<\/div>\n\t\t\t\t<\/div>\n\t\t\t\t<div class=\"elementor-element elementor-element-178f1ac elementor-align-center elementor-widget__width-initial elementor-widget elementor-widget-button\" data-id=\"178f1ac\" data-element_type=\"widget\" data-widget_type=\"button.default\">\n\t\t\t\t<div class=\"elementor-widget-container\">\n\t\t\t\t\t<div class=\"elementor-button-wrapper\">\n\t\t\t<a href=\"https:\/\/wydawnictwo.ue.poznan.pl\/book.html?isbn=978-83-8211-064-7\" target=\"_blank\" class=\"elementor-button-link elementor-button elementor-size-sm elementor-animation-grow\" role=\"button\">\n\t\t\t\t\t\t<span class=\"elementor-button-content-wrapper\">\n\t\t\t\t\t\t<span class=\"elementor-button-text\">Strona Wydawnictwa<\/span>\n\t\t<\/span>\n\t\t\t\t\t<\/a>\n\t\t<\/div>\n\t\t\t\t<\/div>\n\t\t\t\t<\/div>\n\t\t\t\t\t\t<\/div>\n\t\t\t\t\t<\/div>\n\t\t<\/div>\n\t\t\t\t\t\t\t\t<\/div>\n\t\t\t\t\t<\/div>\n\t\t<\/section>\n\t\t\t\t\t\t<\/div>\n\t\t\t\t\t\t<\/div>\n\t\t\t\t\t<\/div>\n\t\t","protected":false},"excerpt":{"rendered":"<p>Fina\u0142 Olimpiady ju\u017c 8 kwietnia! Tematem przewodnim I edycji jest Bankowo\u015b\u0107 Laureaci i finali\u015bci Olimpiady mog\u0105 uzyska\u0107 specjalne uprawnienia w post\u0119powaniach kwalifikacyjnych na uczelnie wsp\u00f3\u0142organizuj\u0105ce Olimpiad\u0119 oraz liczne nagrody rzeczowe. Szko\u0142y (nauczycieli-opiekun\u00f3w finalist\u00f3w) nagradzamy pakietami publikacji oraz upominkami rzeczowymi. https:\/\/finansomania.edu.pl\/I-edycja\/wp-content\/uploads\/2022\/07\/Finansomania-2022-1.mp4 autorka: Maria Bartkowiak, LO VI w Poznaniu Co to jest Finansomania? Organizacja pierwszej edycji Og\u00f3lnopolskiej &#8230; <a title=\"Strona g\u0142\u00f3wna\" class=\"read-more\" href=\"https:\/\/finansomania.edu.pl\/I-edycja\/\">Czytaj dalej <span class=\"screen-reader-text\">Strona g\u0142\u00f3wna<\/span><\/a><\/p>\n","protected":false},"author":1,"featured_media":0,"parent":0,"menu_order":0,"comment_status":"closed","ping_status":"closed","template":"","meta":[],"_links":{"self":[{"href":"https:\/\/finansomania.edu.pl\/I-edycja\/wp-json\/wp\/v2\/pages\/7"}],"collection":[{"href":"https:\/\/finansomania.edu.pl\/I-edycja\/wp-json\/wp\/v2\/pages"}],"about":[{"href":"https:\/\/finansomania.edu.pl\/I-edycja\/wp-json\/wp\/v2\/types\/page"}],"author":[{"embeddable":true,"href":"https:\/\/finansomania.edu.pl\/I-edycja\/wp-json\/wp\/v2\/users\/1"}],"replies":[{"embeddable":true,"href":"https:\/\/finansomania.edu.pl\/I-edycja\/wp-json\/wp\/v2\/comments?post=7"}],"version-history":[{"count":133,"href":"https:\/\/finansomania.edu.pl\/I-edycja\/wp-json\/wp\/v2\/pages\/7\/revisions"}],"predecessor-version":[{"id":979,"href":"https:\/\/finansomania.edu.pl\/I-edycja\/wp-json\/wp\/v2\/pages\/7\/revisions\/979"}],"wp:attachment":[{"href":"https:\/\/finansomania.edu.pl\/I-edycja\/wp-json\/wp\/v2\/media?parent=7"}],"curies":[{"name":"wp","href":"https:\/\/api.w.org\/{rel}","templated":true}]}}