{"id":732,"date":"2021-12-08T18:17:51","date_gmt":"2021-12-08T17:17:51","guid":{"rendered":"https:\/\/finansomania.edu.pl\/I-edycja\/?page_id=732"},"modified":"2021-12-09T15:03:27","modified_gmt":"2021-12-09T14:03:27","slug":"formularz-odzyskiwania-resetowania","status":"publish","type":"page","link":"https:\/\/finansomania.edu.pl\/I-edycja\/formularz-odzyskiwania-resetowania\/","title":{"rendered":"Formularz odzyskiwania \/ resetowania"},"content":{"rendered":"\t\t<div data-elementor-type=\"wp-page\" data-elementor-id=\"732\" class=\"elementor elementor-732\" data-elementor-settings=\"[]\">\n\t\t\t\t\t\t<div class=\"elementor-inner\">\n\t\t\t\t\t\t\t<div class=\"elementor-section-wrap\">\n\t\t\t\t\t\t\t<section class=\"elementor-section elementor-top-section elementor-element elementor-element-6db3de9 elementor-section-boxed elementor-section-height-default elementor-section-height-default\" data-id=\"6db3de9\" data-element_type=\"section\">\n\t\t\t\t\t\t<div class=\"elementor-container elementor-column-gap-default\">\n\t\t\t\t\t\t\t<div class=\"elementor-row\">\n\t\t\t\t\t<div class=\"elementor-column elementor-col-100 elementor-top-column elementor-element elementor-element-840566a\" data-id=\"840566a\" data-element_type=\"column\">\n\t\t\t<div class=\"elementor-column-wrap elementor-element-populated\">\n\t\t\t\t\t\t\t<div class=\"elementor-widget-wrap\">\n\t\t\t\t\t\t<div class=\"elementor-element elementor-element-7e84872 elementor-widget elementor-widget-heading\" data-id=\"7e84872\" data-element_type=\"widget\" data-widget_type=\"heading.default\">\n\t\t\t\t<div class=\"elementor-widget-container\">\n\t\t\t<h2 class=\"elementor-heading-title elementor-size-default\">Formularz odzyskiwania \/ resetowania<\/h2>\t\t<\/div>\n\t\t\t\t<\/div>\n\t\t\t\t\t\t<\/div>\n\t\t\t\t\t<\/div>\n\t\t<\/div>\n\t\t\t\t\t\t\t\t<\/div>\n\t\t\t\t\t<\/div>\n\t\t<\/section>\n\t\t\t\t<section class=\"elementor-section elementor-top-section elementor-element elementor-element-a546eeb elementor-section-boxed elementor-section-height-default elementor-section-height-default\" data-id=\"a546eeb\" data-element_type=\"section\">\n\t\t\t\t\t\t<div class=\"elementor-container elementor-column-gap-default\">\n\t\t\t\t\t\t\t<div class=\"elementor-row\">\n\t\t\t\t\t<div class=\"elementor-column elementor-col-100 elementor-top-column elementor-element elementor-element-ed8d766\" data-id=\"ed8d766\" data-element_type=\"column\">\n\t\t\t<div class=\"elementor-column-wrap elementor-element-populated\">\n\t\t\t\t\t\t\t<div class=\"elementor-widget-wrap\">\n\t\t\t\t\t\t<div class=\"elementor-element elementor-element-f0bfb17 elementor-widget elementor-widget-text-editor\" data-id=\"f0bfb17\" data-element_type=\"widget\" data-widget_type=\"text-editor.default\">\n\t\t\t\t<div class=\"elementor-widget-container\">\n\t\t\t\t\t\t\t\t<div class=\"elementor-text-editor elementor-clearfix\">\n\t\t\t\t<p>W przypadku braku maila z loginem i has\u0142em do Platformy Moodle prosimy skorzysta\u0107 z formularza odzyskiwania \/ resetowania has\u0142a:&nbsp;<a href=\"https:\/\/moodle.ue.poznan.pl\/login\/forgot_password.php\" target=\"_blank\">https:\/\/moodle.ue.poznan.pl\/login\/forgot_password.php<\/a>&nbsp;. W formularzu adres trzeba wype\u0142ni\u0107 tylko pole email (ew. tylko pole nazwy u\u017cytkownika) &#8211; adresem mailowym z formularza zg\u0142oszeniowego. Prosz\u0119 nie wype\u0142nia\u0107 obu p\u00f3l, poniewa\u017c nie zostanie wys\u0142any link zwrotny. Wiadomo\u015b\u0107 z linkiem zwrotnym dociera zwykle w ci\u0105gu oko\u0142o minuty. Link jest aktywny tylko przez 30 minut. Oczywi\u015bcie Uczestnicy zawsze powinni sprawdza\u0107 spam, bo cz\u0119sto tam trafiaj\u0105 automatycznie generowane przez Moodle emaile.<\/p>\n<p>B\u0119d\u0105c zalogowanym na Moodle w pierwszej kolejno\u015bci prosimy zapozna\u0107 si\u0119 z instrukcj\u0105. Znajduj\u0105 si\u0119&nbsp; w niej m.in. linki do spotka\u0144 w MS Teams. Prosz\u0119 pami\u0119ta\u0107, \u017ce w ramach I etapu nale\u017cy jednocze\u015bnie by\u0107 zalogowanym na Moodle (tam odb\u0119dzie si\u0119 quiz) oraz po\u0142\u0105czonym na spotkaniu w MST (pocz\u0105tkowo z wy\u0142\u0105czonym mikrofonem i kamer\u0105). Sugerujemy r\u00f3wnie\u017c wcze\u015bniej wykona\u0107 test kontrolny, by wykry\u0107 ew. problemy techniczne. Wszelkie problemy prosimy zg\u0142asza\u0107 do: <a href=\"mailto:moodle@ue.poznan.pl\">moodle@ue.poznan.pl<\/a><\/p>\t\t\t\t\t<\/div>\n\t\t\t\t\t\t<\/div>\n\t\t\t\t<\/div>\n\t\t\t\t\t\t<\/div>\n\t\t\t\t\t<\/div>\n\t\t<\/div>\n\t\t\t\t\t\t\t\t<\/div>\n\t\t\t\t\t<\/div>\n\t\t<\/section>\n\t\t\t\t\t\t<\/div>\n\t\t\t\t\t\t<\/div>\n\t\t\t\t\t<\/div>\n\t\t","protected":false},"excerpt":{"rendered":"<p>Formularz odzyskiwania \/ resetowania W przypadku braku maila z loginem i has\u0142em do Platformy Moodle prosimy skorzysta\u0107 z formularza odzyskiwania \/ resetowania has\u0142a:&nbsp;https:\/\/moodle.ue.poznan.pl\/login\/forgot_password.php&nbsp;. W formularzu adres trzeba wype\u0142ni\u0107 tylko pole email (ew. tylko pole nazwy u\u017cytkownika) &#8211; adresem mailowym z formularza zg\u0142oszeniowego. Prosz\u0119 nie wype\u0142nia\u0107 obu p\u00f3l, poniewa\u017c nie zostanie wys\u0142any link zwrotny. Wiadomo\u015b\u0107 z &#8230; <a title=\"Formularz odzyskiwania \/ resetowania\" class=\"read-more\" href=\"https:\/\/finansomania.edu.pl\/I-edycja\/formularz-odzyskiwania-resetowania\/\">Czytaj dalej <span class=\"screen-reader-text\">Formularz odzyskiwania \/ resetowania<\/span><\/a><\/p>\n","protected":false},"author":1,"featured_media":0,"parent":0,"menu_order":0,"comment_status":"closed","ping_status":"closed","template":"","meta":[],"_links":{"self":[{"href":"https:\/\/finansomania.edu.pl\/I-edycja\/wp-json\/wp\/v2\/pages\/732"}],"collection":[{"href":"https:\/\/finansomania.edu.pl\/I-edycja\/wp-json\/wp\/v2\/pages"}],"about":[{"href":"https:\/\/finansomania.edu.pl\/I-edycja\/wp-json\/wp\/v2\/types\/page"}],"author":[{"embeddable":true,"href":"https:\/\/finansomania.edu.pl\/I-edycja\/wp-json\/wp\/v2\/users\/1"}],"replies":[{"embeddable":true,"href":"https:\/\/finansomania.edu.pl\/I-edycja\/wp-json\/wp\/v2\/comments?post=732"}],"version-history":[{"count":7,"href":"https:\/\/finansomania.edu.pl\/I-edycja\/wp-json\/wp\/v2\/pages\/732\/revisions"}],"predecessor-version":[{"id":742,"href":"https:\/\/finansomania.edu.pl\/I-edycja\/wp-json\/wp\/v2\/pages\/732\/revisions\/742"}],"wp:attachment":[{"href":"https:\/\/finansomania.edu.pl\/I-edycja\/wp-json\/wp\/v2\/media?parent=732"}],"curies":[{"name":"wp","href":"https:\/\/api.w.org\/{rel}","templated":true}]}}