{"id":752,"date":"2021-12-10T13:20:02","date_gmt":"2021-12-10T12:20:02","guid":{"rendered":"https:\/\/finansomania.edu.pl\/I-edycja\/?page_id=752"},"modified":"2021-12-30T09:06:07","modified_gmt":"2021-12-30T08:06:07","slug":"aktualnosci","status":"publish","type":"page","link":"https:\/\/finansomania.edu.pl\/I-edycja\/aktualnosci\/","title":{"rendered":"Aktualno\u015bci"},"content":{"rendered":"\t\t<div data-elementor-type=\"wp-page\" data-elementor-id=\"752\" class=\"elementor elementor-752\" data-elementor-settings=\"[]\">\n\t\t\t\t\t\t<div class=\"elementor-inner\">\n\t\t\t\t\t\t\t<div class=\"elementor-section-wrap\">\n\t\t\t\t\t\t\t<section class=\"elementor-section elementor-top-section elementor-element elementor-element-4ae267e elementor-section-boxed elementor-section-height-default elementor-section-height-default\" data-id=\"4ae267e\" data-element_type=\"section\">\n\t\t\t\t\t\t<div class=\"elementor-container elementor-column-gap-default\">\n\t\t\t\t\t\t\t<div class=\"elementor-row\">\n\t\t\t\t\t<div class=\"elementor-column elementor-col-100 elementor-top-column elementor-element elementor-element-42ba2d2\" data-id=\"42ba2d2\" data-element_type=\"column\">\n\t\t\t<div class=\"elementor-column-wrap elementor-element-populated\">\n\t\t\t\t\t\t\t<div class=\"elementor-widget-wrap\">\n\t\t\t\t\t\t<div class=\"elementor-element elementor-element-5279f6b elementor-widget elementor-widget-heading\" data-id=\"5279f6b\" data-element_type=\"widget\" data-widget_type=\"heading.default\">\n\t\t\t\t<div class=\"elementor-widget-container\">\n\t\t\t<h2 class=\"elementor-heading-title elementor-size-default\">Aktualno\u015bci<\/h2>\t\t<\/div>\n\t\t\t\t<\/div>\n\t\t\t\t\t\t<\/div>\n\t\t\t\t\t<\/div>\n\t\t<\/div>\n\t\t\t\t\t\t\t\t<\/div>\n\t\t\t\t\t<\/div>\n\t\t<\/section>\n\t\t\t\t<section class=\"elementor-section elementor-top-section elementor-element elementor-element-78768ad elementor-section-boxed elementor-section-height-default elementor-section-height-default\" data-id=\"78768ad\" data-element_type=\"section\">\n\t\t\t\t\t\t<div class=\"elementor-container elementor-column-gap-default\">\n\t\t\t\t\t\t\t<div class=\"elementor-row\">\n\t\t\t\t\t<div class=\"elementor-column elementor-col-100 elementor-top-column elementor-element elementor-element-14e9867\" data-id=\"14e9867\" data-element_type=\"column\">\n\t\t\t<div class=\"elementor-column-wrap elementor-element-populated\">\n\t\t\t\t\t\t\t<div class=\"elementor-widget-wrap\">\n\t\t\t\t\t\t<div class=\"elementor-element elementor-element-7365618 elementor-widget elementor-widget-heading\" data-id=\"7365618\" data-element_type=\"widget\" data-widget_type=\"heading.default\">\n\t\t\t\t<div class=\"elementor-widget-container\">\n\t\t\t<h4 class=\"elementor-heading-title elementor-size-default\">30.12.2021. II etap odbywa si\u0119 14.01.2022. Do testu mo\u017cna przyst\u0105pi\u0107 w godzinach 10:00-12:00. Link do spotkania zostanie przes\u0142any do 7 stycznia. Wszelkie pytania prosimy kierowa\u0107 drog\u0105 mailow\u0105 poprzez <a style=\"text-decoration:underline\" href=\"https:\/\/finansomania.edu.pl\/I-edycja\/kontakt\/\">formularz kontaktowy<\/a>.<\/h4>\t\t<\/div>\n\t\t\t\t<\/div>\n\t\t\t\t<div class=\"elementor-element elementor-element-8a240e4 elementor-widget elementor-widget-heading\" data-id=\"8a240e4\" data-element_type=\"widget\" data-widget_type=\"heading.default\">\n\t\t\t\t<div class=\"elementor-widget-container\">\n\t\t\t<h4 class=\"elementor-heading-title elementor-size-default\">1.12.2021. Prosimy o sprawdzenie skrzynek mailowych! Wiadomo\u015b\u0107 nt. danych do zalogowania si\u0119 zosta\u0142a przes\u0142ana w dniach 29.11-03.12. Gdyby kto\u015b nie otrzyma\u0142 wiadomo\u015bci, prosimy o kontakt poprzez formularz kontaktowy. Uczestnicy, kt\u00f3rzy nie otrzymali wiadomo\u015bci mailowej z danymi do logowania do platformy Moodle mog\u0105 pos\u0142u\u017cy\u0107 si\u0119 r\u00f3wnie\u017c <a style=\"text-decoration:underline\" href=\"https:\/\/finansomania.edu.pl\/I-edycja\/formularz-odzyskiwania-resetowania\/\">krotk\u0105 instrukcj\u0105<\/a>.<\/h4>\t\t<\/div>\n\t\t\t\t<\/div>\n\t\t\t\t<div class=\"elementor-element elementor-element-d71696d elementor-widget elementor-widget-heading\" data-id=\"d71696d\" data-element_type=\"widget\" data-widget_type=\"heading.default\">\n\t\t\t\t<div class=\"elementor-widget-container\">\n\t\t\t<h4 class=\"elementor-heading-title elementor-size-default\">30.11.2021. Instrukcje techniczne dotycz\u0105ce I etapu, w tym w szczeg\u00f3lno\u015bci dotycz\u0105ce procesu logowania si\u0119 zostan\u0105 zamieszczone na platformie Moodle). Prosz\u0119 sprawdza\u0107 swoje skrzynki mailowe w najbli\u017cszych dniach. <\/h4>\t\t<\/div>\n\t\t\t\t<\/div>\n\t\t\t\t<div class=\"elementor-element elementor-element-4874180 elementor-widget elementor-widget-heading\" data-id=\"4874180\" data-element_type=\"widget\" data-widget_type=\"heading.default\">\n\t\t\t\t<div class=\"elementor-widget-container\">\n\t\t\t<h4 class=\"elementor-heading-title elementor-size-default\">2.11.2021. Zaczynamy przygotowania do I etapu Olimpiady, prosimy na bie\u017c\u0105co \u015bledzi\u0107 komunikaty na stronie wydarzenia. Do wszystkich zg\u0142oszonych uczestnik\u00f3w wys\u0142ali\u015bmy maila (w dniach 1-2.11) z potwierdzeniem. Mail m\u00f3g\u0142 trafi\u0107 do folderu spam lub innego podrz\u0119dnego). Je\u015bli kto\u015b nie otrzyma\u0142 wiadomo\u015bci mailowej, prosimy o kontakt poprzez <a style=\"text-decoration:underline\" href=\"https:\/\/finansomania.edu.pl\/I-edycja\/kontakt\/\">formularz kontaktowy<\/a>.<\/h4>\t\t<\/div>\n\t\t\t\t<\/div>\n\t\t\t\t\t\t<\/div>\n\t\t\t\t\t<\/div>\n\t\t<\/div>\n\t\t\t\t\t\t\t\t<\/div>\n\t\t\t\t\t<\/div>\n\t\t<\/section>\n\t\t\t\t\t\t<\/div>\n\t\t\t\t\t\t<\/div>\n\t\t\t\t\t<\/div>\n\t\t","protected":false},"excerpt":{"rendered":"<p>Aktualno\u015bci 30.12.2021. II etap odbywa si\u0119 14.01.2022. Do testu mo\u017cna przyst\u0105pi\u0107 w godzinach 10:00-12:00. Link do spotkania zostanie przes\u0142any do 7 stycznia. Wszelkie pytania prosimy kierowa\u0107 drog\u0105 mailow\u0105 poprzez formularz kontaktowy. 1.12.2021. Prosimy o sprawdzenie skrzynek mailowych! Wiadomo\u015b\u0107 nt. danych do zalogowania si\u0119 zosta\u0142a przes\u0142ana w dniach 29.11-03.12. Gdyby kto\u015b nie otrzyma\u0142 wiadomo\u015bci, prosimy o &#8230; <a title=\"Aktualno\u015bci\" class=\"read-more\" href=\"https:\/\/finansomania.edu.pl\/I-edycja\/aktualnosci\/\">Czytaj dalej <span class=\"screen-reader-text\">Aktualno\u015bci<\/span><\/a><\/p>\n","protected":false},"author":1,"featured_media":0,"parent":0,"menu_order":0,"comment_status":"closed","ping_status":"closed","template":"","meta":[],"_links":{"self":[{"href":"https:\/\/finansomania.edu.pl\/I-edycja\/wp-json\/wp\/v2\/pages\/752"}],"collection":[{"href":"https:\/\/finansomania.edu.pl\/I-edycja\/wp-json\/wp\/v2\/pages"}],"about":[{"href":"https:\/\/finansomania.edu.pl\/I-edycja\/wp-json\/wp\/v2\/types\/page"}],"author":[{"embeddable":true,"href":"https:\/\/finansomania.edu.pl\/I-edycja\/wp-json\/wp\/v2\/users\/1"}],"replies":[{"embeddable":true,"href":"https:\/\/finansomania.edu.pl\/I-edycja\/wp-json\/wp\/v2\/comments?post=752"}],"version-history":[{"count":10,"href":"https:\/\/finansomania.edu.pl\/I-edycja\/wp-json\/wp\/v2\/pages\/752\/revisions"}],"predecessor-version":[{"id":780,"href":"https:\/\/finansomania.edu.pl\/I-edycja\/wp-json\/wp\/v2\/pages\/752\/revisions\/780"}],"wp:attachment":[{"href":"https:\/\/finansomania.edu.pl\/I-edycja\/wp-json\/wp\/v2\/media?parent=752"}],"curies":[{"name":"wp","href":"https:\/\/api.w.org\/{rel}","templated":true}]}}