{"id":1149,"date":"2023-03-27T11:22:52","date_gmt":"2023-03-27T09:22:52","guid":{"rendered":"https:\/\/finansomania.edu.pl\/III-edycja\/?page_id=1149"},"modified":"2024-10-07T10:03:06","modified_gmt":"2024-10-07T08:03:06","slug":"biuro-komitetu-glownego","status":"publish","type":"page","link":"https:\/\/finansomania.edu.pl\/III-edycja\/biuro-komitetu-glownego\/","title":{"rendered":"Biuro Komitetu G\u0142\u00f3wnego"},"content":{"rendered":"\t\t<div data-elementor-type=\"wp-page\" data-elementor-id=\"1149\" class=\"elementor elementor-1149\" data-elementor-settings=\"[]\">\n\t\t\t\t\t\t<div class=\"elementor-inner\">\n\t\t\t\t\t\t\t<div class=\"elementor-section-wrap\">\n\t\t\t\t\t\t\t<section class=\"elementor-section elementor-top-section elementor-element elementor-element-1be239e elementor-section-boxed elementor-section-height-default elementor-section-height-default\" data-id=\"1be239e\" data-element_type=\"section\">\n\t\t\t\t\t\t<div class=\"elementor-container elementor-column-gap-default\">\n\t\t\t\t\t\t\t<div class=\"elementor-row\">\n\t\t\t\t\t<div class=\"elementor-column elementor-col-100 elementor-top-column elementor-element elementor-element-ecca77b\" data-id=\"ecca77b\" data-element_type=\"column\">\n\t\t\t<div class=\"elementor-column-wrap elementor-element-populated\">\n\t\t\t\t\t\t\t<div class=\"elementor-widget-wrap\">\n\t\t\t\t\t\t<div class=\"elementor-element elementor-element-ef4b703 elementor-widget elementor-widget-heading\" data-id=\"ef4b703\" data-element_type=\"widget\" data-widget_type=\"heading.default\">\n\t\t\t\t<div class=\"elementor-widget-container\">\n\t\t\t<h2 class=\"elementor-heading-title elementor-size-default\">Biuro Komitetu G\u0142\u00f3wnego<br>Og\u00f3lnopolskiej Olimpiady Wiedzy o Finansach \u201eFinansomania\u201d<br>II edycja <\/h2>\t\t<\/div>\n\t\t\t\t<\/div>\n\t\t\t\t<div class=\"elementor-element elementor-element-0f34caa elementor-widget elementor-widget-text-editor\" data-id=\"0f34caa\" data-element_type=\"widget\" data-widget_type=\"text-editor.default\">\n\t\t\t\t<div class=\"elementor-widget-container\">\n\t\t\t\t\t\t\t\t<div class=\"elementor-text-editor elementor-clearfix\">\n\t\t\t\t<p style=\"text-align: center;\">Uniwersytet Ekonomiczny w Poznaniu<br \/>al. Niepodleg\u0142o\u015bci 10<br \/>61-875 Pozna\u0144<\/p>\t\t\t\t\t<\/div>\n\t\t\t\t\t\t<\/div>\n\t\t\t\t<\/div>\n\t\t\t\t\t\t<\/div>\n\t\t\t\t\t<\/div>\n\t\t<\/div>\n\t\t\t\t\t\t\t\t<\/div>\n\t\t\t\t\t<\/div>\n\t\t<\/section>\n\t\t\t\t<section class=\"elementor-section elementor-top-section elementor-element elementor-element-0fe1b49 elementor-section-boxed elementor-section-height-default elementor-section-height-default\" data-id=\"0fe1b49\" data-element_type=\"section\">\n\t\t\t\t\t\t<div class=\"elementor-container elementor-column-gap-default\">\n\t\t\t\t\t\t\t<div class=\"elementor-row\">\n\t\t\t\t\t<div class=\"elementor-column elementor-col-50 elementor-top-column elementor-element elementor-element-778062a\" data-id=\"778062a\" data-element_type=\"column\">\n\t\t\t<div class=\"elementor-column-wrap elementor-element-populated\">\n\t\t\t\t\t\t\t<div class=\"elementor-widget-wrap\">\n\t\t\t\t\t\t<div class=\"elementor-element elementor-element-60e4ee7 elementor-widget elementor-widget-image\" data-id=\"60e4ee7\" data-element_type=\"widget\" data-widget_type=\"image.default\">\n\t\t\t\t<div class=\"elementor-widget-container\">\n\t\t\t\t\t\t\t\t<div class=\"elementor-image\">\n\t\t\t\t\t\t\t\t\t\t\t\t<img loading=\"lazy\" decoding=\"async\" width=\"1024\" height=\"665\" src=\"https:\/\/finansomania.edu.pl\/III-edycja\/wp-content\/uploads\/2024\/09\/IMG_3638.jpeg\" class=\"attachment-large size-large\" alt=\"\" \/>\t\t\t\t\t\t\t\t\t\t\t\t\t\t<\/div>\n\t\t\t\t\t\t<\/div>\n\t\t\t\t<\/div>\n\t\t\t\t\t\t<\/div>\n\t\t\t\t\t<\/div>\n\t\t<\/div>\n\t\t\t\t<div class=\"elementor-column elementor-col-50 elementor-top-column elementor-element elementor-element-2eba84d\" data-id=\"2eba84d\" data-element_type=\"column\">\n\t\t\t<div class=\"elementor-column-wrap elementor-element-populated\">\n\t\t\t\t\t\t\t<div class=\"elementor-widget-wrap\">\n\t\t\t\t\t\t<div class=\"elementor-element elementor-element-5ca291e elementor-widget elementor-widget-heading\" data-id=\"5ca291e\" data-element_type=\"widget\" data-widget_type=\"heading.default\">\n\t\t\t\t<div class=\"elementor-widget-container\">\n\t\t\t<h4 class=\"elementor-heading-title elementor-size-default\">Koordynator Olimpiady (kwestie merytoryczne, organizacyjne, kontakt z partnerami, sponsorami i uczelniami):<\/h4>\t\t<\/div>\n\t\t\t\t<\/div>\n\t\t\t\t<div class=\"elementor-element elementor-element-01b7fd0 elementor-widget elementor-widget-text-editor\" data-id=\"01b7fd0\" data-element_type=\"widget\" data-widget_type=\"text-editor.default\">\n\t\t\t\t<div class=\"elementor-widget-container\">\n\t\t\t\t\t\t\t\t<div class=\"elementor-text-editor elementor-clearfix\">\n\t\t\t\t<p>dr Anna Warchlewska<br \/><a href=\"mailto:anna.warchlewska@ue.poznan.pl\">anna.warchlewska@ue.poznan.pl<\/a><br \/>Instytut Finans\u00f3w UEP<br \/>Katedra Pieni\u0105dza i Bankowo\u015bci<\/p>\t\t\t\t\t<\/div>\n\t\t\t\t\t\t<\/div>\n\t\t\t\t<\/div>\n\t\t\t\t\t\t<\/div>\n\t\t\t\t\t<\/div>\n\t\t<\/div>\n\t\t\t\t\t\t\t\t<\/div>\n\t\t\t\t\t<\/div>\n\t\t<\/section>\n\t\t\t\t<section class=\"elementor-section elementor-top-section elementor-element elementor-element-1f6c422 elementor-section-boxed elementor-section-height-default elementor-section-height-default\" data-id=\"1f6c422\" data-element_type=\"section\">\n\t\t\t\t\t\t<div class=\"elementor-container elementor-column-gap-default\">\n\t\t\t\t\t\t\t<div class=\"elementor-row\">\n\t\t\t\t\t<div class=\"elementor-column elementor-col-100 elementor-top-column elementor-element elementor-element-3d36d0d\" data-id=\"3d36d0d\" data-element_type=\"column\">\n\t\t\t<div class=\"elementor-column-wrap elementor-element-populated\">\n\t\t\t\t\t\t\t<div class=\"elementor-widget-wrap\">\n\t\t\t\t\t\t<div class=\"elementor-element elementor-element-9806d5e elementor-widget elementor-widget-text-editor\" data-id=\"9806d5e\" data-element_type=\"widget\" data-widget_type=\"text-editor.default\">\n\t\t\t\t<div class=\"elementor-widget-container\">\n\t\t\t\t\t\t\t\t<div class=\"elementor-text-editor elementor-clearfix\">\n\t\t\t\t<table>\n<tbody>\n<tr>\n<th>Sprawy merytoryczne i organizacyjne<\/th>\n<\/tr>\n<\/tbody>\n<tbody>\n<tr>\n<td>Dr hab. Kamilla Marchewka-Bartkowiak, prof. UEP<\/td>\n<\/tr>\n<tr>\n<td>Dr hab. Krzysztof Waliszewski, prof. UEP<\/td>\n<\/tr>\n<tr>\n<td>Dr hab. Marta Kluzek, prof. UEP<\/td>\n<\/tr>\n<tr>\n<td>Dr hab. Marcin Wi\u015bniewski<\/td>\n<\/tr>\n<tr>\n<td>Dr Dorota Wi\u015bniewska<\/td>\n<\/tr>\n<tr>\n<td>Dr Monika Andrzejczak<\/td>\n<\/tr>\n<tr>\n<td>Dr Marcin Spycha\u0142a<\/td>\n<\/tr>\n<tr>\n<td>Dr Maciej Szczepkowski<\/td>\n<\/tr>\n<tr>\n<td>dr Urszula Ziarko-Siwek<\/td>\n<\/tr>\n<\/tbody>\n<\/table>\n<table>\n<tbody>\n<tr>\n<th>Sekretariat Instytutu Finans\u00f3w<\/th>\n<\/tr>\n<\/tbody>\n<tbody>\n<tr>\n<td>mgr Herkowiak Ewa\ntelefon: <a href=\"tel:+48618543143\">61 854 31 43<\/a>\ne-mail: <a href=\"mailto:ewa.herkowiak@ue.poznan.pl\">ewa.herkowiak@ue.poznan.pl<\/a><\/td>\n<\/tr>\n<tr>\n<td>mgr Kaczmarek Karolina Ma\u0142gorzata\ntelefon: <a href=\"tel:+48618543214\">61 854 32 14<\/a>\ne-mail: <a href=\"mailto:karolina.kaczmarek@ue.poznan.pl\">karolina.kaczmarek@ue.poznan.pl<\/a><\/td>\n<\/tr>\n<\/tbody>\n<\/table>\t\t\t\t\t<\/div>\n\t\t\t\t\t\t<\/div>\n\t\t\t\t<\/div>\n\t\t\t\t<div class=\"elementor-element elementor-element-095aef3 elementor-widget elementor-widget-text-editor\" data-id=\"095aef3\" data-element_type=\"widget\" data-widget_type=\"text-editor.default\">\n\t\t\t\t<div class=\"elementor-widget-container\">\n\t\t\t\t\t\t\t\t<div class=\"elementor-text-editor elementor-clearfix\">\n\t\t\t\t<p><strong>Formularz kontaktowy dla uczestnik\u00f3w Olimpiady i ich nauczycieli znajduje si\u0119 pod adresem: <a href=\"https:\/\/finansomania.edu.pl\/kontakt\/\" target=\"_blank\" rel=\"noopener\">https:\/\/finansomania.edu.pl\/kontakt\/<\/a> <\/strong><br \/><strong>adres e-mail: <a href=\"mailto:olimpiada@finansomania.edu.pl\">olimpiada@finansomania.edu.pl<\/a><\/strong><\/p>\t\t\t\t\t<\/div>\n\t\t\t\t\t\t<\/div>\n\t\t\t\t<\/div>\n\t\t\t\t\t\t<\/div>\n\t\t\t\t\t<\/div>\n\t\t<\/div>\n\t\t\t\t\t\t\t\t<\/div>\n\t\t\t\t\t<\/div>\n\t\t<\/section>\n\t\t\t\t\t\t<\/div>\n\t\t\t\t\t\t<\/div>\n\t\t\t\t\t<\/div>\n\t\t","protected":false},"excerpt":{"rendered":"<p>Biuro Komitetu G\u0142\u00f3wnegoOg\u00f3lnopolskiej Olimpiady Wiedzy o Finansach \u201eFinansomania\u201dII edycja Uniwersytet Ekonomiczny w Poznaniual. Niepodleg\u0142o\u015bci 1061-875 Pozna\u0144 Koordynator Olimpiady (kwestie merytoryczne, organizacyjne, kontakt z partnerami, sponsorami i uczelniami): dr Anna Warchlewskaanna.warchlewska@ue.poznan.plInstytut Finans\u00f3w UEPKatedra Pieni\u0105dza i Bankowo\u015bci Sprawy merytoryczne i organizacyjne Dr hab. Kamilla Marchewka-Bartkowiak, prof. UEP Dr hab. Krzysztof Waliszewski, prof. UEP Dr hab. Marta Kluzek, &#8230; <a title=\"Biuro Komitetu G\u0142\u00f3wnego\" class=\"read-more\" href=\"https:\/\/finansomania.edu.pl\/III-edycja\/biuro-komitetu-glownego\/\" aria-label=\"More on Biuro Komitetu G\u0142\u00f3wnego\">Czytaj dalej<\/a><\/p>\n","protected":false},"author":1,"featured_media":0,"parent":0,"menu_order":0,"comment_status":"closed","ping_status":"closed","template":"","meta":{"footnotes":""},"_links":{"self":[{"href":"https:\/\/finansomania.edu.pl\/III-edycja\/wp-json\/wp\/v2\/pages\/1149"}],"collection":[{"href":"https:\/\/finansomania.edu.pl\/III-edycja\/wp-json\/wp\/v2\/pages"}],"about":[{"href":"https:\/\/finansomania.edu.pl\/III-edycja\/wp-json\/wp\/v2\/types\/page"}],"author":[{"embeddable":true,"href":"https:\/\/finansomania.edu.pl\/III-edycja\/wp-json\/wp\/v2\/users\/1"}],"replies":[{"embeddable":true,"href":"https:\/\/finansomania.edu.pl\/III-edycja\/wp-json\/wp\/v2\/comments?post=1149"}],"version-history":[{"count":19,"href":"https:\/\/finansomania.edu.pl\/III-edycja\/wp-json\/wp\/v2\/pages\/1149\/revisions"}],"predecessor-version":[{"id":1855,"href":"https:\/\/finansomania.edu.pl\/III-edycja\/wp-json\/wp\/v2\/pages\/1149\/revisions\/1855"}],"wp:attachment":[{"href":"https:\/\/finansomania.edu.pl\/III-edycja\/wp-json\/wp\/v2\/media?parent=1149"}],"curies":[{"name":"wp","href":"https:\/\/api.w.org\/{rel}","templated":true}]}}