{"id":1228,"date":"2023-06-27T10:53:14","date_gmt":"2023-06-27T08:53:14","guid":{"rendered":"https:\/\/finansomania.edu.pl\/III-edycja\/?page_id=1228"},"modified":"2024-11-14T14:57:36","modified_gmt":"2024-11-14T13:57:36","slug":"komitet-glowny","status":"publish","type":"page","link":"https:\/\/finansomania.edu.pl\/III-edycja\/komitet-glowny\/","title":{"rendered":"Komitet G\u0142\u00f3wny"},"content":{"rendered":"\t\t<div data-elementor-type=\"wp-page\" data-elementor-id=\"1228\" class=\"elementor elementor-1228\" data-elementor-settings=\"[]\">\n\t\t\t\t\t\t<div class=\"elementor-inner\">\n\t\t\t\t\t\t\t<div class=\"elementor-section-wrap\">\n\t\t\t\t\t\t\t<section class=\"elementor-section elementor-top-section elementor-element elementor-element-6212b12 elementor-section-boxed elementor-section-height-default elementor-section-height-default\" data-id=\"6212b12\" data-element_type=\"section\">\n\t\t\t\t\t\t<div class=\"elementor-container elementor-column-gap-default\">\n\t\t\t\t\t\t\t<div class=\"elementor-row\">\n\t\t\t\t\t<div class=\"elementor-column elementor-col-100 elementor-top-column elementor-element elementor-element-a427984\" data-id=\"a427984\" data-element_type=\"column\">\n\t\t\t<div class=\"elementor-column-wrap elementor-element-populated\">\n\t\t\t\t\t\t\t<div class=\"elementor-widget-wrap\">\n\t\t\t\t\t\t<div class=\"elementor-element elementor-element-9f23aeb elementor-widget elementor-widget-heading\" data-id=\"9f23aeb\" data-element_type=\"widget\" data-widget_type=\"heading.default\">\n\t\t\t\t<div class=\"elementor-widget-container\">\n\t\t\t<h2 class=\"elementor-heading-title elementor-size-default\">Komitet G\u0142\u00f3wny<\/h2>\t\t<\/div>\n\t\t\t\t<\/div>\n\t\t\t\t<div class=\"elementor-element elementor-element-b1f3d4f elementor-widget elementor-widget-text-editor\" data-id=\"b1f3d4f\" data-element_type=\"widget\" data-widget_type=\"text-editor.default\">\n\t\t\t\t<div class=\"elementor-widget-container\">\n\t\t\t\t\t\t\t\t<div class=\"elementor-text-editor elementor-clearfix\">\n\t\t\t\t<div><b>Prezydium:<\/b><\/div>\n<ul>\n<li>Dr hab. Kamilla Marchewka-Bartkowiak, prof. UEP \u2013 Przewodnicz\u0105ca Komitetu G\u0142\u00f3wnego \u2013 Uniwersytet Ekonomiczny w Poznaniu<\/li>\n<li>Dr Anna Warchlewska \u2013 Uniwersytet Ekonomiczny w Poznaniu \u2013 Wiceprzewodnicz\u0105ca KG<\/li>\n<li>Dr hab. Marta Kluzek, prof. UEP \u2013 Uniwersytet Ekonomiczny w Poznaniu &#8211; Wiceprzewodnicz\u0105ca KG<\/li>\n<li>Dr hab. Krzysztof Waliszewski, prof. UEP \u2013 Uniwersytet Ekonomiczny w Poznaniu &#8211; Wiceprzewodnicz\u0105cy KG<\/li>\n<\/ul>\n<div><b>Reprezentanci Uczelni wy\u017cszych:<\/b><\/div>\n<ul>\n<li>Prof. dr hab. Krzysztof Jajuga \u2013 Uniwersytet Ekonomiczny we Wroc\u0142awiu<\/li>\n<li>Prof. dr hab. Marzanna Poniatowicz \u2013 Uniwersytet w Bia\u0142ymstoku<\/li>\n<li>Prof. dr hab. Agnieszka Ali\u0144ska \u2013 Szko\u0142a G\u0142\u00f3wna Handlowa<\/li>\n<li>Dr hab. Marta Maciejasz, prof. UO \u2013 Uniwersytet Opolski<\/li>\n<li>Dr hab. Ma\u0142gorzata Tarczy\u0144ska-\u0141uniewska, prof. US \u2013 Uniwersytet Szczeci\u0144ski<\/li>\n<li>Dr hab. Marcin Wi\u015bniewski \u2013 Uniwersytet Ekonomiczny w Poznaniu<\/li>\n<li>Dr hab. Mateusz Folwarski, prof. UEK \u2013 Uniwersytet Ekonomiczny w Krakowie<\/li>\n<li>Dr Dorota Wi\u015bniewska \u2013 Uniwersytet Ekonomiczny w Poznaniu<\/li>\n<li>Dr B\u0142a\u017cej Lepczy\u0144ski \u2013&nbsp;&nbsp;&nbsp;Uniwersytet Gda\u0144ski<\/li>\n<li>Dr Monika Andrzejczak \u2013 Uniwersytet Ekonomiczny w Poznaniu<\/li>\n<li>Dr Marcin Spycha\u0142a \u2013 Uniwersytet Ekonomiczny w Poznaniu<\/li>\n<li>Dr Maciej Szczepkowski \u2013 Uniwersytet Ekonomiczny w Poznaniu<\/li>\n<li>Dr Witold Grado\u0144 \u2013 Uniwersytet Ekonomiczny w Katowicach<\/li>\n<li>Dr Ewelina Rabiej \u2013 Uniwersytet Rzeszowski<\/li>\n<li>Dr Ma\u0142gorzata Kamieniecka, prof. UMCS, Uniwersytet Marii Curie-Sk\u0142odowskiej w Lublinie<\/li><li>Dr Urszula Ziarko-Siwek &#8211; Uniwersytet Ekonomiczny w Poznaniu &#8211; cz\u0142onek KG<\/li>\n<\/ul>\n<div><b>Reprezentanci partner\u00f3w instytucjonalnych:<\/b><\/div>\n<ul>\n<li>Krajowy Depozyt Papier\u00f3w Warto\u015bciowych \u2013 Monika Przyborska<\/li>\n<li>Warszawski Instytut Bankowo\u015bci \u2013 Waldemar Zbytek<\/li>\n<li>Narodowy Bank Polski \u2013 dr Hanna \u017bywiecka<\/li>\n<\/ul>\n<div><b>Reprezentanci szk\u00f3\u0142 ponadpodstawowych:<\/b><\/div>\n<ul>\n<li>Marek Grefling,&nbsp;Dyrektor VIII LO im. Adama Mickiewicza w Poznaniu<\/li>\n<li>Agata Wieczorek, IX LO w Poznaniu&nbsp;im. Karola Libelta<\/li>\n<\/ul>\t\t\t\t\t<\/div>\n\t\t\t\t\t\t<\/div>\n\t\t\t\t<\/div>\n\t\t\t\t\t\t<\/div>\n\t\t\t\t\t<\/div>\n\t\t<\/div>\n\t\t\t\t\t\t\t\t<\/div>\n\t\t\t\t\t<\/div>\n\t\t<\/section>\n\t\t\t\t\t\t<\/div>\n\t\t\t\t\t\t<\/div>\n\t\t\t\t\t<\/div>\n\t\t","protected":false},"excerpt":{"rendered":"<p>Komitet G\u0142\u00f3wny Prezydium: Dr hab. Kamilla Marchewka-Bartkowiak, prof. UEP \u2013 Przewodnicz\u0105ca Komitetu G\u0142\u00f3wnego \u2013 Uniwersytet Ekonomiczny w Poznaniu Dr Anna Warchlewska \u2013 Uniwersytet Ekonomiczny w Poznaniu \u2013 Wiceprzewodnicz\u0105ca KG Dr hab. Marta Kluzek, prof. UEP \u2013 Uniwersytet Ekonomiczny w Poznaniu &#8211; Wiceprzewodnicz\u0105ca KG Dr hab. Krzysztof Waliszewski, prof. UEP \u2013 Uniwersytet Ekonomiczny w Poznaniu &#8211; &#8230; <a title=\"Komitet G\u0142\u00f3wny\" class=\"read-more\" href=\"https:\/\/finansomania.edu.pl\/III-edycja\/komitet-glowny\/\" aria-label=\"More on Komitet G\u0142\u00f3wny\">Czytaj dalej<\/a><\/p>\n","protected":false},"author":1,"featured_media":0,"parent":0,"menu_order":0,"comment_status":"closed","ping_status":"closed","template":"","meta":{"footnotes":""},"_links":{"self":[{"href":"https:\/\/finansomania.edu.pl\/III-edycja\/wp-json\/wp\/v2\/pages\/1228"}],"collection":[{"href":"https:\/\/finansomania.edu.pl\/III-edycja\/wp-json\/wp\/v2\/pages"}],"about":[{"href":"https:\/\/finansomania.edu.pl\/III-edycja\/wp-json\/wp\/v2\/types\/page"}],"author":[{"embeddable":true,"href":"https:\/\/finansomania.edu.pl\/III-edycja\/wp-json\/wp\/v2\/users\/1"}],"replies":[{"embeddable":true,"href":"https:\/\/finansomania.edu.pl\/III-edycja\/wp-json\/wp\/v2\/comments?post=1228"}],"version-history":[{"count":28,"href":"https:\/\/finansomania.edu.pl\/III-edycja\/wp-json\/wp\/v2\/pages\/1228\/revisions"}],"predecessor-version":[{"id":1924,"href":"https:\/\/finansomania.edu.pl\/III-edycja\/wp-json\/wp\/v2\/pages\/1228\/revisions\/1924"}],"wp:attachment":[{"href":"https:\/\/finansomania.edu.pl\/III-edycja\/wp-json\/wp\/v2\/media?parent=1228"}],"curies":[{"name":"wp","href":"https:\/\/api.w.org\/{rel}","templated":true}]}}