{"id":1233,"date":"2023-06-27T11:07:19","date_gmt":"2023-06-27T09:07:19","guid":{"rendered":"https:\/\/finansomania.edu.pl\/III-edycja\/?page_id=1233"},"modified":"2024-10-28T11:10:00","modified_gmt":"2024-10-28T10:10:00","slug":"zespol-naukowy","status":"publish","type":"page","link":"https:\/\/finansomania.edu.pl\/III-edycja\/zespol-naukowy\/","title":{"rendered":"Zesp\u00f3\u0142 naukowy"},"content":{"rendered":"\t\t<div data-elementor-type=\"wp-page\" data-elementor-id=\"1233\" class=\"elementor elementor-1233\" data-elementor-settings=\"[]\">\n\t\t\t\t\t\t<div class=\"elementor-inner\">\n\t\t\t\t\t\t\t<div class=\"elementor-section-wrap\">\n\t\t\t\t\t\t\t<section class=\"elementor-section elementor-top-section elementor-element elementor-element-c07eff5 elementor-section-boxed elementor-section-height-default elementor-section-height-default\" data-id=\"c07eff5\" data-element_type=\"section\">\n\t\t\t\t\t\t<div class=\"elementor-container elementor-column-gap-default\">\n\t\t\t\t\t\t\t<div class=\"elementor-row\">\n\t\t\t\t\t<div class=\"elementor-column elementor-col-100 elementor-top-column elementor-element elementor-element-d910244\" data-id=\"d910244\" data-element_type=\"column\">\n\t\t\t<div class=\"elementor-column-wrap elementor-element-populated\">\n\t\t\t\t\t\t\t<div class=\"elementor-widget-wrap\">\n\t\t\t\t\t\t<div class=\"elementor-element elementor-element-552baa9 elementor-widget elementor-widget-heading\" data-id=\"552baa9\" data-element_type=\"widget\" data-widget_type=\"heading.default\">\n\t\t\t\t<div class=\"elementor-widget-container\">\n\t\t\t<h2 class=\"elementor-heading-title elementor-size-default\">Zesp\u00f3\u0142 naukowy<\/h2>\t\t<\/div>\n\t\t\t\t<\/div>\n\t\t\t\t<div class=\"elementor-element elementor-element-91e09e3 elementor-widget elementor-widget-text-editor\" data-id=\"91e09e3\" data-element_type=\"widget\" data-widget_type=\"text-editor.default\">\n\t\t\t\t<div class=\"elementor-widget-container\">\n\t\t\t\t\t\t\t\t<div class=\"elementor-text-editor elementor-clearfix\">\n\t\t\t\t<div>\n<table border=\"1\" cellspacing=\"0\" cellpadding=\"0\">\n<tbody>\n<tr>\n<td valign=\"top\">\n<div><span><b>Numer okr\u0119gu<\/b><\/span><\/div>\n<\/td>\n<td valign=\"top\">\n<div><span><b>Zasi\u0119g terytorialny<\/b><\/span><\/div>\n<div><span><b>&nbsp;<\/b><\/span><\/div>\n<\/td>\n<td valign=\"top\">\n<div><span><b>Rekomendowane osoby<\/b><\/span><\/div>\n<\/td>\n<\/tr>\n<tr>\n<td valign=\"top\">\n<div><span>Okr\u0119g 1<\/span><\/div>\n<\/td>\n<td valign=\"top\">\n<div align=\"left\"><span>woj. wielkopolskie, lubuskie, kujawsko-pomorskie<\/span><\/div>\n<\/td>\n<td valign=\"top\">\n<div align=\"left\"><span>dr hab. Krzysztof Waliszewski, prof. UEP<\/span><\/div>\n<div align=\"left\"><span>dr hab. Marcin Wi\u015bniewski<\/span><\/div>\n<\/td>\n<\/tr>\n<tr>\n<td valign=\"top\">\n<div><span>Okr\u0119g 2<\/span><\/div>\n<\/td>\n<td valign=\"top\">\n<div align=\"left\"><span>woj. mazowieckie, \u0142\u00f3dzkie<\/span><\/div>\n<\/td>\n<td valign=\"top\">\n<div align=\"left\"><span>dr Adam Pigo\u0144<\/span><\/div>\n<\/td>\n<\/tr>\n<tr>\n<td valign=\"top\">\n<div><span>Okr\u0119g 3<\/span><\/div>\n<\/td>\n<td valign=\"top\">\n<div align=\"left\"><span>woj. pomorskie, zachodniopomorskie<\/span><\/div>\n<\/td>\n<td valign=\"top\">\n<div align=\"left\"><span>dr Adam Barembruch<\/span><span><br>\ndr Dominika Kordela<\/span><\/div>\n<\/td>\n<\/tr>\n<tr>\n<td valign=\"top\">\n<div><span>Okr\u0119g 4<\/span><\/div>\n<\/td>\n<td valign=\"top\">\n<div align=\"left\"><span>woj. ma\u0142opolskie, podkarpackie, \u015bwi\u0119tokrzyskie<\/span><\/div>\n<\/td>\n<td valign=\"top\">\n<div align=\"left\"><span>dr hab. Mateusz Folwarski, prof. UEK<\/span><\/div>\n<div align=\"left\"><span>dr hab. Tomasz Potocki, prof. UR<\/span><\/div>\n<\/td>\n<\/tr>\n<tr>\n<td valign=\"top\">\n<div><span>Okr\u0119g 5<\/span><\/div>\n<\/td>\n<td valign=\"top\">\n<div align=\"left\"><span>woj. dolno\u015bl\u0105skie, opolskie, \u015bl\u0105skie<\/span><\/div>\n<\/td>\n<td valign=\"top\">\n<div align=\"left\"><span>prof. dr hab. Krzysztof Jajuga<\/span><\/div>\n<\/td>\n<\/tr>\n<tr>\n<td valign=\"top\">\n<div><span>Okr\u0119g 6<\/span><\/div>\n<\/td>\n<td valign=\"top\">\n<div align=\"left\"><span>woj. podlaskie, lubelskie, warmi\u0144sko-mazurskie<\/span><\/div>\n<\/td>\n<td valign=\"top\">\n<div align=\"left\"><span>dr hab. Anna Korzeniowska, prof. UMCS<\/span><\/div>\n<\/td>\n<\/tr>\n<\/tbody>\n<\/table>\n<\/div>\n<p><b>&nbsp;<\/b><\/p>\n<div><\/div>\t\t\t\t\t<\/div>\n\t\t\t\t\t\t<\/div>\n\t\t\t\t<\/div>\n\t\t\t\t\t\t<\/div>\n\t\t\t\t\t<\/div>\n\t\t<\/div>\n\t\t\t\t\t\t\t\t<\/div>\n\t\t\t\t\t<\/div>\n\t\t<\/section>\n\t\t\t\t\t\t<\/div>\n\t\t\t\t\t\t<\/div>\n\t\t\t\t\t<\/div>\n\t\t","protected":false},"excerpt":{"rendered":"<p>Zesp\u00f3\u0142 naukowy Numer okr\u0119gu Zasi\u0119g terytorialny &nbsp; Rekomendowane osoby Okr\u0119g 1 woj. wielkopolskie, lubuskie, kujawsko-pomorskie dr hab. Krzysztof Waliszewski, prof. UEP dr hab. Marcin Wi\u015bniewski Okr\u0119g 2 woj. mazowieckie, \u0142\u00f3dzkie dr Adam Pigo\u0144 Okr\u0119g 3 woj. pomorskie, zachodniopomorskie dr Adam Barembruch dr Dominika Kordela Okr\u0119g 4 woj. ma\u0142opolskie, podkarpackie, \u015bwi\u0119tokrzyskie dr hab. Mateusz Folwarski, prof. &#8230; <a title=\"Zesp\u00f3\u0142 naukowy\" class=\"read-more\" href=\"https:\/\/finansomania.edu.pl\/III-edycja\/zespol-naukowy\/\" aria-label=\"More on Zesp\u00f3\u0142 naukowy\">Czytaj dalej<\/a><\/p>\n","protected":false},"author":1,"featured_media":0,"parent":0,"menu_order":0,"comment_status":"closed","ping_status":"closed","template":"","meta":{"footnotes":""},"_links":{"self":[{"href":"https:\/\/finansomania.edu.pl\/III-edycja\/wp-json\/wp\/v2\/pages\/1233"}],"collection":[{"href":"https:\/\/finansomania.edu.pl\/III-edycja\/wp-json\/wp\/v2\/pages"}],"about":[{"href":"https:\/\/finansomania.edu.pl\/III-edycja\/wp-json\/wp\/v2\/types\/page"}],"author":[{"embeddable":true,"href":"https:\/\/finansomania.edu.pl\/III-edycja\/wp-json\/wp\/v2\/users\/1"}],"replies":[{"embeddable":true,"href":"https:\/\/finansomania.edu.pl\/III-edycja\/wp-json\/wp\/v2\/comments?post=1233"}],"version-history":[{"count":6,"href":"https:\/\/finansomania.edu.pl\/III-edycja\/wp-json\/wp\/v2\/pages\/1233\/revisions"}],"predecessor-version":[{"id":1898,"href":"https:\/\/finansomania.edu.pl\/III-edycja\/wp-json\/wp\/v2\/pages\/1233\/revisions\/1898"}],"wp:attachment":[{"href":"https:\/\/finansomania.edu.pl\/III-edycja\/wp-json\/wp\/v2\/media?parent=1233"}],"curies":[{"name":"wp","href":"https:\/\/api.w.org\/{rel}","templated":true}]}}