{"id":1242,"date":"2023-06-27T11:13:36","date_gmt":"2023-06-27T09:13:36","guid":{"rendered":"https:\/\/finansomania.edu.pl\/III-edycja\/?page_id=1242"},"modified":"2023-07-11T13:12:22","modified_gmt":"2023-07-11T11:12:22","slug":"kontakty-do-uczelni-partnerskich","status":"publish","type":"page","link":"https:\/\/finansomania.edu.pl\/III-edycja\/kontakty-do-uczelni-partnerskich\/","title":{"rendered":"Kontakty do uczelni partnerskich"},"content":{"rendered":"\t\t<div data-elementor-type=\"wp-page\" data-elementor-id=\"1242\" class=\"elementor elementor-1242\" data-elementor-settings=\"[]\">\n\t\t\t\t\t\t<div class=\"elementor-inner\">\n\t\t\t\t\t\t\t<div class=\"elementor-section-wrap\">\n\t\t\t\t\t\t\t<section class=\"elementor-section elementor-top-section elementor-element elementor-element-4cf642f elementor-section-boxed elementor-section-height-default elementor-section-height-default\" data-id=\"4cf642f\" data-element_type=\"section\">\n\t\t\t\t\t\t<div class=\"elementor-container elementor-column-gap-default\">\n\t\t\t\t\t\t\t<div class=\"elementor-row\">\n\t\t\t\t\t<div class=\"elementor-column elementor-col-100 elementor-top-column elementor-element elementor-element-a8cf309\" data-id=\"a8cf309\" data-element_type=\"column\">\n\t\t\t<div class=\"elementor-column-wrap elementor-element-populated\">\n\t\t\t\t\t\t\t<div class=\"elementor-widget-wrap\">\n\t\t\t\t\t\t<div class=\"elementor-element elementor-element-53a4016 elementor-widget elementor-widget-heading\" data-id=\"53a4016\" data-element_type=\"widget\" data-widget_type=\"heading.default\">\n\t\t\t\t<div class=\"elementor-widget-container\">\n\t\t\t<h2 class=\"elementor-heading-title elementor-size-default\">Kontakty do uczelni partnerskich<\/h2>\t\t<\/div>\n\t\t\t\t<\/div>\n\t\t\t\t<div class=\"elementor-element elementor-element-67ad713 elementor-widget elementor-widget-text-editor\" data-id=\"67ad713\" data-element_type=\"widget\" data-widget_type=\"text-editor.default\">\n\t\t\t\t<div class=\"elementor-widget-container\">\n\t\t\t\t\t\t\t\t<div class=\"elementor-text-editor elementor-clearfix\">\n\t\t\t\t<div><ol><li>Uniwersytet Opolski, Wydzia\u0142 Ekonomiczny, ul. Ozimska 46a, Opole, osoba kontaktowa: dr hab. Marta Maciejasz, prof. UO\u00a0<a href=\"mailto:marta.ms@uni.opole.pl\" target=\"_blank\" rel=\"noopener noreferrer\">marta.ms@uni.opole.pl<\/a><\/li><li>Wroc\u0142aw: Uniwersytet Ekonomiczny we Wroc\u0142awiu,\u00a0ul. Komandorska 118\/120<br \/>53-345 Wroc\u0142aw,\u00a0osoba kontaktowa: dr\u00a0\u00a0Agnieszka Wojtasiak-Terech <a href=\"mailto:agnieszka.wojtasiak-terech@ue.wroc.pl\">agnieszka.wojtasiak-terech@ue.wroc.pl<\/a><\/li><li>Katowice:\u00a0Uniwersytet Ekonomiczny w Katowicach 1 Maja 50, 40-287 Katowice, Katedra Bankowo\u015bci i Rynk\u00f3w Finansowych, tel. +48 322577318,\u00a0osoba kontaktowa: dr Witold Grado\u0144<\/li><li>Lublin: Wydzia\u0142 Ekonomiczny, Uniwersytet Marii Curie-Sk\u0142odowskiej w Lublinie, ul. Pl. M. Curie-Sk\u0142odowskiej 5, 20-031 Lublin;\u00a0<a href=\"mailto:ekonomia@umcs.lublin.pl\" target=\"_blank\" rel=\"noopener noreferrer\">ekonomia@umcs.lublin.pl<\/a>; tel. +48 81\u00a0537 54 62<\/li><li>Bia\u0142ystok: Uniwersytet w Bia\u0142ymstoku, Wydzia\u0142 Ekonomii i Finans\u00f3w, ul. Warszawska 63, 15-062 Bia\u0142ystok,\u00a0<a href=\"mailto:weif@uwb.edu.pl\" target=\"_blank\" rel=\"noopener noreferrer\">weif@uwb.edu.pl<\/a>, tel. +48 85\u00a0745 7711<\/li><li>Warszawa:\u00a0Szko\u0142a G\u0142\u00f3wna Handlowa w Warszawie<br \/>al. Niepodleg\u0142o\u015bci 162; 02-554 Warszawa, Polska, tel. centrala: +48 22 564 60 00, osoba kontaktowa dr Adam Pigo\u0144 <a href=\"mailto:apigon@sgh.waw.pl\">apigon@sgh.waw.pl<\/a><\/li><li>Rzesz\u00f3w: Uniwersytet Rzeszowski, aleja Rejtana 16c, 35-959 Rzesz\u00f3w;\u00a0<a href=\"mailto:info@ur.edu.pl\" target=\"_blank\" rel=\"noopener noreferrer\">info@ur.edu.pl<\/a>, tel. +48 17\u00a0872 10 00 (centrala telefoniczna), osoba kontaktowa: dr Ewelina Rabiej.<\/li><li>Krak\u00f3w: Uniwersytet Ekonomiczny w Krakowie,\u00a0Rakowicka 27, 31-510 Krak\u00f3w\u00a0osoba kontaktowa: dr hab. Mateusz Folwarski, prof. UEK.<\/li><li>Gda\u0144sk: Uniwersytet Gda\u0144ski, Wydzia\u0142 Zarz\u0105dzania, ul. Armii Krajowej 101, 81-824 Sopot; osoba kontaktowa: dr B\u0142a\u017cej Lepczy\u0144ski, tel. +48 58\u00a0523 14 70, e-mail:\u00a0<a href=\"mailto:blazej.lepczynski@ug.edu.pl\" target=\"_blank\" rel=\"noopener noreferrer\">blazej.lepczynski@ug.edu.pl<\/a><\/li><li>Szczecin: Uniwersytet Szczeci\u0144ski,\u00a0al. Papie\u017ca Jana Paw\u0142a II 22a<br \/>70-453 Szczecin, osoba kontaktowa: dr Dominika Kordela, tel. +94 4442121, e-mail: <a href=\"mailto:dominika.kordela@usz.edu.pl\">dominika.kordela@usz.edu.pl<\/a><\/li><\/ol><\/div>\t\t\t\t\t<\/div>\n\t\t\t\t\t\t<\/div>\n\t\t\t\t<\/div>\n\t\t\t\t\t\t<\/div>\n\t\t\t\t\t<\/div>\n\t\t<\/div>\n\t\t\t\t\t\t\t\t<\/div>\n\t\t\t\t\t<\/div>\n\t\t<\/section>\n\t\t\t\t<section class=\"elementor-section elementor-top-section elementor-element elementor-element-cc42be1 elementor-section-boxed elementor-section-height-default elementor-section-height-default\" data-id=\"cc42be1\" data-element_type=\"section\">\n\t\t\t\t\t\t<div class=\"elementor-container elementor-column-gap-default\">\n\t\t\t\t\t\t\t<div class=\"elementor-row\">\n\t\t\t\t\t<div class=\"elementor-column elementor-col-20 elementor-top-column elementor-element elementor-element-f0a0992\" data-id=\"f0a0992\" data-element_type=\"column\">\n\t\t\t<div class=\"elementor-column-wrap elementor-element-populated\">\n\t\t\t\t\t\t\t<div class=\"elementor-widget-wrap\">\n\t\t\t\t\t\t<div class=\"elementor-element elementor-element-afcfadc elementor-widget elementor-widget-image\" data-id=\"afcfadc\" data-element_type=\"widget\" data-widget_type=\"image.default\">\n\t\t\t\t<div class=\"elementor-widget-container\">\n\t\t\t\t\t\t\t\t<div class=\"elementor-image\">\n\t\t\t\t\t\t\t\t\t\t\t\t<img loading=\"lazy\" decoding=\"async\" width=\"212\" height=\"212\" src=\"https:\/\/finansomania.edu.pl\/III-edycja\/wp-content\/uploads\/2021\/05\/LogoUO_212.png\" class=\"attachment-medium size-medium\" alt=\"\" srcset=\"https:\/\/finansomania.edu.pl\/III-edycja\/wp-content\/uploads\/2021\/05\/LogoUO_212.png 212w, https:\/\/finansomania.edu.pl\/III-edycja\/wp-content\/uploads\/2021\/05\/LogoUO_212-150x150.png 150w\" sizes=\"(max-width: 212px) 100vw, 212px\" \/>\t\t\t\t\t\t\t\t\t\t\t\t\t\t<\/div>\n\t\t\t\t\t\t<\/div>\n\t\t\t\t<\/div>\n\t\t\t\t\t\t<\/div>\n\t\t\t\t\t<\/div>\n\t\t<\/div>\n\t\t\t\t<div class=\"elementor-column elementor-col-20 elementor-top-column elementor-element elementor-element-ece0e5a\" data-id=\"ece0e5a\" data-element_type=\"column\">\n\t\t\t<div class=\"elementor-column-wrap elementor-element-populated\">\n\t\t\t\t\t\t\t<div class=\"elementor-widget-wrap\">\n\t\t\t\t\t\t<div class=\"elementor-element elementor-element-e5cbf89 elementor-widget elementor-widget-image\" data-id=\"e5cbf89\" data-element_type=\"widget\" data-widget_type=\"image.default\">\n\t\t\t\t<div class=\"elementor-widget-container\">\n\t\t\t\t\t\t\t\t<div class=\"elementor-image\">\n\t\t\t\t\t\t\t\t\t\t\t\t<img loading=\"lazy\" decoding=\"async\" width=\"212\" height=\"212\" src=\"https:\/\/finansomania.edu.pl\/III-edycja\/wp-content\/uploads\/2021\/04\/Katowice212.png\" class=\"attachment-medium size-medium\" alt=\"\" srcset=\"https:\/\/finansomania.edu.pl\/III-edycja\/wp-content\/uploads\/2021\/04\/Katowice212.png 212w, https:\/\/finansomania.edu.pl\/III-edycja\/wp-content\/uploads\/2021\/04\/Katowice212-150x150.png 150w\" sizes=\"(max-width: 212px) 100vw, 212px\" \/>\t\t\t\t\t\t\t\t\t\t\t\t\t\t<\/div>\n\t\t\t\t\t\t<\/div>\n\t\t\t\t<\/div>\n\t\t\t\t\t\t<\/div>\n\t\t\t\t\t<\/div>\n\t\t<\/div>\n\t\t\t\t<div class=\"elementor-column elementor-col-20 elementor-top-column elementor-element elementor-element-dfde478\" data-id=\"dfde478\" data-element_type=\"column\">\n\t\t\t<div class=\"elementor-column-wrap elementor-element-populated\">\n\t\t\t\t\t\t\t<div class=\"elementor-widget-wrap\">\n\t\t\t\t\t\t<div class=\"elementor-element elementor-element-ef02584 elementor-widget elementor-widget-image\" data-id=\"ef02584\" data-element_type=\"widget\" data-widget_type=\"image.default\">\n\t\t\t\t<div class=\"elementor-widget-container\">\n\t\t\t\t\t\t\t\t<div class=\"elementor-image\">\n\t\t\t\t\t\t\t\t\t\t\t\t<img loading=\"lazy\" decoding=\"async\" width=\"212\" height=\"212\" src=\"https:\/\/finansomania.edu.pl\/III-edycja\/wp-content\/uploads\/2021\/05\/UEwK_212.png\" class=\"attachment-medium size-medium\" alt=\"\" srcset=\"https:\/\/finansomania.edu.pl\/III-edycja\/wp-content\/uploads\/2021\/05\/UEwK_212.png 212w, https:\/\/finansomania.edu.pl\/III-edycja\/wp-content\/uploads\/2021\/05\/UEwK_212-150x150.png 150w\" sizes=\"(max-width: 212px) 100vw, 212px\" \/>\t\t\t\t\t\t\t\t\t\t\t\t\t\t<\/div>\n\t\t\t\t\t\t<\/div>\n\t\t\t\t<\/div>\n\t\t\t\t\t\t<\/div>\n\t\t\t\t\t<\/div>\n\t\t<\/div>\n\t\t\t\t<div class=\"elementor-column elementor-col-20 elementor-top-column elementor-element elementor-element-9ee5395\" data-id=\"9ee5395\" data-element_type=\"column\">\n\t\t\t<div class=\"elementor-column-wrap elementor-element-populated\">\n\t\t\t\t\t\t\t<div class=\"elementor-widget-wrap\">\n\t\t\t\t\t\t<div class=\"elementor-element elementor-element-8c5fb38 elementor-widget elementor-widget-image\" data-id=\"8c5fb38\" data-element_type=\"widget\" data-widget_type=\"image.default\">\n\t\t\t\t<div class=\"elementor-widget-container\">\n\t\t\t\t\t\t\t\t<div class=\"elementor-image\">\n\t\t\t\t\t\t\t\t\t\t\t\t<img loading=\"lazy\" decoding=\"async\" width=\"212\" height=\"212\" src=\"https:\/\/finansomania.edu.pl\/III-edycja\/wp-content\/uploads\/2021\/04\/UMCS212.png\" class=\"attachment-medium size-medium\" alt=\"\" srcset=\"https:\/\/finansomania.edu.pl\/III-edycja\/wp-content\/uploads\/2021\/04\/UMCS212.png 212w, https:\/\/finansomania.edu.pl\/III-edycja\/wp-content\/uploads\/2021\/04\/UMCS212-150x150.png 150w\" sizes=\"(max-width: 212px) 100vw, 212px\" \/>\t\t\t\t\t\t\t\t\t\t\t\t\t\t<\/div>\n\t\t\t\t\t\t<\/div>\n\t\t\t\t<\/div>\n\t\t\t\t\t\t<\/div>\n\t\t\t\t\t<\/div>\n\t\t<\/div>\n\t\t\t\t<div class=\"elementor-column elementor-col-20 elementor-top-column elementor-element elementor-element-d6d1d72\" data-id=\"d6d1d72\" data-element_type=\"column\">\n\t\t\t<div class=\"elementor-column-wrap elementor-element-populated\">\n\t\t\t\t\t\t\t<div class=\"elementor-widget-wrap\">\n\t\t\t\t\t\t<div class=\"elementor-element elementor-element-ac72355 elementor-widget elementor-widget-image\" data-id=\"ac72355\" data-element_type=\"widget\" data-widget_type=\"image.default\">\n\t\t\t\t<div class=\"elementor-widget-container\">\n\t\t\t\t\t\t\t\t<div class=\"elementor-image\">\n\t\t\t\t\t\t\t\t\t\t\t\t<img loading=\"lazy\" decoding=\"async\" width=\"212\" height=\"212\" src=\"https:\/\/finansomania.edu.pl\/III-edycja\/wp-content\/uploads\/2021\/05\/uwb_212.png\" class=\"attachment-medium size-medium\" alt=\"\" srcset=\"https:\/\/finansomania.edu.pl\/III-edycja\/wp-content\/uploads\/2021\/05\/uwb_212.png 212w, https:\/\/finansomania.edu.pl\/III-edycja\/wp-content\/uploads\/2021\/05\/uwb_212-150x150.png 150w\" sizes=\"(max-width: 212px) 100vw, 212px\" \/>\t\t\t\t\t\t\t\t\t\t\t\t\t\t<\/div>\n\t\t\t\t\t\t<\/div>\n\t\t\t\t<\/div>\n\t\t\t\t\t\t<\/div>\n\t\t\t\t\t<\/div>\n\t\t<\/div>\n\t\t\t\t\t\t\t\t<\/div>\n\t\t\t\t\t<\/div>\n\t\t<\/section>\n\t\t\t\t<section class=\"elementor-section elementor-top-section elementor-element elementor-element-f37c06e elementor-section-boxed elementor-section-height-default elementor-section-height-default\" data-id=\"f37c06e\" data-element_type=\"section\">\n\t\t\t\t\t\t<div class=\"elementor-container elementor-column-gap-default\">\n\t\t\t\t\t\t\t<div class=\"elementor-row\">\n\t\t\t\t\t<div class=\"elementor-column elementor-col-20 elementor-top-column elementor-element elementor-element-ea3e71f\" data-id=\"ea3e71f\" data-element_type=\"column\">\n\t\t\t<div class=\"elementor-column-wrap elementor-element-populated\">\n\t\t\t\t\t\t\t<div class=\"elementor-widget-wrap\">\n\t\t\t\t\t\t<div class=\"elementor-element elementor-element-e7a0dbf elementor-widget elementor-widget-image\" data-id=\"e7a0dbf\" data-element_type=\"widget\" data-widget_type=\"image.default\">\n\t\t\t\t<div class=\"elementor-widget-container\">\n\t\t\t\t\t\t\t\t<div class=\"elementor-image\">\n\t\t\t\t\t\t\t\t\t\t\t\t<img loading=\"lazy\" decoding=\"async\" width=\"212\" height=\"212\" src=\"https:\/\/finansomania.edu.pl\/III-edycja\/wp-content\/uploads\/2021\/04\/sgh212.png\" class=\"attachment-medium size-medium\" alt=\"\" srcset=\"https:\/\/finansomania.edu.pl\/III-edycja\/wp-content\/uploads\/2021\/04\/sgh212.png 212w, https:\/\/finansomania.edu.pl\/III-edycja\/wp-content\/uploads\/2021\/04\/sgh212-150x150.png 150w\" sizes=\"(max-width: 212px) 100vw, 212px\" \/>\t\t\t\t\t\t\t\t\t\t\t\t\t\t<\/div>\n\t\t\t\t\t\t<\/div>\n\t\t\t\t<\/div>\n\t\t\t\t\t\t<\/div>\n\t\t\t\t\t<\/div>\n\t\t<\/div>\n\t\t\t\t<div class=\"elementor-column elementor-col-20 elementor-top-column elementor-element elementor-element-0bf78e0\" data-id=\"0bf78e0\" data-element_type=\"column\">\n\t\t\t<div class=\"elementor-column-wrap elementor-element-populated\">\n\t\t\t\t\t\t\t<div class=\"elementor-widget-wrap\">\n\t\t\t\t\t\t<div class=\"elementor-element elementor-element-acc6268 elementor-widget elementor-widget-image\" data-id=\"acc6268\" data-element_type=\"widget\" data-widget_type=\"image.default\">\n\t\t\t\t<div class=\"elementor-widget-container\">\n\t\t\t\t\t\t\t\t<div class=\"elementor-image\">\n\t\t\t\t\t\t\t\t\t\t\t\t<img loading=\"lazy\" decoding=\"async\" width=\"212\" height=\"212\" src=\"https:\/\/finansomania.edu.pl\/III-edycja\/wp-content\/uploads\/2021\/05\/UR_212.png\" class=\"attachment-medium size-medium\" alt=\"\" srcset=\"https:\/\/finansomania.edu.pl\/III-edycja\/wp-content\/uploads\/2021\/05\/UR_212.png 212w, https:\/\/finansomania.edu.pl\/III-edycja\/wp-content\/uploads\/2021\/05\/UR_212-150x150.png 150w\" sizes=\"(max-width: 212px) 100vw, 212px\" \/>\t\t\t\t\t\t\t\t\t\t\t\t\t\t<\/div>\n\t\t\t\t\t\t<\/div>\n\t\t\t\t<\/div>\n\t\t\t\t\t\t<\/div>\n\t\t\t\t\t<\/div>\n\t\t<\/div>\n\t\t\t\t<div class=\"elementor-column elementor-col-20 elementor-top-column elementor-element elementor-element-46b1d7c\" data-id=\"46b1d7c\" data-element_type=\"column\">\n\t\t\t<div class=\"elementor-column-wrap elementor-element-populated\">\n\t\t\t\t\t\t\t<div class=\"elementor-widget-wrap\">\n\t\t\t\t\t\t<div class=\"elementor-element elementor-element-79d14d2 elementor-widget elementor-widget-image\" data-id=\"79d14d2\" data-element_type=\"widget\" data-widget_type=\"image.default\">\n\t\t\t\t<div class=\"elementor-widget-container\">\n\t\t\t\t\t\t\t\t<div class=\"elementor-image\">\n\t\t\t\t\t\t\t\t\t\t\t\t<img loading=\"lazy\" decoding=\"async\" width=\"212\" height=\"212\" src=\"https:\/\/finansomania.edu.pl\/III-edycja\/wp-content\/uploads\/2021\/06\/uekw.png\" class=\"attachment-medium size-medium\" alt=\"\" srcset=\"https:\/\/finansomania.edu.pl\/III-edycja\/wp-content\/uploads\/2021\/06\/uekw.png 212w, https:\/\/finansomania.edu.pl\/III-edycja\/wp-content\/uploads\/2021\/06\/uekw-150x150.png 150w\" sizes=\"(max-width: 212px) 100vw, 212px\" \/>\t\t\t\t\t\t\t\t\t\t\t\t\t\t<\/div>\n\t\t\t\t\t\t<\/div>\n\t\t\t\t<\/div>\n\t\t\t\t\t\t<\/div>\n\t\t\t\t\t<\/div>\n\t\t<\/div>\n\t\t\t\t<div class=\"elementor-column elementor-col-20 elementor-top-column elementor-element elementor-element-de509bc\" data-id=\"de509bc\" data-element_type=\"column\">\n\t\t\t<div class=\"elementor-column-wrap elementor-element-populated\">\n\t\t\t\t\t\t\t<div class=\"elementor-widget-wrap\">\n\t\t\t\t\t\t<div class=\"elementor-element elementor-element-3e77453 elementor-widget elementor-widget-image\" data-id=\"3e77453\" data-element_type=\"widget\" data-widget_type=\"image.default\">\n\t\t\t\t<div class=\"elementor-widget-container\">\n\t\t\t\t\t\t\t\t<div class=\"elementor-image\">\n\t\t\t\t\t\t\t\t\t\t\t\t<img loading=\"lazy\" decoding=\"async\" width=\"212\" height=\"212\" src=\"https:\/\/finansomania.edu.pl\/III-edycja\/wp-content\/uploads\/2021\/04\/LogoUG212.png\" class=\"attachment-medium size-medium\" alt=\"\" srcset=\"https:\/\/finansomania.edu.pl\/III-edycja\/wp-content\/uploads\/2021\/04\/LogoUG212.png 212w, https:\/\/finansomania.edu.pl\/III-edycja\/wp-content\/uploads\/2021\/04\/LogoUG212-150x150.png 150w\" sizes=\"(max-width: 212px) 100vw, 212px\" \/>\t\t\t\t\t\t\t\t\t\t\t\t\t\t<\/div>\n\t\t\t\t\t\t<\/div>\n\t\t\t\t<\/div>\n\t\t\t\t\t\t<\/div>\n\t\t\t\t\t<\/div>\n\t\t<\/div>\n\t\t\t\t<div class=\"elementor-column elementor-col-20 elementor-top-column elementor-element elementor-element-29df639\" data-id=\"29df639\" data-element_type=\"column\">\n\t\t\t<div class=\"elementor-column-wrap elementor-element-populated\">\n\t\t\t\t\t\t\t<div class=\"elementor-widget-wrap\">\n\t\t\t\t\t\t<div class=\"elementor-element elementor-element-f1d613c elementor-widget elementor-widget-image\" data-id=\"f1d613c\" data-element_type=\"widget\" data-widget_type=\"image.default\">\n\t\t\t\t<div class=\"elementor-widget-container\">\n\t\t\t\t\t\t\t\t<div class=\"elementor-image\">\n\t\t\t\t\t\t\t\t\t\t\t\t<img loading=\"lazy\" decoding=\"async\" width=\"212\" height=\"212\" src=\"https:\/\/finansomania.edu.pl\/III-edycja\/wp-content\/uploads\/2021\/04\/logo-US_02_212.png\" class=\"attachment-medium size-medium\" alt=\"\" srcset=\"https:\/\/finansomania.edu.pl\/III-edycja\/wp-content\/uploads\/2021\/04\/logo-US_02_212.png 212w, https:\/\/finansomania.edu.pl\/III-edycja\/wp-content\/uploads\/2021\/04\/logo-US_02_212-150x150.png 150w\" sizes=\"(max-width: 212px) 100vw, 212px\" \/>\t\t\t\t\t\t\t\t\t\t\t\t\t\t<\/div>\n\t\t\t\t\t\t<\/div>\n\t\t\t\t<\/div>\n\t\t\t\t\t\t<\/div>\n\t\t\t\t\t<\/div>\n\t\t<\/div>\n\t\t\t\t\t\t\t\t<\/div>\n\t\t\t\t\t<\/div>\n\t\t<\/section>\n\t\t\t\t\t\t<\/div>\n\t\t\t\t\t\t<\/div>\n\t\t\t\t\t<\/div>\n\t\t","protected":false},"excerpt":{"rendered":"<p>Kontakty do uczelni partnerskich Uniwersytet Opolski, Wydzia\u0142 Ekonomiczny, ul. Ozimska 46a, Opole, osoba kontaktowa: dr hab. Marta Maciejasz, prof. UO\u00a0marta.ms@uni.opole.pl Wroc\u0142aw: Uniwersytet Ekonomiczny we Wroc\u0142awiu,\u00a0ul. Komandorska 118\/12053-345 Wroc\u0142aw,\u00a0osoba kontaktowa: dr\u00a0\u00a0Agnieszka Wojtasiak-Terech agnieszka.wojtasiak-terech@ue.wroc.pl Katowice:\u00a0Uniwersytet Ekonomiczny w Katowicach 1 Maja 50, 40-287 Katowice, Katedra Bankowo\u015bci i Rynk\u00f3w Finansowych, tel. +48 322577318,\u00a0osoba kontaktowa: dr Witold Grado\u0144 Lublin: Wydzia\u0142 &#8230; <a title=\"Kontakty do uczelni partnerskich\" class=\"read-more\" href=\"https:\/\/finansomania.edu.pl\/III-edycja\/kontakty-do-uczelni-partnerskich\/\" aria-label=\"More on Kontakty do uczelni partnerskich\">Czytaj dalej<\/a><\/p>\n","protected":false},"author":1,"featured_media":0,"parent":0,"menu_order":0,"comment_status":"closed","ping_status":"closed","template":"","meta":{"footnotes":""},"_links":{"self":[{"href":"https:\/\/finansomania.edu.pl\/III-edycja\/wp-json\/wp\/v2\/pages\/1242"}],"collection":[{"href":"https:\/\/finansomania.edu.pl\/III-edycja\/wp-json\/wp\/v2\/pages"}],"about":[{"href":"https:\/\/finansomania.edu.pl\/III-edycja\/wp-json\/wp\/v2\/types\/page"}],"author":[{"embeddable":true,"href":"https:\/\/finansomania.edu.pl\/III-edycja\/wp-json\/wp\/v2\/users\/1"}],"replies":[{"embeddable":true,"href":"https:\/\/finansomania.edu.pl\/III-edycja\/wp-json\/wp\/v2\/comments?post=1242"}],"version-history":[{"count":16,"href":"https:\/\/finansomania.edu.pl\/III-edycja\/wp-json\/wp\/v2\/pages\/1242\/revisions"}],"predecessor-version":[{"id":1322,"href":"https:\/\/finansomania.edu.pl\/III-edycja\/wp-json\/wp\/v2\/pages\/1242\/revisions\/1322"}],"wp:attachment":[{"href":"https:\/\/finansomania.edu.pl\/III-edycja\/wp-json\/wp\/v2\/media?parent=1242"}],"curies":[{"name":"wp","href":"https:\/\/api.w.org\/{rel}","templated":true}]}}