{"id":1815,"date":"2024-09-16T10:58:27","date_gmt":"2024-09-16T08:58:27","guid":{"rendered":"https:\/\/finansomania.edu.pl\/III-edycja\/?page_id=1815"},"modified":"2024-10-21T09:52:02","modified_gmt":"2024-10-21T07:52:02","slug":"materialy-edukacyjne","status":"publish","type":"page","link":"https:\/\/finansomania.edu.pl\/III-edycja\/materialy-edukacyjne\/","title":{"rendered":"Materia\u0142y edukacyjne"},"content":{"rendered":"\t\t<div data-elementor-type=\"wp-page\" data-elementor-id=\"1815\" class=\"elementor elementor-1815\" data-elementor-settings=\"[]\">\n\t\t\t\t\t\t<div class=\"elementor-inner\">\n\t\t\t\t\t\t\t<div class=\"elementor-section-wrap\">\n\t\t\t\t\t\t\t<section class=\"elementor-section elementor-top-section elementor-element elementor-element-167339c elementor-section-boxed elementor-section-height-default elementor-section-height-default\" data-id=\"167339c\" data-element_type=\"section\">\n\t\t\t\t\t\t<div class=\"elementor-container elementor-column-gap-default\">\n\t\t\t\t\t\t\t<div class=\"elementor-row\">\n\t\t\t\t\t<div class=\"elementor-column elementor-col-100 elementor-top-column elementor-element elementor-element-23d730d\" data-id=\"23d730d\" data-element_type=\"column\">\n\t\t\t<div class=\"elementor-column-wrap elementor-element-populated\">\n\t\t\t\t\t\t\t<div class=\"elementor-widget-wrap\">\n\t\t\t\t\t\t<div class=\"elementor-element elementor-element-d5962dc elementor-widget elementor-widget-heading\" data-id=\"d5962dc\" data-element_type=\"widget\" data-widget_type=\"heading.default\">\n\t\t\t\t<div class=\"elementor-widget-container\">\n\t\t\t<h2 class=\"elementor-heading-title elementor-size-default\">Materia\u0142y edukacyjne<\/h2>\t\t<\/div>\n\t\t\t\t<\/div>\n\t\t\t\t<div class=\"elementor-element elementor-element-edf0997 elementor-align-center elementor-widget elementor-widget-button\" data-id=\"edf0997\" data-element_type=\"widget\" data-widget_type=\"button.default\">\n\t\t\t\t<div class=\"elementor-widget-container\">\n\t\t\t\t\t<div class=\"elementor-button-wrapper\">\n\t\t\t<a href=\"https:\/\/finansomania.edu.pl\/wp-content\/uploads\/2024\/09\/Literatura-Finansomania-2024-.pdf\" target=\"_blank\" class=\"elementor-button-link elementor-button elementor-size-md\" role=\"button\">\n\t\t\t\t\t\t<span class=\"elementor-button-content-wrapper\">\n\t\t\t\t\t\t<span class=\"elementor-button-text\">Pobierz literatur\u0119<\/span>\n\t\t<\/span>\n\t\t\t\t\t<\/a>\n\t\t<\/div>\n\t\t\t\t<\/div>\n\t\t\t\t<\/div>\n\t\t\t\t<div class=\"elementor-element elementor-element-6b72a19 elementor-widget-divider--view-line elementor-widget elementor-widget-divider\" data-id=\"6b72a19\" data-element_type=\"widget\" data-widget_type=\"divider.default\">\n\t\t\t\t<div class=\"elementor-widget-container\">\n\t\t\t\t\t<div class=\"elementor-divider\">\n\t\t\t<span class=\"elementor-divider-separator\">\n\t\t\t\t\t\t<\/span>\n\t\t<\/div>\n\t\t\t\t<\/div>\n\t\t\t\t<\/div>\n\t\t\t\t\t\t<\/div>\n\t\t\t\t\t<\/div>\n\t\t<\/div>\n\t\t\t\t\t\t\t\t<\/div>\n\t\t\t\t\t<\/div>\n\t\t<\/section>\n\t\t\t\t<section class=\"elementor-section elementor-top-section elementor-element elementor-element-4263719 elementor-section-boxed elementor-section-height-default elementor-section-height-default\" data-id=\"4263719\" data-element_type=\"section\">\n\t\t\t\t\t\t<div class=\"elementor-container elementor-column-gap-default\">\n\t\t\t\t\t\t\t<div class=\"elementor-row\">\n\t\t\t\t\t<div class=\"elementor-column elementor-col-50 elementor-top-column elementor-element elementor-element-eeb09dc\" data-id=\"eeb09dc\" data-element_type=\"column\">\n\t\t\t<div class=\"elementor-column-wrap elementor-element-populated\">\n\t\t\t\t\t\t\t<div class=\"elementor-widget-wrap\">\n\t\t\t\t\t\t<div class=\"elementor-element elementor-element-b5b1a10 elementor-widget elementor-widget-image\" data-id=\"b5b1a10\" data-element_type=\"widget\" data-widget_type=\"image.default\">\n\t\t\t\t<div class=\"elementor-widget-container\">\n\t\t\t\t\t\t\t\t<div class=\"elementor-image\">\n\t\t\t\t\t\t\t\t\t\t\t\t<img loading=\"lazy\" decoding=\"async\" width=\"595\" height=\"850\" src=\"https:\/\/finansomania.edu.pl\/III-edycja\/wp-content\/uploads\/2024\/09\/Okladka_BmD.png\" class=\"attachment-full size-full\" alt=\"\" \/>\t\t\t\t\t\t\t\t\t\t\t\t\t\t<\/div>\n\t\t\t\t\t\t<\/div>\n\t\t\t\t<\/div>\n\t\t\t\t\t\t<\/div>\n\t\t\t\t\t<\/div>\n\t\t<\/div>\n\t\t\t\t<div class=\"elementor-column elementor-col-50 elementor-top-column elementor-element elementor-element-68124c5\" data-id=\"68124c5\" data-element_type=\"column\">\n\t\t\t<div class=\"elementor-column-wrap elementor-element-populated\">\n\t\t\t\t\t\t\t<div class=\"elementor-widget-wrap\">\n\t\t\t\t\t\t<div class=\"elementor-element elementor-element-ae202f6 elementor-widget elementor-widget-heading\" data-id=\"ae202f6\" data-element_type=\"widget\" data-widget_type=\"heading.default\">\n\t\t\t\t<div class=\"elementor-widget-container\">\n\t\t\t<h3 class=\"elementor-heading-title elementor-size-default\">Warszawski Instytut Bankowo\u015bci\n<\/h3>\t\t<\/div>\n\t\t\t\t<\/div>\n\t\t\t\t<div class=\"elementor-element elementor-element-8cd2636 elementor-widget elementor-widget-text-editor\" data-id=\"8cd2636\" data-element_type=\"widget\" data-widget_type=\"text-editor.default\">\n\t\t\t\t<div class=\"elementor-widget-container\">\n\t\t\t\t\t\t\t\t<div class=\"elementor-text-editor elementor-clearfix\">\n\t\t\t\t<p>Janusz Korczak, Bankructwo ma\u0142ego D\u017ceka,<br \/>Ksi\u0105\u017cka bezp\u0142atnie dost\u0119pna w ramach projektu edukacyjnego Fundacji Warszawski Instytut Bankowo\u015bci \u201ePrzygody przedsi\u0119biorczego D\u017ceka\u201d &#8211; <a href=\"https:\/\/przedsiebiorczydzek.pl\/bankructwo-malego-dzeka-lektura\/\" target=\"_blank\" rel=\"noopener\">https:\/\/przedsiebiorczydzek.pl\/bankructwo-malego-dzeka-lektura\/<\/a><\/p>\t\t\t\t\t<\/div>\n\t\t\t\t\t\t<\/div>\n\t\t\t\t<\/div>\n\t\t\t\t\t\t<\/div>\n\t\t\t\t\t<\/div>\n\t\t<\/div>\n\t\t\t\t\t\t\t\t<\/div>\n\t\t\t\t\t<\/div>\n\t\t<\/section>\n\t\t\t\t<section class=\"elementor-section elementor-top-section elementor-element elementor-element-40fb28c elementor-section-boxed elementor-section-height-default elementor-section-height-default\" data-id=\"40fb28c\" data-element_type=\"section\">\n\t\t\t\t\t\t<div class=\"elementor-container elementor-column-gap-default\">\n\t\t\t\t\t\t\t<div class=\"elementor-row\">\n\t\t\t\t\t<div class=\"elementor-column elementor-col-100 elementor-top-column elementor-element elementor-element-16a6fb9\" data-id=\"16a6fb9\" data-element_type=\"column\">\n\t\t\t<div class=\"elementor-column-wrap elementor-element-populated\">\n\t\t\t\t\t\t\t<div class=\"elementor-widget-wrap\">\n\t\t\t\t\t\t<div class=\"elementor-element elementor-element-967afa2 elementor-widget-divider--view-line elementor-widget elementor-widget-divider\" data-id=\"967afa2\" data-element_type=\"widget\" data-widget_type=\"divider.default\">\n\t\t\t\t<div class=\"elementor-widget-container\">\n\t\t\t\t\t<div class=\"elementor-divider\">\n\t\t\t<span class=\"elementor-divider-separator\">\n\t\t\t\t\t\t<\/span>\n\t\t<\/div>\n\t\t\t\t<\/div>\n\t\t\t\t<\/div>\n\t\t\t\t<div class=\"elementor-element elementor-element-9da4fb1 elementor-widget elementor-widget-heading\" data-id=\"9da4fb1\" data-element_type=\"widget\" data-widget_type=\"heading.default\">\n\t\t\t\t<div class=\"elementor-widget-container\">\n\t\t\t<h3 class=\"elementor-heading-title elementor-size-default\">Podr\u0119cznik Finansomania. Podstawy wiedzy o finansach<\/h3>\t\t<\/div>\n\t\t\t\t<\/div>\n\t\t\t\t<div class=\"elementor-element elementor-element-5550a8d elementor-widget elementor-widget-image\" data-id=\"5550a8d\" data-element_type=\"widget\" data-widget_type=\"image.default\">\n\t\t\t\t<div class=\"elementor-widget-container\">\n\t\t\t\t\t\t\t\t<div class=\"elementor-image\">\n\t\t\t\t\t\t\t\t\t\t\t\t\t<a href=\"https:\/\/wydawnictwo.ue.poznan.pl\/book.html?isbn=978-83-8211-064-7\" target=\"_blank\">\n\t\t\t\t\t\t\t<img loading=\"lazy\" decoding=\"async\" width=\"213\" height=\"300\" src=\"https:\/\/finansomania.edu.pl\/III-edycja\/wp-content\/uploads\/2021\/06\/978-83-8211-064-7-213x300.jpg\" class=\"attachment-medium size-medium\" alt=\"\" srcset=\"https:\/\/finansomania.edu.pl\/III-edycja\/wp-content\/uploads\/2021\/06\/978-83-8211-064-7-213x300.jpg 213w, https:\/\/finansomania.edu.pl\/III-edycja\/wp-content\/uploads\/2021\/06\/978-83-8211-064-7-726x1024.jpg 726w, https:\/\/finansomania.edu.pl\/III-edycja\/wp-content\/uploads\/2021\/06\/978-83-8211-064-7-768x1084.jpg 768w, https:\/\/finansomania.edu.pl\/III-edycja\/wp-content\/uploads\/2021\/06\/978-83-8211-064-7.jpg 900w\" sizes=\"(max-width: 213px) 100vw, 213px\" \/>\t\t\t\t\t\t\t\t<\/a>\n\t\t\t\t\t\t\t\t\t\t\t\t\t\t<\/div>\n\t\t\t\t\t\t<\/div>\n\t\t\t\t<\/div>\n\t\t\t\t<div class=\"elementor-element elementor-element-7b2aaee elementor-widget elementor-widget-text-editor\" data-id=\"7b2aaee\" data-element_type=\"widget\" data-widget_type=\"text-editor.default\">\n\t\t\t\t<div class=\"elementor-widget-container\">\n\t\t\t\t\t\t\t\t<div class=\"elementor-text-editor elementor-clearfix\">\n\t\t\t\t<p>Polecamy ksi\u0105\u017ck\u0119, kt\u00f3ra jest jak bardzo dobra multiwitamina. Dostarcza kompleksowego wsparcia osobom, kt\u00f3re chc\u0105 pozna\u0107 \u015bwiat finans\u00f3w i funkcjonowa\u0107 w tym \u015bwiecie, a zatem jest wsparciem dla szerokiego grona czytelnik\u00f3w. Kompleksowo\u015b\u0107 wi\u0105\u017ce si\u0119 z szerokim spektrum poruszanych zagadnie\u0144: od finans\u00f3w osobistych po finanse mi\u0119dzynarodowe, od finans\u00f3w publicznych po finanse przedsi\u0119biorstw, od prostych instrument\u00f3w finansowych, jak czek, po te notowane na gie\u0142dach papier\u00f3w warto\u015bciowych. Co wa\u017cne, zagadnienia te przedstawiono w \u015bwietnie przyswajalnej pigu\u0142ce. Przyswajalno\u015b\u0107 tej pigu\u0142ki wynika z formy i j\u0119zyka przekazu. Czytelnik znajdzie tu przejrzyste definicje i liczne przyk\u0142ady oraz ilustracje. Znajdzie te\u017c zadania, kt\u00f3re umo\u017cliwi\u0105 mu weryfikacj\u0119 zdobytej wiedzy.<\/p><p>Cho\u0107 podr\u0119cznik by\u0142 tworzony z my\u015bl\u0105 o m\u0142odzie\u017cy przygotowuj\u0105cej si\u0119 do Og\u00f3lnopolskiej Olimpiady Wiedzy o Finansach \u201eFinansomania\u201d, z pewno\u015bci\u0105 b\u0119dzie te\u017c wsparciem dla wielu innych czytelnik\u00f3w i poszerzy grono finansomaniak\u00f3w.<\/p>\t\t\t\t\t<\/div>\n\t\t\t\t\t\t<\/div>\n\t\t\t\t<\/div>\n\t\t\t\t<div class=\"elementor-element elementor-element-f671e20 elementor-align-center elementor-widget elementor-widget-button\" data-id=\"f671e20\" data-element_type=\"widget\" data-widget_type=\"button.default\">\n\t\t\t\t<div class=\"elementor-widget-container\">\n\t\t\t\t\t<div class=\"elementor-button-wrapper\">\n\t\t\t<a href=\"https:\/\/wydawnictwo.ue.poznan.pl\/book.html?isbn=978-83-8211-064-7\" target=\"_blank\" class=\"elementor-button-link elementor-button elementor-size-md\" role=\"button\">\n\t\t\t\t\t\t<span class=\"elementor-button-content-wrapper\">\n\t\t\t\t\t\t<span class=\"elementor-button-text\">Strona wydawnictwa<\/span>\n\t\t<\/span>\n\t\t\t\t\t<\/a>\n\t\t<\/div>\n\t\t\t\t<\/div>\n\t\t\t\t<\/div>\n\t\t\t\t<div class=\"elementor-element elementor-element-6a7ea4d elementor-widget-divider--view-line elementor-widget elementor-widget-divider\" data-id=\"6a7ea4d\" data-element_type=\"widget\" data-widget_type=\"divider.default\">\n\t\t\t\t<div class=\"elementor-widget-container\">\n\t\t\t\t\t<div class=\"elementor-divider\">\n\t\t\t<span class=\"elementor-divider-separator\">\n\t\t\t\t\t\t<\/span>\n\t\t<\/div>\n\t\t\t\t<\/div>\n\t\t\t\t<\/div>\n\t\t\t\t<div class=\"elementor-element elementor-element-edf2836 elementor-align-center elementor-widget elementor-widget-button\" data-id=\"edf2836\" data-element_type=\"widget\" data-widget_type=\"button.default\">\n\t\t\t\t<div class=\"elementor-widget-container\">\n\t\t\t\t\t<div class=\"elementor-button-wrapper\">\n\t\t\t<a href=\"http:\/\/finansomania.edu.pl\/wp-content\/uploads\/2021\/05\/ulotkabfg2019.pdf\" target=\"_blank\" class=\"elementor-button-link elementor-button elementor-size-md\" role=\"button\">\n\t\t\t\t\t\t<span class=\"elementor-button-content-wrapper\">\n\t\t\t\t\t\t<span class=\"elementor-button-text\">Ulotka informacyjna BFG<\/span>\n\t\t<\/span>\n\t\t\t\t\t<\/a>\n\t\t<\/div>\n\t\t\t\t<\/div>\n\t\t\t\t<\/div>\n\t\t\t\t<div class=\"elementor-element elementor-element-520087f elementor-align-center elementor-widget elementor-widget-button\" data-id=\"520087f\" data-element_type=\"widget\" data-widget_type=\"button.default\">\n\t\t\t\t<div class=\"elementor-widget-container\">\n\t\t\t\t\t<div class=\"elementor-button-wrapper\">\n\t\t\t<a href=\"https:\/\/www.bfg.pl\/gwarantowanie-depozytow\/jak-przebiega-wyplata\/\" target=\"_blank\" class=\"elementor-button-link elementor-button elementor-size-md\" role=\"button\">\n\t\t\t\t\t\t<span class=\"elementor-button-content-wrapper\">\n\t\t\t\t\t\t<span class=\"elementor-button-text\">Gwarantowanie depozyt\u00f3w BFG<\/span>\n\t\t<\/span>\n\t\t\t\t\t<\/a>\n\t\t<\/div>\n\t\t\t\t<\/div>\n\t\t\t\t<\/div>\n\t\t\t\t<div class=\"elementor-element elementor-element-656d5db elementor-widget-divider--view-line elementor-widget elementor-widget-divider\" data-id=\"656d5db\" data-element_type=\"widget\" data-widget_type=\"divider.default\">\n\t\t\t\t<div class=\"elementor-widget-container\">\n\t\t\t\t\t<div class=\"elementor-divider\">\n\t\t\t<span class=\"elementor-divider-separator\">\n\t\t\t\t\t\t<\/span>\n\t\t<\/div>\n\t\t\t\t<\/div>\n\t\t\t\t<\/div>\n\t\t\t\t<div class=\"elementor-element elementor-element-26e220b elementor-widget elementor-widget-heading\" data-id=\"26e220b\" data-element_type=\"widget\" data-widget_type=\"heading.default\">\n\t\t\t\t<div class=\"elementor-widget-container\">\n\t\t\t<h3 class=\"elementor-heading-title elementor-size-default\">Raport ZBP<\/h3>\t\t<\/div>\n\t\t\t\t<\/div>\n\t\t\t\t<section class=\"elementor-section elementor-inner-section elementor-element elementor-element-3c00105 elementor-section-boxed elementor-section-height-default elementor-section-height-default\" data-id=\"3c00105\" data-element_type=\"section\">\n\t\t\t\t\t\t<div class=\"elementor-container elementor-column-gap-default\">\n\t\t\t\t\t\t\t<div class=\"elementor-row\">\n\t\t\t\t\t<div class=\"elementor-column elementor-col-50 elementor-inner-column elementor-element elementor-element-f37977f\" data-id=\"f37977f\" data-element_type=\"column\">\n\t\t\t<div class=\"elementor-column-wrap elementor-element-populated\">\n\t\t\t\t\t\t\t<div class=\"elementor-widget-wrap\">\n\t\t\t\t\t\t<div class=\"elementor-element elementor-element-d3abfe3 elementor-align-center elementor-widget elementor-widget-button\" data-id=\"d3abfe3\" data-element_type=\"widget\" data-widget_type=\"button.default\">\n\t\t\t\t<div class=\"elementor-widget-container\">\n\t\t\t\t\t<div class=\"elementor-button-wrapper\">\n\t\t\t<a href=\"https:\/\/finansomania.edu.pl\/wp-content\/uploads\/2021\/05\/ZBP_CyberbezpiecznyPortfel2020.pdf\" target=\"_blank\" class=\"elementor-button-link elementor-button elementor-size-md\" role=\"button\">\n\t\t\t\t\t\t<span class=\"elementor-button-content-wrapper\">\n\t\t\t\t\t\t<span class=\"elementor-button-text\">Cyberbezpieczny portfel<\/span>\n\t\t<\/span>\n\t\t\t\t\t<\/a>\n\t\t<\/div>\n\t\t\t\t<\/div>\n\t\t\t\t<\/div>\n\t\t\t\t\t\t<\/div>\n\t\t\t\t\t<\/div>\n\t\t<\/div>\n\t\t\t\t<div class=\"elementor-column elementor-col-50 elementor-inner-column elementor-element elementor-element-860c254\" data-id=\"860c254\" data-element_type=\"column\">\n\t\t\t<div class=\"elementor-column-wrap elementor-element-populated\">\n\t\t\t\t\t\t\t<div class=\"elementor-widget-wrap\">\n\t\t\t\t\t\t<div class=\"elementor-element elementor-element-690c967 elementor-align-center elementor-widget elementor-widget-button\" data-id=\"690c967\" data-element_type=\"widget\" data-widget_type=\"button.default\">\n\t\t\t\t<div class=\"elementor-widget-container\">\n\t\t\t\t\t<div class=\"elementor-button-wrapper\">\n\t\t\t<a href=\"https:\/\/finansomania.edu.pl\/wp-content\/uploads\/2021\/05\/Raport-ZBP-WIB_Portfel-Studenta-2020.pdf\" target=\"_blank\" class=\"elementor-button-link elementor-button elementor-size-md\" role=\"button\">\n\t\t\t\t\t\t<span class=\"elementor-button-content-wrapper\">\n\t\t\t\t\t\t<span class=\"elementor-button-text\">Portfel Studenta<\/span>\n\t\t<\/span>\n\t\t\t\t\t<\/a>\n\t\t<\/div>\n\t\t\t\t<\/div>\n\t\t\t\t<\/div>\n\t\t\t\t\t\t<\/div>\n\t\t\t\t\t<\/div>\n\t\t<\/div>\n\t\t\t\t\t\t\t\t<\/div>\n\t\t\t\t\t<\/div>\n\t\t<\/section>\n\t\t\t\t<div class=\"elementor-element elementor-element-050833f elementor-widget-divider--view-line elementor-widget elementor-widget-divider\" data-id=\"050833f\" data-element_type=\"widget\" data-widget_type=\"divider.default\">\n\t\t\t\t<div class=\"elementor-widget-container\">\n\t\t\t\t\t<div class=\"elementor-divider\">\n\t\t\t<span class=\"elementor-divider-separator\">\n\t\t\t\t\t\t<\/span>\n\t\t<\/div>\n\t\t\t\t<\/div>\n\t\t\t\t<\/div>\n\t\t\t\t<div class=\"elementor-element elementor-element-e662edd elementor-align-center elementor-widget elementor-widget-button\" data-id=\"e662edd\" data-element_type=\"widget\" data-widget_type=\"button.default\">\n\t\t\t\t<div class=\"elementor-widget-container\">\n\t\t\t\t\t<div class=\"elementor-button-wrapper\">\n\t\t\t<a href=\"https:\/\/blik.com\/dobre-nawyki\" target=\"_blank\" class=\"elementor-button-link elementor-button elementor-size-md\" role=\"button\">\n\t\t\t\t\t\t<span class=\"elementor-button-content-wrapper\">\n\t\t\t\t\t\t<span class=\"elementor-button-text\">BLIK - dobre nawyki<\/span>\n\t\t<\/span>\n\t\t\t\t\t<\/a>\n\t\t<\/div>\n\t\t\t\t<\/div>\n\t\t\t\t<\/div>\n\t\t\t\t\t\t<\/div>\n\t\t\t\t\t<\/div>\n\t\t<\/div>\n\t\t\t\t\t\t\t\t<\/div>\n\t\t\t\t\t<\/div>\n\t\t<\/section>\n\t\t\t\t\t\t<\/div>\n\t\t\t\t\t\t<\/div>\n\t\t\t\t\t<\/div>\n\t\t","protected":false},"excerpt":{"rendered":"<p>Materia\u0142y edukacyjne Pobierz literatur\u0119 Warszawski Instytut Bankowo\u015bci Janusz Korczak, Bankructwo ma\u0142ego D\u017ceka,Ksi\u0105\u017cka bezp\u0142atnie dost\u0119pna w ramach projektu edukacyjnego Fundacji Warszawski Instytut Bankowo\u015bci \u201ePrzygody przedsi\u0119biorczego D\u017ceka\u201d &#8211; https:\/\/przedsiebiorczydzek.pl\/bankructwo-malego-dzeka-lektura\/ Podr\u0119cznik Finansomania. Podstawy wiedzy o finansach Polecamy ksi\u0105\u017ck\u0119, kt\u00f3ra jest jak bardzo dobra multiwitamina. Dostarcza kompleksowego wsparcia osobom, kt\u00f3re chc\u0105 pozna\u0107 \u015bwiat finans\u00f3w i funkcjonowa\u0107 w tym \u015bwiecie, &#8230; <a title=\"Materia\u0142y edukacyjne\" class=\"read-more\" href=\"https:\/\/finansomania.edu.pl\/III-edycja\/materialy-edukacyjne\/\" aria-label=\"More on Materia\u0142y edukacyjne\">Czytaj dalej<\/a><\/p>\n","protected":false},"author":1,"featured_media":0,"parent":0,"menu_order":0,"comment_status":"closed","ping_status":"closed","template":"","meta":{"footnotes":""},"_links":{"self":[{"href":"https:\/\/finansomania.edu.pl\/III-edycja\/wp-json\/wp\/v2\/pages\/1815"}],"collection":[{"href":"https:\/\/finansomania.edu.pl\/III-edycja\/wp-json\/wp\/v2\/pages"}],"about":[{"href":"https:\/\/finansomania.edu.pl\/III-edycja\/wp-json\/wp\/v2\/types\/page"}],"author":[{"embeddable":true,"href":"https:\/\/finansomania.edu.pl\/III-edycja\/wp-json\/wp\/v2\/users\/1"}],"replies":[{"embeddable":true,"href":"https:\/\/finansomania.edu.pl\/III-edycja\/wp-json\/wp\/v2\/comments?post=1815"}],"version-history":[{"count":10,"href":"https:\/\/finansomania.edu.pl\/III-edycja\/wp-json\/wp\/v2\/pages\/1815\/revisions"}],"predecessor-version":[{"id":1877,"href":"https:\/\/finansomania.edu.pl\/III-edycja\/wp-json\/wp\/v2\/pages\/1815\/revisions\/1877"}],"wp:attachment":[{"href":"https:\/\/finansomania.edu.pl\/III-edycja\/wp-json\/wp\/v2\/media?parent=1815"}],"curies":[{"name":"wp","href":"https:\/\/api.w.org\/{rel}","templated":true}]}}