{"id":231,"date":"2020-09-29T20:50:18","date_gmt":"2020-09-29T18:50:18","guid":{"rendered":"http:\/\/finansomania.edu.pl\/III-edycja\/?page_id=231"},"modified":"2020-09-29T20:55:24","modified_gmt":"2020-09-29T18:55:24","slug":"quizy","status":"publish","type":"page","link":"https:\/\/finansomania.edu.pl\/III-edycja\/quizy\/","title":{"rendered":"Quizy"},"content":{"rendered":"\t\t<div data-elementor-type=\"wp-page\" data-elementor-id=\"231\" class=\"elementor elementor-231\" data-elementor-settings=\"[]\">\n\t\t\t\t\t\t<div class=\"elementor-inner\">\n\t\t\t\t\t\t\t<div class=\"elementor-section-wrap\">\n\t\t\t\t\t\t\t<section class=\"elementor-section elementor-top-section elementor-element elementor-element-26044ea elementor-section-boxed elementor-section-height-default elementor-section-height-default\" data-id=\"26044ea\" data-element_type=\"section\">\n\t\t\t\t\t\t<div class=\"elementor-container elementor-column-gap-default\">\n\t\t\t\t\t\t\t<div class=\"elementor-row\">\n\t\t\t\t\t<div class=\"elementor-column elementor-col-100 elementor-top-column elementor-element elementor-element-ee45c48\" data-id=\"ee45c48\" data-element_type=\"column\">\n\t\t\t<div class=\"elementor-column-wrap elementor-element-populated\">\n\t\t\t\t\t\t\t<div class=\"elementor-widget-wrap\">\n\t\t\t\t\t\t<div class=\"elementor-element elementor-element-5aae112 elementor-widget elementor-widget-heading\" data-id=\"5aae112\" data-element_type=\"widget\" data-widget_type=\"heading.default\">\n\t\t\t\t<div class=\"elementor-widget-container\">\n\t\t\t<h2 class=\"elementor-heading-title elementor-size-default\">Quizy<\/h2>\t\t<\/div>\n\t\t\t\t<\/div>\n\t\t\t\t\t\t<\/div>\n\t\t\t\t\t<\/div>\n\t\t<\/div>\n\t\t\t\t\t\t\t\t<\/div>\n\t\t\t\t\t<\/div>\n\t\t<\/section>\n\t\t\t\t<section class=\"elementor-section elementor-top-section elementor-element elementor-element-b88dc61 elementor-section-boxed elementor-section-height-default elementor-section-height-default\" data-id=\"b88dc61\" data-element_type=\"section\">\n\t\t\t\t\t\t<div class=\"elementor-container elementor-column-gap-default\">\n\t\t\t\t\t\t\t<div class=\"elementor-row\">\n\t\t\t\t\t<div class=\"elementor-column elementor-col-50 elementor-top-column elementor-element elementor-element-bd2468b\" data-id=\"bd2468b\" data-element_type=\"column\">\n\t\t\t<div class=\"elementor-column-wrap elementor-element-populated\">\n\t\t\t\t\t\t\t<div class=\"elementor-widget-wrap\">\n\t\t\t\t\t\t<div class=\"elementor-element elementor-element-3ee15e6 elementor-widget elementor-widget-heading\" data-id=\"3ee15e6\" data-element_type=\"widget\" data-widget_type=\"heading.default\">\n\t\t\t\t<div class=\"elementor-widget-container\">\n\t\t\t<h3 class=\"elementor-heading-title elementor-size-default\">TEST 1<\/h3>\t\t<\/div>\n\t\t\t\t<\/div>\n\t\t\t\t<div class=\"elementor-element elementor-element-07a57e0 elementor-align-center elementor-widget elementor-widget-button\" data-id=\"07a57e0\" data-element_type=\"widget\" data-widget_type=\"button.default\">\n\t\t\t\t<div class=\"elementor-widget-container\">\n\t\t\t\t\t<div class=\"elementor-button-wrapper\">\n\t\t\t<a href=\"https:\/\/forms.office.com\/Pages\/ResponsePage.aspx?id=du5jxa5LoEatEBOSk9IEpV4yRJLdC21PmFQTSzkT6lFUMFBVUTNUNFFHSjkwNEIwSUdORERTNFhXMi4u\" target=\"_blank\" class=\"elementor-button-link elementor-button elementor-size-md\" role=\"button\">\n\t\t\t\t\t\t<span class=\"elementor-button-content-wrapper\">\n\t\t\t\t\t\t<span class=\"elementor-button-text\">Rozwi\u0105\u017c quiz<\/span>\n\t\t<\/span>\n\t\t\t\t\t<\/a>\n\t\t<\/div>\n\t\t\t\t<\/div>\n\t\t\t\t<\/div>\n\t\t\t\t<div class=\"elementor-element elementor-element-c25782f elementor-widget elementor-widget-image\" data-id=\"c25782f\" data-element_type=\"widget\" data-widget_type=\"image.default\">\n\t\t\t\t<div class=\"elementor-widget-container\">\n\t\t\t\t\t\t\t\t<div class=\"elementor-image\">\n\t\t\t\t\t\t\t\t\t\t\t\t<img loading=\"lazy\" decoding=\"async\" width=\"150\" height=\"150\" src=\"https:\/\/finansomania.edu.pl\/III-edycja\/wp-content\/uploads\/2020\/09\/OOWOF-przyk\u0142adowy-test-nr-1-QR-150x150.png\" class=\"attachment-thumbnail size-thumbnail\" alt=\"\" srcset=\"https:\/\/finansomania.edu.pl\/III-edycja\/wp-content\/uploads\/2020\/09\/OOWOF-przyk\u0142adowy-test-nr-1-QR-150x150.png 150w, https:\/\/finansomania.edu.pl\/III-edycja\/wp-content\/uploads\/2020\/09\/OOWOF-przyk\u0142adowy-test-nr-1-QR-300x300.png 300w, https:\/\/finansomania.edu.pl\/III-edycja\/wp-content\/uploads\/2020\/09\/OOWOF-przyk\u0142adowy-test-nr-1-QR-768x768.png 768w, https:\/\/finansomania.edu.pl\/III-edycja\/wp-content\/uploads\/2020\/09\/OOWOF-przyk\u0142adowy-test-nr-1-QR.png 800w\" sizes=\"(max-width: 150px) 100vw, 150px\" \/>\t\t\t\t\t\t\t\t\t\t\t\t\t\t<\/div>\n\t\t\t\t\t\t<\/div>\n\t\t\t\t<\/div>\n\t\t\t\t\t\t<\/div>\n\t\t\t\t\t<\/div>\n\t\t<\/div>\n\t\t\t\t<div class=\"elementor-column elementor-col-50 elementor-top-column elementor-element elementor-element-b974317\" data-id=\"b974317\" data-element_type=\"column\">\n\t\t\t<div class=\"elementor-column-wrap elementor-element-populated\">\n\t\t\t\t\t\t\t<div class=\"elementor-widget-wrap\">\n\t\t\t\t\t\t<div class=\"elementor-element elementor-element-5f8fecb elementor-widget elementor-widget-heading\" data-id=\"5f8fecb\" data-element_type=\"widget\" data-widget_type=\"heading.default\">\n\t\t\t\t<div class=\"elementor-widget-container\">\n\t\t\t<h3 class=\"elementor-heading-title elementor-size-default\">TEST 2<\/h3>\t\t<\/div>\n\t\t\t\t<\/div>\n\t\t\t\t<div class=\"elementor-element elementor-element-5a59ca9 elementor-align-center elementor-widget elementor-widget-button\" data-id=\"5a59ca9\" data-element_type=\"widget\" data-widget_type=\"button.default\">\n\t\t\t\t<div class=\"elementor-widget-container\">\n\t\t\t\t\t<div class=\"elementor-button-wrapper\">\n\t\t\t<a href=\"https:\/\/forms.office.com\/Pages\/ResponsePage.aspx?id=du5jxa5LoEatEBOSk9IEpV4yRJLdC21PmFQTSzkT6lFUQjBNTkw4VEhMSFJMSzdSRUs2Slk1TU9TOS4u\" target=\"_blank\" class=\"elementor-button-link elementor-button elementor-size-md\" role=\"button\">\n\t\t\t\t\t\t<span class=\"elementor-button-content-wrapper\">\n\t\t\t\t\t\t<span class=\"elementor-button-text\">Rozwi\u0105\u017c quiz<\/span>\n\t\t<\/span>\n\t\t\t\t\t<\/a>\n\t\t<\/div>\n\t\t\t\t<\/div>\n\t\t\t\t<\/div>\n\t\t\t\t<div class=\"elementor-element elementor-element-f4da124 elementor-widget elementor-widget-image\" data-id=\"f4da124\" data-element_type=\"widget\" data-widget_type=\"image.default\">\n\t\t\t\t<div class=\"elementor-widget-container\">\n\t\t\t\t\t\t\t\t<div class=\"elementor-image\">\n\t\t\t\t\t\t\t\t\t\t\t\t<img loading=\"lazy\" decoding=\"async\" width=\"150\" height=\"150\" src=\"https:\/\/finansomania.edu.pl\/III-edycja\/wp-content\/uploads\/2020\/09\/OOWOF-przyk\u0142adowy-test-nr-2-QR-150x150.png\" class=\"attachment-thumbnail size-thumbnail\" alt=\"\" srcset=\"https:\/\/finansomania.edu.pl\/III-edycja\/wp-content\/uploads\/2020\/09\/OOWOF-przyk\u0142adowy-test-nr-2-QR-150x150.png 150w, https:\/\/finansomania.edu.pl\/III-edycja\/wp-content\/uploads\/2020\/09\/OOWOF-przyk\u0142adowy-test-nr-2-QR-300x300.png 300w, https:\/\/finansomania.edu.pl\/III-edycja\/wp-content\/uploads\/2020\/09\/OOWOF-przyk\u0142adowy-test-nr-2-QR-768x768.png 768w, https:\/\/finansomania.edu.pl\/III-edycja\/wp-content\/uploads\/2020\/09\/OOWOF-przyk\u0142adowy-test-nr-2-QR.png 800w\" sizes=\"(max-width: 150px) 100vw, 150px\" \/>\t\t\t\t\t\t\t\t\t\t\t\t\t\t<\/div>\n\t\t\t\t\t\t<\/div>\n\t\t\t\t<\/div>\n\t\t\t\t\t\t<\/div>\n\t\t\t\t\t<\/div>\n\t\t<\/div>\n\t\t\t\t\t\t\t\t<\/div>\n\t\t\t\t\t<\/div>\n\t\t<\/section>\n\t\t\t\t\t\t<\/div>\n\t\t\t\t\t\t<\/div>\n\t\t\t\t\t<\/div>\n\t\t","protected":false},"excerpt":{"rendered":"<p>Quizy TEST 1 Rozwi\u0105\u017c quiz TEST 2 Rozwi\u0105\u017c quiz<\/p>\n","protected":false},"author":1,"featured_media":0,"parent":0,"menu_order":0,"comment_status":"closed","ping_status":"closed","template":"","meta":{"footnotes":""},"_links":{"self":[{"href":"https:\/\/finansomania.edu.pl\/III-edycja\/wp-json\/wp\/v2\/pages\/231"}],"collection":[{"href":"https:\/\/finansomania.edu.pl\/III-edycja\/wp-json\/wp\/v2\/pages"}],"about":[{"href":"https:\/\/finansomania.edu.pl\/III-edycja\/wp-json\/wp\/v2\/types\/page"}],"author":[{"embeddable":true,"href":"https:\/\/finansomania.edu.pl\/III-edycja\/wp-json\/wp\/v2\/users\/1"}],"replies":[{"embeddable":true,"href":"https:\/\/finansomania.edu.pl\/III-edycja\/wp-json\/wp\/v2\/comments?post=231"}],"version-history":[{"count":7,"href":"https:\/\/finansomania.edu.pl\/III-edycja\/wp-json\/wp\/v2\/pages\/231\/revisions"}],"predecessor-version":[{"id":243,"href":"https:\/\/finansomania.edu.pl\/III-edycja\/wp-json\/wp\/v2\/pages\/231\/revisions\/243"}],"wp:attachment":[{"href":"https:\/\/finansomania.edu.pl\/III-edycja\/wp-json\/wp\/v2\/media?parent=231"}],"curies":[{"name":"wp","href":"https:\/\/api.w.org\/{rel}","templated":true}]}}