{"id":28,"date":"2020-01-24T12:29:11","date_gmt":"2020-01-24T11:29:11","guid":{"rendered":"http:\/\/finansomania.edu.pl\/III-edycja\/?page_id=28"},"modified":"2024-10-16T10:14:38","modified_gmt":"2024-10-16T08:14:38","slug":"podstawowe-informacje","status":"publish","type":"page","link":"https:\/\/finansomania.edu.pl\/III-edycja\/podstawowe-informacje\/","title":{"rendered":"Podstawowe informacje"},"content":{"rendered":"\t\t<div data-elementor-type=\"wp-page\" data-elementor-id=\"28\" class=\"elementor elementor-28\" data-elementor-settings=\"[]\">\n\t\t\t\t\t\t<div class=\"elementor-inner\">\n\t\t\t\t\t\t\t<div class=\"elementor-section-wrap\">\n\t\t\t\t\t\t\t<section class=\"elementor-section elementor-top-section elementor-element elementor-element-66f3319 elementor-section-boxed elementor-section-height-default elementor-section-height-default\" data-id=\"66f3319\" data-element_type=\"section\">\n\t\t\t\t\t\t<div class=\"elementor-container elementor-column-gap-default\">\n\t\t\t\t\t\t\t<div class=\"elementor-row\">\n\t\t\t\t\t<div class=\"elementor-column elementor-col-100 elementor-top-column elementor-element elementor-element-877adde\" data-id=\"877adde\" data-element_type=\"column\">\n\t\t\t<div class=\"elementor-column-wrap elementor-element-populated\">\n\t\t\t\t\t\t\t<div class=\"elementor-widget-wrap\">\n\t\t\t\t\t\t<div class=\"elementor-element elementor-element-e9a9001 elementor-widget elementor-widget-heading\" data-id=\"e9a9001\" data-element_type=\"widget\" data-widget_type=\"heading.default\">\n\t\t\t\t<div class=\"elementor-widget-container\">\n\t\t\t<h2 class=\"elementor-heading-title elementor-size-default\">Podstawowe informacje<\/h2>\t\t<\/div>\n\t\t\t\t<\/div>\n\t\t\t\t<div class=\"elementor-element elementor-element-e9bda10 elementor-widget elementor-widget-text-editor\" data-id=\"e9bda10\" data-element_type=\"widget\" data-widget_type=\"text-editor.default\">\n\t\t\t\t<div class=\"elementor-widget-container\">\n\t\t\t\t\t\t\t\t<div class=\"elementor-text-editor elementor-clearfix\">\n\t\t\t\t<p>Organizacja pierwszej edycji Og\u00f3lnopolskiej Olimpiady Wiedzy o Finansach \u201eFinansomania&#8221; oparta zosta\u0142a na dotychczasowych zmaganiach m\u0142odzie\u017cy i student\u00f3w w Konkursach Wiedzy o Finansach \u201eFinansomania\u201d oraz \u201eFinansomania Junior\u201d, kt\u00f3re charakteryzowa\u0142y si\u0119 du\u017c\u0105 popularno\u015bci\u0105 w\u015br\u00f3d m\u0142odego pokolenia w woj. wielkopolskim i wojew\u00f3dztwach o\u015bciennych. Wychodz\u0105c naprzeciw oczekiwaniom nauczycieli i m\u0142odzie\u017cy, Uniwersytet Ekonomiczny d\u0105\u017cy do zorganizowania og\u00f3lnopolskiego wydarzenia o stricte tematyce finansowej. Olimpiada uzupe\u0142nia krajow\u0105 ofert\u0119 olimpiad i konkurs\u00f3w skierowanych do uczni\u00f3w szk\u00f3\u0142 ponadpodstawowych.<\/p><div>Celem Og\u00f3lnopolskiej Olimpiady Wiedzy o Finansach \u201eFinansomania\u201d jest poszerzenie wiedzy o wsp\u00f3\u0142czesnych finansach oraz pobudzanie i rozwijanie zainteresowa\u0144 uczni\u00f3w dotycz\u0105cych zagadnie\u0144 finansowych.<\/div><div><br \/>Uczestnikami Olimpiady mog\u0105 by\u0107 uczniowie lice\u00f3w og\u00f3lnokszta\u0142c\u0105cych, technik\u00f3w, bran\u017cowych<br \/>szk\u00f3\u0142 I stopnia i bran\u017cowych szk\u00f3\u0142 II stopnia maj\u0105cych siedzib\u0119 w Polsce. Uczestnictwo w Olimpiadzie jest nieodp\u0142atne.<\/div><div>\u00a0<\/div><p>Zach\u0119camy do zapoznania si\u0119 z informacjami nt. zako\u0144czych edycji<br \/>I edycja &#8211;\u00a0<a href=\"https:\/\/finansomania.edu.pl\/I-edycja\/\" target=\"_blank\" rel=\"noopener noreferrer\">https:\/\/finansomania.edu.pl\/I-edycja\/<\/a><br \/>II edycja &#8211;\u00a0<a style=\"background-color: #ffffff;\" href=\"https:\/\/finansomania.edu.pl\/II-edycja\/\" target=\"_blank\" rel=\"noopener noreferrer\">https:\/\/finansomania.edu.pl\/II-edycja\/<\/a><\/p>\t\t\t\t\t<\/div>\n\t\t\t\t\t\t<\/div>\n\t\t\t\t<\/div>\n\t\t\t\t\t\t<\/div>\n\t\t\t\t\t<\/div>\n\t\t<\/div>\n\t\t\t\t\t\t\t\t<\/div>\n\t\t\t\t\t<\/div>\n\t\t<\/section>\n\t\t\t\t\t\t<\/div>\n\t\t\t\t\t\t<\/div>\n\t\t\t\t\t<\/div>\n\t\t","protected":false},"excerpt":{"rendered":"<p>Podstawowe informacje Organizacja pierwszej edycji Og\u00f3lnopolskiej Olimpiady Wiedzy o Finansach \u201eFinansomania&#8221; oparta zosta\u0142a na dotychczasowych zmaganiach m\u0142odzie\u017cy i student\u00f3w w Konkursach Wiedzy o Finansach \u201eFinansomania\u201d oraz \u201eFinansomania Junior\u201d, kt\u00f3re charakteryzowa\u0142y si\u0119 du\u017c\u0105 popularno\u015bci\u0105 w\u015br\u00f3d m\u0142odego pokolenia w woj. wielkopolskim i wojew\u00f3dztwach o\u015bciennych. Wychodz\u0105c naprzeciw oczekiwaniom nauczycieli i m\u0142odzie\u017cy, Uniwersytet Ekonomiczny d\u0105\u017cy do zorganizowania og\u00f3lnopolskiego wydarzenia &#8230; <a title=\"Podstawowe informacje\" class=\"read-more\" href=\"https:\/\/finansomania.edu.pl\/III-edycja\/podstawowe-informacje\/\" aria-label=\"More on Podstawowe informacje\">Czytaj dalej<\/a><\/p>\n","protected":false},"author":1,"featured_media":0,"parent":0,"menu_order":0,"comment_status":"closed","ping_status":"closed","template":"","meta":{"footnotes":""},"_links":{"self":[{"href":"https:\/\/finansomania.edu.pl\/III-edycja\/wp-json\/wp\/v2\/pages\/28"}],"collection":[{"href":"https:\/\/finansomania.edu.pl\/III-edycja\/wp-json\/wp\/v2\/pages"}],"about":[{"href":"https:\/\/finansomania.edu.pl\/III-edycja\/wp-json\/wp\/v2\/types\/page"}],"author":[{"embeddable":true,"href":"https:\/\/finansomania.edu.pl\/III-edycja\/wp-json\/wp\/v2\/users\/1"}],"replies":[{"embeddable":true,"href":"https:\/\/finansomania.edu.pl\/III-edycja\/wp-json\/wp\/v2\/comments?post=28"}],"version-history":[{"count":12,"href":"https:\/\/finansomania.edu.pl\/III-edycja\/wp-json\/wp\/v2\/pages\/28\/revisions"}],"predecessor-version":[{"id":1874,"href":"https:\/\/finansomania.edu.pl\/III-edycja\/wp-json\/wp\/v2\/pages\/28\/revisions\/1874"}],"wp:attachment":[{"href":"https:\/\/finansomania.edu.pl\/III-edycja\/wp-json\/wp\/v2\/media?parent=28"}],"curies":[{"name":"wp","href":"https:\/\/api.w.org\/{rel}","templated":true}]}}